{"id":9985,"date":"2023-03-09T15:24:41","date_gmt":"2023-03-09T15:24:41","guid":{"rendered":"https:\/\/harristweed-shop.be\/product\/france-1906-rugby-shirt-2\/"},"modified":"2026-04-09T07:11:30","modified_gmt":"2026-04-09T07:11:30","slug":"france-1906-rugby-shirt-2","status":"publish","type":"product","link":"https:\/\/harristweed-shop.be\/nl\/product\/france-1906-rugby-shirt-2\/","title":{"rendered":"France 1906 Rugby Shirt"},"content":{"rendered":"<p>Heavy duty 100% slub cotton<\/p>\n<p>380gsm<\/p>\n<p>Embroidered Gallic rooster on a red badge with the date of their first International match<\/p>\n<p>Embroidered 1871 detailing on the back of the neck<\/p>\n<p>Reinforced hems<\/p>\n<p>Two rubber button placket<\/p>\n<p>Machine washable<\/p>\n<p>Made in Portugal<\/p>\n<p>Rugby football was introduced into France by the British in the early 1870s.<\/p>\n<p>It was in 1872 that a group of British residents formed the Le Havre Athletique, which played a hybrid form of football, a cross between rugby and soccer, called \u201ccombination\u201d.<\/p>\n<p>The English Taylors RFC formed by British businessmen in Paris in 1877, followed by Paris Football Club a year later. Racing Club de France was formed in 1882 and their rivals Stade Fran\u00e7ais in 1883.<\/p>\n<p>On 20 March 1892 the Union des Soci\u00e9t\u00e9s Fran\u00e7aises de Sports Athl\u00e9tiques organised the first ever French rugby union championship, a one-off game between Racing and Stade Fran\u00e7ais. The USFSA remained the main controlling body of French rugby, until the formation of the French Rugby Federation in 1920.<\/p>\n<p>In 1900, rugby was played at the Paris Summer Olympics, France entered a team, along with Germany and Great Britain. France won the gold medal, the first ever rugby event at the Olympics.<\/p>\n<p>In 1906, for the first time, England and France played each other. Although not officially part of the tournament until 1910, a match was arranged with the French national team which was played during the Home Nations Championship against England.<\/p>\n<p>In 1910, France coined the term The Five Nations, though they had competed in the home nations tournament four times previously, the tournament would be known as the Five Nations for most of the rest of the 20th century.<\/p>\n<p>Rugby was again played at the 1920 Summer Olympics, though this time, in what is considered one of the most surprising results in rugby history, France fumbled in the gold medal match, being defeated at the hands of the United States, eight points to nil.<\/p>\n","protected":false},"excerpt":{"rendered":"<p>The France 1906 vintage rugby shirt is made with a retro heavyweight slub cotton which gives the shirt a hard wearing yet soft and comfortable finish. This heritage \u2018old school\u2019 shirt combines vintage colour dyes with a distressed wash to produce a nicely worn-in look and feel. The France 1906 rugby shirt is completed with the embroidered Gallic rooster on a red badge logo and the date of the first international match.<\/p>\n","protected":false},"featured_media":9993,"template":"","meta":[],"product_brand":[],"product_cat":[395,965,556,394,955,569,555],"product_tag":[],"class_list":{"0":"post-9985","1":"product","2":"type-product","3":"status-publish","4":"has-post-thumbnail","6":"product_cat-black-and-blue-1871","7":"product_cat-france-shop-by-country-club","8":"product_cat-international-vintage-rugby-shirts","9":"product_cat-rugby-shirts-2","10":"product_cat-shop-by-country-club","11":"product_cat-six-nations-vintage-rugby-shirts","12":"product_cat-vintage-rugby-shirts","13":"pa_merk-blackandblue1871","15":"first","16":"instock","17":"taxable","18":"shipping-taxable","19":"purchasable","20":"product-type-variable"},"df_price":135.95,"df_sale_price":"","df_regular_price":135.95,"df_image_link":"https:\/\/harristweed-shop.be\/wp-content\/uploads\/2023\/03\/6fb27f330330e2105035456f658ff484_France_1906_Rugby_Shirt_4-300x300.jpg","_links":{"self":[{"href":"https:\/\/harristweed-shop.be\/nl\/wp-json\/wp\/v2\/product\/9985","targetHints":{"allow":["GET"]}}],"collection":[{"href":"https:\/\/harristweed-shop.be\/nl\/wp-json\/wp\/v2\/product"}],"about":[{"href":"https:\/\/harristweed-shop.be\/nl\/wp-json\/wp\/v2\/types\/product"}],"wp:featuredmedia":[{"embeddable":true,"href":"https:\/\/harristweed-shop.be\/nl\/wp-json\/wp\/v2\/media\/9993"}],"wp:attachment":[{"href":"https:\/\/harristweed-shop.be\/nl\/wp-json\/wp\/v2\/media?parent=9985"}],"wp:term":[{"taxonomy":"product_brand","embeddable":true,"href":"https:\/\/harristweed-shop.be\/nl\/wp-json\/wp\/v2\/product_brand?post=9985"},{"taxonomy":"product_cat","embeddable":true,"href":"https:\/\/harristweed-shop.be\/nl\/wp-json\/wp\/v2\/product_cat?post=9985"},{"taxonomy":"product_tag","embeddable":true,"href":"https:\/\/harristweed-shop.be\/nl\/wp-json\/wp\/v2\/product_tag?post=9985"}],"curies":[{"name":"wp","href":"https:\/\/api.w.org\/{rel}","templated":true}]}}