{"id":544544,"date":"2026-02-27T16:34:43","date_gmt":"2026-02-27T16:34:43","guid":{"rendered":"https:\/\/harristweed-shop.be\/product\/australia-1905-rugby-shirt\/"},"modified":"2026-04-07T06:25:29","modified_gmt":"2026-04-07T06:25:29","slug":"australia-1905-rugby-shirt","status":"publish","type":"product","link":"https:\/\/harristweed-shop.be\/nl\/product\/australia-1905-rugby-shirt\/","title":{"rendered":"Australia 1905 Rugby Shirt"},"content":{"rendered":"<p>De historische Australische rugbytour van 1905<\/p>\n<p>Het Australische rugbyshirt uit 1905 is ge\u00efnspireerd op een van de meest memorabele momenten in de rugbygeschiedenis. In 1905 maakte het Australische rugbyteam zijn allereerste tournee overzee. Het team stak de Tasmanzee over om het op te nemen tegen Nieuw-Zeeland. Het programma omvatte zeven wedstrijden, waaronder \u00e9\u00e9n offici\u00eble testwedstrijd.<\/p>\n<p>Deze baanbrekende tournee bracht spelers uit zowel New South Wales als Queensland samen. Veertien spelers kwamen uit NSW en negen uit Queensland, met E. Mandible uit NSW als extra gast. Het team was daardoor een ware mix van Australisch rugbytalent. De aanvoerder was de legendarische Stan Wickham, een speler die leiderschap en vastberadenheid belichaamde.<\/p>\n<\/p>\n<p>Een uniek shirt voor een verenigd team<\/p>\n<p>Het ontwerp van het shirt uit 1905 weerspiegelde de eenheid van de twee staten. Het shirt combineerde het lichtblauw van New South Wales met het bordeauxrood van Queensland. Dit ontwerp cre\u00eberde een kenmerkend, onregelmatig streepmotief. Het shirt werd daarmee een symbool van het Australische rugbyerfgoed en de trots van de staat.<\/p>\n<p>Naast de opvallende kleuren vertegenwoordigde het shirt meer dan alleen sportkleding. Het werd een stukje geschiedenis en markeerde het begin van Australi\u00eb&#8217;s internationale rugbyavontuur.<\/p>\n<\/p>\n<p>Ellis Rugby Australia 1905 Rugbyshirt Design<\/p>\n<p>Het Ellis Rugby Australia 1905 rugbyshirt is een getrouwe reproductie van dit erfgoed. Het shirt heeft het onregelmatige lichtblauwe en bordeauxrode streepdesign. Daarnaast is het voorzien van een doorlopende knoopsluiting met merkknopen voor een klassieke vintage look.<\/p>\n<p>Op de borst is het shirt afgewerkt met een gedetailleerd Wallaby-borduurwerk. Bovendien is de kraagrand verfraaid met gouden stiksels, met daaronder de tekst &#8216;AUSTRALIA&#8217; en &#8216;1905&#8217;. Elk detail weerspiegelt vakmanschap en authenticiteit.<\/p>\n<\/p>\n<p>Een eerbetoon aan het rugbyverleden<\/p>\n<p>Het Ellis Rugby Australia 1905 rugbyshirt is niet alleen een kledingstuk, maar ook een eerbetoon aan de rugbygeschiedenis. Het verbindt moderne fans met de moed en de geestdrift van het eerste Australische rugbyteam dat op tournee ging. Het is daarom perfect voor verzamelaars, liefhebbers en iedereen die een tijdloze sportstijl waardeert.<\/p>\n","protected":false},"excerpt":{"rendered":"<p>Australia 1905 Rugby Shirt.<\/p>\n<p>Het Australische rugbyshirt uit 1905 is ge\u00efnspireerd op een van de meest memorabele momenten in de rugbygeschiedenis. In 1905 maakte het Australische rugbyteam zijn allereerste tournee overzee.<\/p>\n","protected":false},"featured_media":544552,"template":"","meta":[],"product_brand":[],"product_cat":[964,397,394,955],"product_tag":[],"class_list":{"0":"post-544544","1":"product","2":"type-product","3":"status-publish","4":"has-post-thumbnail","6":"product_cat-australia-wallabies-shop-by-country-club","7":"product_cat-international","8":"product_cat-rugby-shirts-2","9":"product_cat-shop-by-country-club","10":"pa_merk-ellis-rugby","12":"first","13":"instock","14":"taxable","15":"shipping-taxable","16":"purchasable","17":"product-type-variable"},"df_price":89.95,"df_sale_price":"","df_regular_price":89.95,"df_image_link":"https:\/\/harristweed-shop.be\/wp-content\/uploads\/2026\/02\/0bc90f61bd9beac6d6ffc544915fee11_Australia_1905_Rugby_Shirt-300x300.jpeg","_links":{"self":[{"href":"https:\/\/harristweed-shop.be\/nl\/wp-json\/wp\/v2\/product\/544544","targetHints":{"allow":["GET"]}}],"collection":[{"href":"https:\/\/harristweed-shop.be\/nl\/wp-json\/wp\/v2\/product"}],"about":[{"href":"https:\/\/harristweed-shop.be\/nl\/wp-json\/wp\/v2\/types\/product"}],"wp:featuredmedia":[{"embeddable":true,"href":"https:\/\/harristweed-shop.be\/nl\/wp-json\/wp\/v2\/media\/544552"}],"wp:attachment":[{"href":"https:\/\/harristweed-shop.be\/nl\/wp-json\/wp\/v2\/media?parent=544544"}],"wp:term":[{"taxonomy":"product_brand","embeddable":true,"href":"https:\/\/harristweed-shop.be\/nl\/wp-json\/wp\/v2\/product_brand?post=544544"},{"taxonomy":"product_cat","embeddable":true,"href":"https:\/\/harristweed-shop.be\/nl\/wp-json\/wp\/v2\/product_cat?post=544544"},{"taxonomy":"product_tag","embeddable":true,"href":"https:\/\/harristweed-shop.be\/nl\/wp-json\/wp\/v2\/product_tag?post=544544"}],"curies":[{"name":"wp","href":"https:\/\/api.w.org\/{rel}","templated":true}]}}