{"id":540493,"date":"2025-09-26T15:53:12","date_gmt":"2025-09-26T15:53:12","guid":{"rendered":"https:\/\/harristweed-shop.be\/product\/terra-wollen-sokken-carlo-lanza\/"},"modified":"2026-04-21T16:42:16","modified_gmt":"2026-04-21T16:42:16","slug":"terra-wollen-sokken-carlo-lanza","status":"publish","type":"product","link":"https:\/\/harristweed-shop.be\/nl\/product\/terra-wollen-sokken-carlo-lanza\/","title":{"rendered":"Heren Wollen Sokken Terra Kaki"},"content":{"rendered":"<p><strong>Carlo Lanza \u2013 Terra (Merino wol)<\/strong><br \/>&nbsp;<br \/><strong>Aardetinten met diepgang. Wol met karakter.<\/strong><br \/>&nbsp;<br \/>De&nbsp;<strong>Terra<\/strong>-bundel bestaat uit warme, natuurlijke tinten: bruin, roest, zandsteen, terracotta. Kleuren die doen denken aan aarde, steen en klei \u2014 robuust en stijlvol, zonder hardheid. In deze Merinowollen variant krijgen ze extra diepte en zachtheid.<br \/>&nbsp;<br \/><strong>Merinowol<\/strong>&nbsp;staat bekend om zijn uitzonderlijke draagcomfort: warm wanneer nodig, ademend wanneer gewenst, en altijd zacht op de huid. Het kriebelt niet en maakt deze sokken bijzonder geschikt voor koelere maanden \u2014 en verrassend aangenaam in de overgang naar het voorjaar.<br \/>&nbsp;<br \/>Zoals alle sokken van Carlo Lanza worden ook deze gebreid op&nbsp;<strong>ronde breimachines<\/strong>, met de hand&nbsp;<strong>geketteld<\/strong>, vervolgens gewassen in bundels van twaalf en zorgvuldig gestreken. Elke sok wordt \u00e9\u00e9n voor \u00e9\u00e9n gecontroleerd voor hij Itali\u00eb verlaat.<\/p>\n<p>Merk: Carlo Lanza<br \/>Samenstelling: 70% Merino wol, 27% Katoen, 3% Elastan|<br \/>Oorsprong: Made in Italy<\/p>\n","protected":false},"excerpt":{"rendered":"<p>Heren Wollen Sokken Terra Kaki.<\/p>\n<p>De\u00a0Terra-bundel bestaat uit warme, natuurlijke tinten: bruin, roest, zandsteen, terracotta. Kleuren die doen denken aan aarde, steen en klei \u2014 robuust en stijlvol, zonder hardheid. In deze Merinowollen variant krijgen ze extra diepte en zachtheid.<\/p>\n","protected":false},"featured_media":546149,"template":"","meta":[],"product_brand":[],"product_cat":[925,134],"product_tag":[],"class_list":{"0":"post-540493","1":"product","2":"type-product","3":"status-publish","4":"has-post-thumbnail","6":"product_cat-socken","7":"product_cat-sokken","8":"pa_merk-carlolanza","10":"first","11":"instock","12":"taxable","13":"shipping-taxable","14":"purchasable","15":"product-type-variable"},"df_price":17.95,"df_sale_price":"","df_regular_price":17.95,"df_image_link":"https:\/\/harristweed-shop.be\/wp-content\/uploads\/2025\/09\/18cf66d685783f11f204815bbc1f0b2f_Heren_Wollen_Sokken_Terra_Kaki-300x300.jpeg","_links":{"self":[{"href":"https:\/\/harristweed-shop.be\/nl\/wp-json\/wp\/v2\/product\/540493","targetHints":{"allow":["GET"]}}],"collection":[{"href":"https:\/\/harristweed-shop.be\/nl\/wp-json\/wp\/v2\/product"}],"about":[{"href":"https:\/\/harristweed-shop.be\/nl\/wp-json\/wp\/v2\/types\/product"}],"wp:featuredmedia":[{"embeddable":true,"href":"https:\/\/harristweed-shop.be\/nl\/wp-json\/wp\/v2\/media\/546149"}],"wp:attachment":[{"href":"https:\/\/harristweed-shop.be\/nl\/wp-json\/wp\/v2\/media?parent=540493"}],"wp:term":[{"taxonomy":"product_brand","embeddable":true,"href":"https:\/\/harristweed-shop.be\/nl\/wp-json\/wp\/v2\/product_brand?post=540493"},{"taxonomy":"product_cat","embeddable":true,"href":"https:\/\/harristweed-shop.be\/nl\/wp-json\/wp\/v2\/product_cat?post=540493"},{"taxonomy":"product_tag","embeddable":true,"href":"https:\/\/harristweed-shop.be\/nl\/wp-json\/wp\/v2\/product_tag?post=540493"}],"curies":[{"name":"wp","href":"https:\/\/api.w.org\/{rel}","templated":true}]}}