{"id":9985,"date":"2023-03-09T15:24:41","date_gmt":"2023-03-09T15:24:41","guid":{"rendered":"https:\/\/harristweed-shop.be\/product\/france-1906-rugby-shirt-2\/"},"modified":"2026-05-05T06:15:58","modified_gmt":"2026-05-05T06:15:58","slug":"france-1906-rugby-shirt-2","status":"publish","type":"product","link":"https:\/\/harristweed-shop.be\/fr\/produit\/maillot-de-rugby-france-1906-2\/","title":{"rendered":"Maillot de rugby France 1906"},"content":{"rendered":"<p>Coton flamm\u00e9 100% tr\u00e8s r\u00e9sistant<\/p>\n<p>380 g\/m\u00b2<\/p>\n<p>Coq gaulois brod\u00e9 sur un badge rouge avec la date de leur premier match international<\/p>\n<p>D\u00e9tail brod\u00e9 1871 \u00e0 l&#039;arri\u00e8re du cou<\/p>\n<p>Ourlets renforc\u00e9s<\/p>\n<p>Plaque \u00e0 deux boutons en caoutchouc<\/p>\n<p>Lavable en machine<\/p>\n<p>Fabriqu\u00e9 au Portugal<\/p>\n<p>Le rugby a \u00e9t\u00e9 introduit en France par les Britanniques au d\u00e9but des ann\u00e9es 1870.<\/p>\n<p>C&#039;est en 1872 qu&#039;un groupe de r\u00e9sidents britanniques forme le Le Havre Athl\u00e9tique, qui pratique une forme hybride de football, un croisement entre le rugby et le football, appel\u00e9 \u00ab combinaison \u00bb.<\/p>\n<p>Le Taylors RFC, club anglais, fut fond\u00e9 par des hommes d&#039;affaires britanniques \u00e0 Paris en 1877, suivi du Paris Football Club un an plus tard. Le Racing Club de France fut fond\u00e9 en 1882 et son rival, le Stade Fran\u00e7ais, en 1883.<\/p>\n<p>Le 20 mars 1892, l&#039;Union des Soci\u00e9t\u00e9s Fran\u00e7aises de Sports Athl\u00e9tiques organisa le tout premier championnat de France de rugby \u00e0 XV, une rencontre unique entre le Racing et le Stade Fran\u00e7ais. L&#039;USFSA resta la principale instance dirigeante du rugby fran\u00e7ais jusqu&#039;\u00e0 la cr\u00e9ation de la F\u00e9d\u00e9ration Fran\u00e7aise de Rugby en 1920.<\/p>\n<p>En 1900, le rugby fut disput\u00e9 aux Jeux olympiques d&#039;\u00e9t\u00e9 de Paris. La France y inscrivit une \u00e9quipe, aux c\u00f4t\u00e9s de l&#039;Allemagne et de la Grande-Bretagne. La France remporta la m\u00e9daille d&#039;or, inaugurant ainsi la premi\u00e8re comp\u00e9tition de rugby aux Jeux olympiques.<\/p>\n<p>En 1906, pour la premi\u00e8re fois, l&#039;Angleterre et la France se sont affront\u00e9es. Bien que l&#039;\u00e9quipe ne participe officiellement au tournoi qu&#039;en 1910, un match fut organis\u00e9 avec l&#039;\u00e9quipe de France, qui fut disput\u00e9 lors du Championnat des nations contre l&#039;Angleterre.<\/p>\n<p>En 1910, la France a invent\u00e9 le terme \u00ab Les Cinq Nations \u00bb. Bien qu&#039;elle ait particip\u00e9 au tournoi des nations d&#039;origine \u00e0 quatre reprises auparavant, le tournoi sera connu sous le nom des Cinq Nations pendant la majeure partie du reste du XXe si\u00e8cle.<\/p>\n<p>Le rugby fut \u00e0 nouveau jou\u00e9 aux Jeux olympiques d&#039;\u00e9t\u00e9 de 1920, mais cette fois, dans ce qui est consid\u00e9r\u00e9 comme l&#039;un des r\u00e9sultats les plus surprenants de l&#039;histoire du rugby, la France perdit son ballon lors du match pour la m\u00e9daille d&#039;or, s&#039;inclinant face aux \u00c9tats-Unis, huit points \u00e0 z\u00e9ro.<\/p>","protected":false},"excerpt":{"rendered":"<p>Le maillot de rugby vintage France 1906 est confectionn\u00e9 dans un coton flamm\u00e9 \u00e9pais et r\u00e9tro, ce qui lui conf\u00e8re une finition r\u00e9sistante, douce et confortable. Ce maillot \u00ab\u00a0old school\u00a0\u00bb associe des teintures vintage \u00e0 un d\u00e9lavage vieilli pour un aspect et un toucher agr\u00e9ablement us\u00e9s. Le maillot de rugby France 1906 est orn\u00e9 du coq gaulois brod\u00e9 sur un logo rouge et de la date du premier match international.<\/p>","protected":false},"featured_media":9993,"template":"","meta":[],"product_brand":[],"product_cat":[395,965,556,394,955,569,555],"product_tag":[],"class_list":{"0":"post-9985","1":"product","2":"type-product","3":"status-publish","4":"has-post-thumbnail","6":"product_cat-black-and-blue-1871","7":"product_cat-france-shop-by-country-club","8":"product_cat-international-vintage-rugby-shirts","9":"product_cat-rugby-shirts-2","10":"product_cat-shop-by-country-club","11":"product_cat-six-nations-vintage-rugby-shirts","12":"product_cat-vintage-rugby-shirts","13":"pa_merk-blackandblue1871","15":"first","16":"instock","17":"taxable","18":"shipping-taxable","19":"purchasable","20":"product-type-variable"},"df_price":135.95,"df_sale_price":"","df_regular_price":135.95,"df_image_link":"https:\/\/harristweed-shop.be\/wp-content\/uploads\/2023\/03\/6fb27f330330e2105035456f658ff484_France_1906_Rugby_Shirt_4-300x300.jpg","_links":{"self":[{"href":"https:\/\/harristweed-shop.be\/fr\/wp-json\/wp\/v2\/product\/9985","targetHints":{"allow":["GET"]}}],"collection":[{"href":"https:\/\/harristweed-shop.be\/fr\/wp-json\/wp\/v2\/product"}],"about":[{"href":"https:\/\/harristweed-shop.be\/fr\/wp-json\/wp\/v2\/types\/product"}],"wp:featuredmedia":[{"embeddable":true,"href":"https:\/\/harristweed-shop.be\/fr\/wp-json\/wp\/v2\/media\/9993"}],"wp:attachment":[{"href":"https:\/\/harristweed-shop.be\/fr\/wp-json\/wp\/v2\/media?parent=9985"}],"wp:term":[{"taxonomy":"product_brand","embeddable":true,"href":"https:\/\/harristweed-shop.be\/fr\/wp-json\/wp\/v2\/product_brand?post=9985"},{"taxonomy":"product_cat","embeddable":true,"href":"https:\/\/harristweed-shop.be\/fr\/wp-json\/wp\/v2\/product_cat?post=9985"},{"taxonomy":"product_tag","embeddable":true,"href":"https:\/\/harristweed-shop.be\/fr\/wp-json\/wp\/v2\/product_tag?post=9985"}],"curies":[{"name":"wp","href":"https:\/\/api.w.org\/{rel}","templated":true}]}}