{"id":9971,"date":"2023-03-09T15:20:48","date_gmt":"2023-03-09T15:20:48","guid":{"rendered":"https:\/\/harristweed-shop.be\/product\/germany-1927-rugby-shirt-white\/"},"modified":"2026-05-05T06:15:59","modified_gmt":"2026-05-05T06:15:59","slug":"germany-1927-rugby-shirt-white","status":"publish","type":"product","link":"https:\/\/harristweed-shop.be\/fr\/produit\/maillot-de-rugby-blanc-allemagne-1927\/","title":{"rendered":"Maillot de rugby blanc Allemagne 1927"},"content":{"rendered":"<p>Coton flamm\u00e9 100% tr\u00e8s r\u00e9sistant<\/p>\n<p>380 g\/m\u00b2<\/p>\n<p>Logo Eagle brod\u00e9 avec la date de leur premier match test international<\/p>\n<p>D\u00e9tail brod\u00e9 1871 \u00e0 l&#039;arri\u00e8re du cou<\/p>\n<p>Ourlets renforc\u00e9s<\/p>\n<p>Plaque \u00e0 deux boutons en caoutchouc<\/p>\n<p>Lavable en machine<\/p>\n<p>Fabriqu\u00e9 au Portugal<\/p>","protected":false},"excerpt":{"rendered":"<p>Le maillot de rugby vintage allemand est fabriqu\u00e9 avec un coton flamm\u00e9 r\u00e9tro \u00e9pais qui donne au maillot une finition r\u00e9sistante mais douce et confortable.<\/p>\n<p>Ce maillot de rugby \u00ab old school \u00bb de l&#039;Allemagne 1927 combine des teintures de couleur vintage avec un lavage vieilli pour produire un aspect et une sensation agr\u00e9ablement us\u00e9s.<\/p>","protected":false},"featured_media":9980,"template":"","meta":[],"product_brand":[],"product_cat":[395,1016,556,397,394,955,555],"product_tag":[],"class_list":{"0":"post-9971","1":"product","2":"type-product","3":"status-publish","4":"has-post-thumbnail","6":"product_cat-black-and-blue-1871","7":"product_cat-germany-shop-by-country-club","8":"product_cat-international-vintage-rugby-shirts","9":"product_cat-international","10":"product_cat-rugby-shirts-2","11":"product_cat-shop-by-country-club","12":"product_cat-vintage-rugby-shirts","13":"pa_merk-blackandblue1871","15":"first","16":"instock","17":"taxable","18":"shipping-taxable","19":"purchasable","20":"product-type-variable"},"df_price":135.95,"df_sale_price":"","df_regular_price":135.95,"df_image_link":"https:\/\/harristweed-shop.be\/wp-content\/uploads\/2023\/03\/972e923d96fae0c4f53f72645a816d46_Germany_1927_Rugby_Shirt_White-300x300.jpg","_links":{"self":[{"href":"https:\/\/harristweed-shop.be\/fr\/wp-json\/wp\/v2\/product\/9971","targetHints":{"allow":["GET"]}}],"collection":[{"href":"https:\/\/harristweed-shop.be\/fr\/wp-json\/wp\/v2\/product"}],"about":[{"href":"https:\/\/harristweed-shop.be\/fr\/wp-json\/wp\/v2\/types\/product"}],"wp:featuredmedia":[{"embeddable":true,"href":"https:\/\/harristweed-shop.be\/fr\/wp-json\/wp\/v2\/media\/9980"}],"wp:attachment":[{"href":"https:\/\/harristweed-shop.be\/fr\/wp-json\/wp\/v2\/media?parent=9971"}],"wp:term":[{"taxonomy":"product_brand","embeddable":true,"href":"https:\/\/harristweed-shop.be\/fr\/wp-json\/wp\/v2\/product_brand?post=9971"},{"taxonomy":"product_cat","embeddable":true,"href":"https:\/\/harristweed-shop.be\/fr\/wp-json\/wp\/v2\/product_cat?post=9971"},{"taxonomy":"product_tag","embeddable":true,"href":"https:\/\/harristweed-shop.be\/fr\/wp-json\/wp\/v2\/product_tag?post=9971"}],"curies":[{"name":"wp","href":"https:\/\/api.w.org\/{rel}","templated":true}]}}