{"id":9904,"date":"2023-03-09T14:21:26","date_gmt":"2023-03-09T14:21:26","guid":{"rendered":"https:\/\/harristweed-shop.be\/product\/oxford-1872-rugby-shirt-2\/"},"modified":"2026-05-05T06:15:59","modified_gmt":"2026-05-05T06:15:59","slug":"oxford-1872-rugby-shirt-2","status":"publish","type":"product","link":"https:\/\/harristweed-shop.be\/fr\/produit\/maillot-de-rugby-oxford-1872-2\/","title":{"rendered":"Maillot de rugby Oxford 1872"},"content":{"rendered":"<p>Coton flamm\u00e9 100% tr\u00e8s r\u00e9sistant<\/p>\n<p>380 g\/m\u00b2<\/p>\n<p>Logo de couronne vintage brod\u00e9 avec la date du premier match universitaire<\/p>\n<p>D\u00e9tail brod\u00e9 1871 \u00e0 l&#039;arri\u00e8re du cou<\/p>\n<p>Ourlets renforc\u00e9s<\/p>\n<p>Plaque \u00e0 deux boutons en caoutchouc<\/p>\n<p>Lavable en machine<\/p>\n<p>Fabriqu\u00e9 au Portugal<\/p>\n<p>L&#039;Universit\u00e9 d&#039;Oxford RFC a \u00e9t\u00e9 fond\u00e9e en 1869, quinze mois avant la cr\u00e9ation de la Rugby Football Union.<\/p>\n<p>Le premier Varsity Match a eu lieu en f\u00e9vrier 1872 \u00e0 Oxford dans les \u00ab\u00a0Parks\u00a0\u00bb.<\/p>\n<p>Le deuxi\u00e8me, en 1873, s&#039;est d\u00e9roul\u00e9 au Parker&#039;s Piece de Cambridge. En 1874, il a \u00e9t\u00e9 d\u00e9cid\u00e9 que le match se jouerait sur terrain neutre et, depuis lors, il a toujours eu lieu \u00e0 Londres. L&#039;Oval de Kennington a accueilli sept matchs, trois matchs au Richardson&#039;s Field de Blackheath et un autre stade de Blackheath, le Rectory Field, en a accueilli quatre avant que le Queen&#039;s Club de Kensington ne devienne le lieu habituel de la comp\u00e9tition de 1887 \u00e0 1920. Les matchs de 1878 et 1879 ont \u00e9t\u00e9 report\u00e9s en raison du brouillard. En 1921, le match a \u00e9t\u00e9 d\u00e9plac\u00e9 \u00e0 Twickenham, le c\u00e9l\u00e8bre stade de la Rugby Football Union.<\/p>\n<p>Oxford, comme sa rivale Cambridge, a fourni des centaines de joueurs aux \u00e9quipes nationales et a jou\u00e9 un r\u00f4le cl\u00e9 dans la diffusion du rugby en Grande-Bretagne, les anciens \u00e9tudiants ayant ramen\u00e9 le sport dans leurs comt\u00e9s d&#039;origine. Le tout premier joueur international \u00e0 \u00eatre s\u00e9lectionn\u00e9 \u00e0 Oxford fut Cecil Boyle, qui repr\u00e9senta l&#039;Angleterre en 1873.<\/p>\n<p>Le record du plus grand nombre d&#039;apparitions dans un match universitaire pour Oxford est d\u00e9tenu par Lewis Anderson, qui a jou\u00e9 six matchs entre 2010 et 2015, tous remport\u00e9s par Oxford.<\/p>\n<p>Plus de 300 joueurs de l&#039;OURFC ont remport\u00e9 des honneurs internationaux.<\/p>\n<p>En mai 2015, le Oxford University Women&#039;s Rugby Football Club \u2013 OUWRFC \u2013 est officiellement devenu membre de l&#039;OURFC.<\/p>","protected":false},"excerpt":{"rendered":"<p>Le maillot de rugby vintage Oxford 1872 est fabriqu\u00e9 avec un coton flamm\u00e9 \u00e9pais qui donne au maillot une finition r\u00e9sistante mais douce et confortable.<\/p>\n<p>Cette chemise \u00ab old school \u00bb h\u00e9ritage combine des teintures de couleurs vintage avec un d\u00e9lavage vieilli pour produire un aspect et une sensation joliment us\u00e9s.<\/p>","protected":false},"featured_media":9912,"template":"","meta":[],"product_brand":[],"product_cat":[395,963,394,955,1012,578,555],"product_tag":[],"class_list":{"0":"post-9904","1":"product","2":"type-product","3":"status-publish","4":"has-post-thumbnail","6":"product_cat-black-and-blue-1871","7":"product_cat-oxford-shop-by-country-club","8":"product_cat-rugby-shirts-2","9":"product_cat-shop-by-country-club","10":"product_cat-varsity-shop-by-country-club","11":"product_cat-varsity","12":"product_cat-vintage-rugby-shirts","13":"pa_merk-blackandblue1871","15":"first","16":"instock","17":"taxable","18":"shipping-taxable","19":"purchasable","20":"product-type-variable"},"df_price":135.95,"df_sale_price":"","df_regular_price":135.95,"df_image_link":"https:\/\/harristweed-shop.be\/wp-content\/uploads\/2023\/03\/8f48da9ba8120f66685514e0ae1cb8bd_Oxford_1872_Rugby_Shirt-300x300.jpg","_links":{"self":[{"href":"https:\/\/harristweed-shop.be\/fr\/wp-json\/wp\/v2\/product\/9904","targetHints":{"allow":["GET"]}}],"collection":[{"href":"https:\/\/harristweed-shop.be\/fr\/wp-json\/wp\/v2\/product"}],"about":[{"href":"https:\/\/harristweed-shop.be\/fr\/wp-json\/wp\/v2\/types\/product"}],"wp:featuredmedia":[{"embeddable":true,"href":"https:\/\/harristweed-shop.be\/fr\/wp-json\/wp\/v2\/media\/9912"}],"wp:attachment":[{"href":"https:\/\/harristweed-shop.be\/fr\/wp-json\/wp\/v2\/media?parent=9904"}],"wp:term":[{"taxonomy":"product_brand","embeddable":true,"href":"https:\/\/harristweed-shop.be\/fr\/wp-json\/wp\/v2\/product_brand?post=9904"},{"taxonomy":"product_cat","embeddable":true,"href":"https:\/\/harristweed-shop.be\/fr\/wp-json\/wp\/v2\/product_cat?post=9904"},{"taxonomy":"product_tag","embeddable":true,"href":"https:\/\/harristweed-shop.be\/fr\/wp-json\/wp\/v2\/product_tag?post=9904"}],"curies":[{"name":"wp","href":"https:\/\/api.w.org\/{rel}","templated":true}]}}