{"id":9854,"date":"2023-03-09T14:15:30","date_gmt":"2023-03-09T14:15:30","guid":{"rendered":"https:\/\/harristweed-shop.be\/product\/germany-1927-rugby-shirt-green\/"},"modified":"2026-05-07T17:33:52","modified_gmt":"2026-05-07T17:33:52","slug":"germany-1927-rugby-shirt-green","status":"publish","type":"product","link":"https:\/\/harristweed-shop.be\/fr\/produit\/maillot-de-rugby-vert-allemagne-1927\/","title":{"rendered":"Maillot de rugby vert Allemagne 1927"},"content":{"rendered":"<p>Coton flamm\u00e9 100% tr\u00e8s r\u00e9sistant<\/p>\n<p>380 g\/m\u00b2<\/p>\n<p>Logo Eagle brod\u00e9 avec la date de leur premier match test international<\/p>\n<p>D\u00e9tail brod\u00e9 1871 \u00e0 l&#039;arri\u00e8re du cou<\/p>\n<p>Ourlets renforc\u00e9s<\/p>\n<p>Plaque \u00e0 deux boutons en caoutchouc<\/p>\n<p>Lavable en machine<\/p>\n<p>Fabriqu\u00e9 au Portugal<\/p>","protected":false},"excerpt":{"rendered":"<p>Le maillot de rugby vintage allemand est fabriqu\u00e9 avec un coton flamm\u00e9 r\u00e9tro \u00e9pais qui donne au maillot une finition r\u00e9sistante mais douce et confortable.<\/p>\n<p>Ce maillot de rugby \u00ab old school \u00bb de l&#039;Allemagne 1927 combine des teintures de couleur vintage avec un lavage vieilli pour produire un aspect et une sensation agr\u00e9ablement us\u00e9s.<\/p>","protected":false},"featured_media":9861,"template":"","meta":[],"product_brand":[],"product_cat":[395,1016,556,394,955,555],"product_tag":[],"class_list":{"0":"post-9854","1":"product","2":"type-product","3":"status-publish","4":"has-post-thumbnail","6":"product_cat-black-and-blue-1871","7":"product_cat-germany-shop-by-country-club","8":"product_cat-international-vintage-rugby-shirts","9":"product_cat-rugby-shirts-2","10":"product_cat-shop-by-country-club","11":"product_cat-vintage-rugby-shirts","12":"pa_merk-blackandblue1871","14":"first","15":"instock","16":"taxable","17":"shipping-taxable","18":"purchasable","19":"product-type-variable"},"df_price":135.95,"df_sale_price":"","df_regular_price":135.95,"df_image_link":"https:\/\/harristweed-shop.be\/wp-content\/uploads\/2023\/03\/9cf4d828ef57f0b62f999b36c57c09cb_Germany_1927_Rugby_Shirt_Green-300x300.jpg","_links":{"self":[{"href":"https:\/\/harristweed-shop.be\/fr\/wp-json\/wp\/v2\/product\/9854","targetHints":{"allow":["GET"]}}],"collection":[{"href":"https:\/\/harristweed-shop.be\/fr\/wp-json\/wp\/v2\/product"}],"about":[{"href":"https:\/\/harristweed-shop.be\/fr\/wp-json\/wp\/v2\/types\/product"}],"wp:featuredmedia":[{"embeddable":true,"href":"https:\/\/harristweed-shop.be\/fr\/wp-json\/wp\/v2\/media\/9861"}],"wp:attachment":[{"href":"https:\/\/harristweed-shop.be\/fr\/wp-json\/wp\/v2\/media?parent=9854"}],"wp:term":[{"taxonomy":"product_brand","embeddable":true,"href":"https:\/\/harristweed-shop.be\/fr\/wp-json\/wp\/v2\/product_brand?post=9854"},{"taxonomy":"product_cat","embeddable":true,"href":"https:\/\/harristweed-shop.be\/fr\/wp-json\/wp\/v2\/product_cat?post=9854"},{"taxonomy":"product_tag","embeddable":true,"href":"https:\/\/harristweed-shop.be\/fr\/wp-json\/wp\/v2\/product_tag?post=9854"}],"curies":[{"name":"wp","href":"https:\/\/api.w.org\/{rel}","templated":true}]}}