{"id":9739,"date":"2023-03-09T11:02:59","date_gmt":"2023-03-09T11:02:59","guid":{"rendered":"https:\/\/harristweed-shop.be\/product\/british-and-irish-lions-1888-rugby-shirt-2\/"},"modified":"2026-05-12T15:35:37","modified_gmt":"2026-05-12T15:35:37","slug":"british-and-irish-lions-1888-rugby-shirt-2","status":"publish","type":"product","link":"https:\/\/harristweed-shop.be\/fr\/produit\/maillot-de-rugby-des-lions-britanniques-et-irlandais-1888-2\/","title":{"rendered":"Maillot de rugby des Lions britanniques et irlandais de 1888"},"content":{"rendered":"<p>Coton flamm\u00e9 100% tr\u00e8s r\u00e9sistant<\/p>\n<p>380 g\/m\u00b2<\/p>\n<p>Logo des Lions britanniques et irlandais brod\u00e9 avec la date de leur premier match test international<\/p>\n<p>D\u00e9tail brod\u00e9 1871 \u00e0 l&#039;arri\u00e8re du cou<\/p>\n<p>Ourlets renforc\u00e9s<\/p>\n<p>Plaque \u00e0 deux boutons en caoutchouc<\/p>\n<p>Lavable en machine<\/p>\n<p>Fabriqu\u00e9 au Portugal<\/p>\n<p>Les British &amp; Irish Lions sont une \u00e9quipe de rugby \u00e0 XV compos\u00e9e de joueurs \u00e9ligibles pour les \u00e9quipes nationales d&#039;Angleterre, d&#039;Irlande, d&#039;\u00c9cosse et du Pays de Galles. Les Lions sont une \u00e9quipe test et s\u00e9lectionnent g\u00e9n\u00e9ralement des joueurs ayant d\u00e9j\u00e0 jou\u00e9 pour leur \u00e9quipe nationale, mais peuvent \u00e9galement choisir des joueurs non s\u00e9lectionn\u00e9s \u00e9ligibles pour l&#039;une des quatre f\u00e9d\u00e9rations. L&#039;\u00e9quipe effectue actuellement des tourn\u00e9es tous les quatre ans, alternant entre l&#039;Australie, la Nouvelle-Z\u00e9lande et l&#039;Afrique du Sud.<\/p>\n<p>Le tout premier British Lions Tour a \u00e9t\u00e9 organis\u00e9 par d&#039;anciens joueurs de cricket anglais, Alfred Shaw (qui a lanc\u00e9 la toute premi\u00e8re balle en test-match de cricket), Arthur Shrewsbury et James Lillywhite.<\/p>\n<p>La tourn\u00e9e eut lieu en 1888, lorsque le capitaine Robert Seddon mena une \u00e9quipe de 22 joueurs en tourn\u00e9e en Australie et en Nouvelle-Z\u00e9lande. L&#039;\u00e9quipe \u00e9tait compos\u00e9e principalement de joueurs anglais, mais aussi d&#039;\u00c9cosse et du Pays de Galles.<\/p>\n<p>\u00c0 partir de 1888, des \u00e9quipes de rugby britanniques combin\u00e9es effectu\u00e8rent des tourn\u00e9es dans l&#039;h\u00e9misph\u00e8re sud. La premi\u00e8re tourn\u00e9e \u00e9tait une initiative commerciale, entreprise sans soutien officiel. Les six visites suivantes b\u00e9n\u00e9fici\u00e8rent d&#039;un soutien croissant des autorit\u00e9s, avant la tourn\u00e9e de 1910 en Afrique du Sud, premi\u00e8re tourn\u00e9e repr\u00e9sentative des quatre f\u00e9d\u00e9rations nationales. En 1949, ces derni\u00e8res cr\u00e9\u00e8rent officiellement un comit\u00e9 des tourn\u00e9es et, pour la premi\u00e8re fois, chaque joueur de l&#039;\u00e9quipe des Lions de 1950 avait jou\u00e9 \u00e0 l&#039;international avant cette tourn\u00e9e. Les tourn\u00e9es des ann\u00e9es 1950 enregistr\u00e8rent de nombreux succ\u00e8s en province, mais les s\u00e9ries de tests furent g\u00e9n\u00e9ralement perdues ou se sold\u00e8rent par des matchs nuls. Les victoires de 1971 (Nouvelle-Z\u00e9lande) et de 1974 (Afrique du Sud) interrompirent ce sch\u00e9ma. La derni\u00e8re tourn\u00e9e amateur eut lieu en 1993. Les Lions disput\u00e8rent \u00e9galement occasionnellement des matchs dans l&#039;h\u00e9misph\u00e8re nord, soit lors de matchs d&#039;exhibition ponctuels, soit avant une tourn\u00e9e dans l&#039;h\u00e9misph\u00e8re sud.<\/p>","protected":false},"excerpt":{"rendered":"<p>Le maillot de rugby vintage des Lions britanniques et irlandais de 1888 est confectionn\u00e9 dans un coton flamm\u00e9 \u00e9pais qui lui conf\u00e8re une finition r\u00e9sistante, douce et confortable. Ce maillot \u00ab\u00a0old school\u00a0\u00bb associe des teintures vintage \u00e0 un d\u00e9lavage vieilli pour un aspect et un toucher agr\u00e9ablement us\u00e9s. Le logo des Lions britanniques et irlandais de 1888 est brod\u00e9 et la date du premier match international est indiqu\u00e9e.<\/p>","protected":false},"featured_media":9747,"template":"","meta":[],"product_brand":[],"product_cat":[395,968,394,955],"product_tag":[],"class_list":{"0":"post-9739","1":"product","2":"type-product","3":"status-publish","4":"has-post-thumbnail","6":"product_cat-black-and-blue-1871","7":"product_cat-british-irish-lions-shop-by-country-club","8":"product_cat-rugby-shirts-2","9":"product_cat-shop-by-country-club","10":"pa_merk-blackandblue1871","12":"first","13":"instock","14":"taxable","15":"shipping-taxable","16":"purchasable","17":"product-type-variable"},"df_price":135.95,"df_sale_price":"","df_regular_price":135.95,"df_image_link":"https:\/\/harristweed-shop.be\/wp-content\/uploads\/2023\/03\/3edad1525054558101b990835a48c91a_British_And_Irish_Lions_1888_Rugby_Shirt_4-300x300.jpg","_links":{"self":[{"href":"https:\/\/harristweed-shop.be\/fr\/wp-json\/wp\/v2\/product\/9739","targetHints":{"allow":["GET"]}}],"collection":[{"href":"https:\/\/harristweed-shop.be\/fr\/wp-json\/wp\/v2\/product"}],"about":[{"href":"https:\/\/harristweed-shop.be\/fr\/wp-json\/wp\/v2\/types\/product"}],"wp:featuredmedia":[{"embeddable":true,"href":"https:\/\/harristweed-shop.be\/fr\/wp-json\/wp\/v2\/media\/9747"}],"wp:attachment":[{"href":"https:\/\/harristweed-shop.be\/fr\/wp-json\/wp\/v2\/media?parent=9739"}],"wp:term":[{"taxonomy":"product_brand","embeddable":true,"href":"https:\/\/harristweed-shop.be\/fr\/wp-json\/wp\/v2\/product_brand?post=9739"},{"taxonomy":"product_cat","embeddable":true,"href":"https:\/\/harristweed-shop.be\/fr\/wp-json\/wp\/v2\/product_cat?post=9739"},{"taxonomy":"product_tag","embeddable":true,"href":"https:\/\/harristweed-shop.be\/fr\/wp-json\/wp\/v2\/product_tag?post=9739"}],"curies":[{"name":"wp","href":"https:\/\/api.w.org\/{rel}","templated":true}]}}