{"id":9241,"date":"2023-03-08T22:29:32","date_gmt":"2023-03-08T22:29:32","guid":{"rendered":"https:\/\/harristweed-shop.be\/product\/alan-paine-lamswol-pullover-ronde-hals-updated-fit-black\/"},"modified":"2026-04-09T07:40:31","modified_gmt":"2026-04-09T07:40:31","slug":"alan-paine-lamswol-pullover-ronde-hals-updated-fit-black","status":"publish","type":"product","link":"https:\/\/harristweed-shop.be\/fr\/produit\/pull-en-laine-dagneau-alan-paine-a-col-rond-coupe-actualisee-noir\/","title":{"rendered":"Pull Alan Paine en laine d&#039;agneau, col rond, coupe revisit\u00e9e \u2013 Noir"},"content":{"rendered":"<p>Chaque homme a besoin d&#039;un pull ras du cou dans sa garde-robe. Notre pull homme en laine d&#039;agneau ultra-douce est incroyablement polyvalent et se porte aussi bien avec un pantalon \u00e9l\u00e9gant qu&#039;avec un jean.<\/p>\n<p>Contrairement \u00e0 nos tricots \u00e0 coupe classique, ce pull est confectionn\u00e9 selon une coupe moderne et contemporaine, l\u00e9g\u00e8rement fusel\u00e9e au niveau de la taille et de la poitrine, tout en conservant suffisamment d&#039;espace pour le confort et la facilit\u00e9 de mouvement. <\/p>\n<p>Chaque point est reli\u00e9 \u00e0 la main pour une finition impeccable. Tous les v\u00eatements Alan Paine sont finis \u00e0 la main. Les points de tension \u2013 aisselles, poignets et c\u00f4tes \u2013 sont renforc\u00e9s, et la pointe du col ras-du-cou est ferm\u00e9e \u00e0 la main pour une finition parfaite. <\/p>\n<p>\u2022 Coupe mise \u00e0 jour \u2013 Notre coupe la plus r\u00e9guli\u00e8re et la plus moderne<\/p>\n<p>\u2022 Laine d&#039;agneau 100%<\/p>\n<p>\u2022 Col ras du cou<\/p>\n<p>\u2022 Manches longues<\/p>\n<p>\u2022 Lavage \u00e0 la main seulement<\/p>\n<p>\u00c9tabli en 1907<br \/>\nDepuis 1907, la marque de fabrique des produits Alan Paine est la qualit\u00e9 et le savoir-faire des fibres de luxe.<\/p>\n<p>PATRIMOINE BRITANNIQUE<br \/>\nLa marque Alan Paine perp\u00e9tue la tradition du pass\u00e9 en cr\u00e9ant un style \u00e9volutif et non une mode r\u00e9volutionnaire.<\/p>\n<p>117 ans de savoir-faire<br \/>\nSeules des fibres naturelles issues de ressources g\u00e9r\u00e9es durablement sont utilis\u00e9es dans la cr\u00e9ation de nos magnifiques tricots.<br \/>\nEn tant qu&#039;entreprise, nous adh\u00e9rons aux normes les plus \u00e9lev\u00e9es afin de fournir des produits qui combinent un style et une coupe \u00e9volutifs avec un confort et un toucher luxueux.<\/p>","protected":false},"excerpt":{"rendered":"<p>Pull en laine d&#039;agneau Alan Paine \u00e0 col rond, coupe revisit\u00e9e \u2013 Noir.<\/p>\n<p>Le best-seller d&#039;Alan Paine. Pull en laine d&#039;agneau \u00e0 la coupe moderne et ajust\u00e9e.<\/p>","protected":false},"featured_media":268549,"template":"","meta":[],"product_brand":[],"product_cat":[486,84,442,487],"product_tag":[],"class_list":{"0":"post-9241","1":"product","2":"type-product","3":"status-publish","4":"has-post-thumbnail","6":"product_cat-pullover-und-westen","7":"product_cat-truien-en-pullovers","8":"product_cat-wollen-truien","9":"product_cat-wollpullover","10":"pa_merk-alan-paine","12":"first","13":"outofstock","14":"taxable","15":"shipping-taxable","16":"product-type-variable"},"df_price":"","df_sale_price":"","df_regular_price":"","df_image_link":"https:\/\/harristweed-shop.be\/wp-content\/uploads\/2023\/03\/2cf0b79203e5926d714191962d8054d9_6313Alan_Paine_Lamswol_Pullover_Ronde_hals__Updated_Fit___Black-214x300.jpg","_links":{"self":[{"href":"https:\/\/harristweed-shop.be\/fr\/wp-json\/wp\/v2\/product\/9241","targetHints":{"allow":["GET"]}}],"collection":[{"href":"https:\/\/harristweed-shop.be\/fr\/wp-json\/wp\/v2\/product"}],"about":[{"href":"https:\/\/harristweed-shop.be\/fr\/wp-json\/wp\/v2\/types\/product"}],"wp:featuredmedia":[{"embeddable":true,"href":"https:\/\/harristweed-shop.be\/fr\/wp-json\/wp\/v2\/media\/268549"}],"wp:attachment":[{"href":"https:\/\/harristweed-shop.be\/fr\/wp-json\/wp\/v2\/media?parent=9241"}],"wp:term":[{"taxonomy":"product_brand","embeddable":true,"href":"https:\/\/harristweed-shop.be\/fr\/wp-json\/wp\/v2\/product_brand?post=9241"},{"taxonomy":"product_cat","embeddable":true,"href":"https:\/\/harristweed-shop.be\/fr\/wp-json\/wp\/v2\/product_cat?post=9241"},{"taxonomy":"product_tag","embeddable":true,"href":"https:\/\/harristweed-shop.be\/fr\/wp-json\/wp\/v2\/product_tag?post=9241"}],"curies":[{"name":"wp","href":"https:\/\/api.w.org\/{rel}","templated":true}]}}