{"id":8956,"date":"2023-03-08T21:58:46","date_gmt":"2023-03-08T21:58:46","guid":{"rendered":"https:\/\/harristweed-shop.be\/product\/alan-paine-kabeltrui-roll-neck-jumper-updated-fit-ivoor\/"},"modified":"2026-05-05T06:18:37","modified_gmt":"2026-05-05T06:18:37","slug":"alan-paine-kabeltrui-roll-neck-jumper-updated-fit-ivoor","status":"publish","type":"product","link":"https:\/\/harristweed-shop.be\/fr\/produit\/pull-en-maille-torsadee-alan-paine-col-roule-coupe-revisitee-ivoire\/","title":{"rendered":"Pull col roul\u00e9 en maille torsad\u00e9e Alan Paine \u2013 Coupe revisit\u00e9e Ivoire"},"content":{"rendered":"<p>Notre pull Redstone English Explorer est une nouveaut\u00e9 de la collection automne-hiver 2019. Confectionn\u00e9 en laine m\u00e9lang\u00e9e, il pr\u00e9sente un col roul\u00e9 torsad\u00e9 et une coupe revisit\u00e9e.<\/p>\n<p>Cette pi\u00e8ce est dot\u00e9e d&#039;une taille et de poignets c\u00f4tel\u00e9s pour un confort optimal. Tous les tricots Alan Paine sont enti\u00e8rement fa\u00e7onn\u00e9s\u00a0; chaque pi\u00e8ce est tricot\u00e9e \u00e0 la machine \u00e0 tricoter, et non coup\u00e9e-cousue.<\/p>\n<p>Chaque point est reli\u00e9 \u00e0 la main pour une finition parfaite. Tous les v\u00eatements Alan Paine sont finis \u00e0 la main.<\/p>\n<p>\u2013 Coupe mise \u00e0 jour \u2013 Notre coupe la plus r\u00e9guli\u00e8re et la plus moderne<\/p>\n<p>\u2013 Laine 80% | Polyamide 20%<\/p>\n<p>\u2013 Manches longues<\/p>\n<p>\u2013 C\u00e2ble avant<\/p>\n<p>\u2013 Col roul\u00e9<\/p>\n<p>\u2013 Lavable en machine<\/p>","protected":false},"excerpt":{"rendered":"<p>Magnifique pull en maille torsad\u00e9e d&#039;Alan Paine avec un col roul\u00e9 confortable.<\/p>","protected":false},"featured_media":8989,"template":"","meta":[],"product_brand":[],"product_cat":[486,84,442,487],"product_tag":[],"class_list":{"0":"post-8956","1":"product","2":"type-product","3":"status-publish","4":"has-post-thumbnail","6":"product_cat-pullover-und-westen","7":"product_cat-truien-en-pullovers","8":"product_cat-wollen-truien","9":"product_cat-wollpullover","10":"pa_merk-alan-paine","12":"first","13":"instock","14":"taxable","15":"shipping-taxable","16":"purchasable","17":"product-type-variable"},"df_price":198,"df_sale_price":"","df_regular_price":198,"df_image_link":"https:\/\/harristweed-shop.be\/wp-content\/uploads\/2023\/03\/cf61e794f4a6be62aaaa0cdcd07631ea_6353Kabeltrui-225x300.jpg","_links":{"self":[{"href":"https:\/\/harristweed-shop.be\/fr\/wp-json\/wp\/v2\/product\/8956","targetHints":{"allow":["GET"]}}],"collection":[{"href":"https:\/\/harristweed-shop.be\/fr\/wp-json\/wp\/v2\/product"}],"about":[{"href":"https:\/\/harristweed-shop.be\/fr\/wp-json\/wp\/v2\/types\/product"}],"wp:featuredmedia":[{"embeddable":true,"href":"https:\/\/harristweed-shop.be\/fr\/wp-json\/wp\/v2\/media\/8989"}],"wp:attachment":[{"href":"https:\/\/harristweed-shop.be\/fr\/wp-json\/wp\/v2\/media?parent=8956"}],"wp:term":[{"taxonomy":"product_brand","embeddable":true,"href":"https:\/\/harristweed-shop.be\/fr\/wp-json\/wp\/v2\/product_brand?post=8956"},{"taxonomy":"product_cat","embeddable":true,"href":"https:\/\/harristweed-shop.be\/fr\/wp-json\/wp\/v2\/product_cat?post=8956"},{"taxonomy":"product_tag","embeddable":true,"href":"https:\/\/harristweed-shop.be\/fr\/wp-json\/wp\/v2\/product_tag?post=8956"}],"curies":[{"name":"wp","href":"https:\/\/api.w.org\/{rel}","templated":true}]}}