{"id":87206,"date":"2023-05-14T19:25:52","date_gmt":"2023-05-14T19:25:52","guid":{"rendered":"https:\/\/harristweed-shop.be\/product\/wellington-sportief-licht-stepp-jack-groen\/"},"modified":"2026-05-05T05:23:52","modified_gmt":"2026-05-05T05:23:52","slug":"wellington-sportief-licht-stepp-jack-groen","status":"publish","type":"product","link":"https:\/\/harristweed-shop.be\/fr\/produit\/veste-legere-sportive-wellington-verte\/","title":{"rendered":"Veste matelass\u00e9e l\u00e9g\u00e8re et sportive Wellington \u201c Lingfield \u201d verte"},"content":{"rendered":"<p>Manteau matelass\u00e9 pour homme \u201c Lingfield \u201d \u2013 Une \u00e9l\u00e9gance raffin\u00e9e pour la mi-saison, dans un style champ\u00eatre classique.<\/p>\n<p>D\u00e9licieusement l\u00e9ger et confortable\u00a0: le manteau matelass\u00e9 pour homme \u201c\u00a0Lingfield\u00a0\u201d, orn\u00e9 d\u2019un motif \u00e0 carreaux moderne, est le compagnon id\u00e9al pour la mi-saison. Gr\u00e2ce \u00e0 son rembourrage discret, ce manteau offre un confort incomparable et une \u00e9l\u00e9gance raffin\u00e9e qui ne manquera pas de faire sensation.<\/p>\n<p>Ce manteau, de style campagnard classique, pr\u00e9sente des d\u00e9tails soign\u00e9s comme son col montant rabattu et ses deux poches plaqu\u00e9es zipp\u00e9es. Le dessous de col \u00e0 carreaux, particuli\u00e8rement charmant, r\u00e9v\u00e8le le motif \u00e0 carreaux typiquement britannique lorsqu&#039;il est relev\u00e9, conf\u00e9rant au manteau une touche d&#039;\u00e9l\u00e9gance. Non doubl\u00e9, ce manteau pour homme se distingue par ses coutures impeccables, qui parach\u00e8vent harmonieusement son allure.<\/p>\n<p>Ce manteau matelass\u00e9 impressionne par sa qualit\u00e9 exceptionnelle et ajoute une touche d&#039;\u00e9l\u00e9gance britannique et de classe intemporelle \u00e0 votre tenue de tous les jours.<\/p>\n<p>\u2013 Col montant\/repliable<br \/>\u2013 Fermeture \u00e9clair et boutons-pression<br \/>\u2013 Poches de poitrine verrouillables<br \/>\u2013 2 sacs \u00e0 rabat \u00e0 double sens<br \/>\u2013 Poche int\u00e9rieure zipp\u00e9e<br \/>\u2013 Lavable en machine<br \/>\u2013 Facile \u00e0 entretenir<br \/>\u2013 \u00c9tiquette nominative<\/p>\n<p>Mensurations du mannequin\u00a0: Le mannequin mesure 189\u00a0cm et porte une taille\u00a050.<br \/>Coupe : La doudoune a une coupe droite et confortable.<br \/>Dimensions du produit\u00a0: Pour la taille 50, les dimensions sont les suivantes\u00a0: Longueur dos\u00a0: 78\u00a0cm \u2013 Largeur poitrine (demi-taille)\u00a0: 60\u00a0cm \u2013 Largeur taille (demi-taille)\u00a0: 57,5\u00a0cm \u2013 Longueur des manches\u00a0: 65,5\u00a0cm<\/p>\n<p>Instructions de lavage : Lavage normal \u00e0 30\u00b0C<\/p>\n<p>Veste sportive, l\u00e9g\u00e8rement rembourr\u00e9e et \u00e9l\u00e9gante. Parfaite pour les journ\u00e9es o\u00f9 l&#039;on a simplement besoin d&#039;une couche suppl\u00e9mentaire.<\/p>","protected":false},"excerpt":{"rendered":"<p>Veste matelass\u00e9e l\u00e9g\u00e8re Wellington Sporty \u201c Lingfield \u201d en vert 30.<\/p>\n<p>D\u00e9licieusement l\u00e9ger et confortable\u00a0: le manteau matelass\u00e9 pour homme \u201c\u00a0Lingfield\u00a0\u201d, orn\u00e9 d\u2019un motif \u00e0 carreaux moderne, est le compagnon id\u00e9al pour la mi-saison. Gr\u00e2ce \u00e0 son rembourrage discret, ce manteau offre un confort incomparable et une \u00e9l\u00e9gance raffin\u00e9e qui ne manquera pas de faire sensation.<\/p>","protected":false},"featured_media":371376,"template":"","meta":[],"product_brand":[],"product_cat":[530,87,482,531],"product_tag":[],"class_list":{"0":"post-87206","1":"product","2":"type-product","3":"status-publish","4":"has-post-thumbnail","6":"product_cat-heren-jassen-en-jacks","7":"product_cat-jassen-en-jacks","8":"product_cat-mantel-und-jacken","9":"product_cat-mantel-und-jacken-fur-herren","10":"pa_merk-wellington","12":"first","13":"instock","14":"taxable","15":"shipping-taxable","16":"purchasable","17":"product-type-variable"},"df_price":199.95,"df_sale_price":"","df_regular_price":199.95,"df_image_link":"https:\/\/harristweed-shop.be\/wp-content\/uploads\/2023\/05\/304d40c73f4eb9f594280d27a1b87cbf_Wellington_Sportief_Licht_Stepp_Jack__Groen_2-225x300.jpeg","_links":{"self":[{"href":"https:\/\/harristweed-shop.be\/fr\/wp-json\/wp\/v2\/product\/87206","targetHints":{"allow":["GET"]}}],"collection":[{"href":"https:\/\/harristweed-shop.be\/fr\/wp-json\/wp\/v2\/product"}],"about":[{"href":"https:\/\/harristweed-shop.be\/fr\/wp-json\/wp\/v2\/types\/product"}],"wp:featuredmedia":[{"embeddable":true,"href":"https:\/\/harristweed-shop.be\/fr\/wp-json\/wp\/v2\/media\/371376"}],"wp:attachment":[{"href":"https:\/\/harristweed-shop.be\/fr\/wp-json\/wp\/v2\/media?parent=87206"}],"wp:term":[{"taxonomy":"product_brand","embeddable":true,"href":"https:\/\/harristweed-shop.be\/fr\/wp-json\/wp\/v2\/product_brand?post=87206"},{"taxonomy":"product_cat","embeddable":true,"href":"https:\/\/harristweed-shop.be\/fr\/wp-json\/wp\/v2\/product_cat?post=87206"},{"taxonomy":"product_tag","embeddable":true,"href":"https:\/\/harristweed-shop.be\/fr\/wp-json\/wp\/v2\/product_tag?post=87206"}],"curies":[{"name":"wp","href":"https:\/\/api.w.org\/{rel}","templated":true}]}}