{"id":8648,"date":"2023-03-08T16:15:32","date_gmt":"2023-03-08T16:15:32","guid":{"rendered":"https:\/\/harristweed-shop.be\/product\/ireland-1875-rugby-shirt-2\/"},"modified":"2026-05-05T06:18:37","modified_gmt":"2026-05-05T06:18:37","slug":"ireland-1875-rugby-shirt-2","status":"publish","type":"product","link":"https:\/\/harristweed-shop.be\/fr\/produit\/maillot-de-rugby-irlande-1875-2\/","title":{"rendered":"Maillot de rugby Irlande 1875"},"content":{"rendered":"<p>Coton flamm\u00e9 100% tr\u00e8s r\u00e9sistant<\/p>\n<p>380 g\/m\u00b2<\/p>\n<p>Logo tr\u00e8fle vintage brod\u00e9 et date de leur premier match international.<\/p>\n<p>D\u00e9tail brod\u00e9 1871 \u00e0 l&#039;arri\u00e8re du cou<\/p>\n<p>Ourlets renforc\u00e9s<\/p>\n<p>Plaque \u00e0 deux boutons en caoutchouc<\/p>\n<p>Lavable en machine<\/p>\n<p>Fabriqu\u00e9 au Portugal<\/p>\n<p>L&#039;Universit\u00e9 de Dublin a \u00e9t\u00e9 le premier club de rugby organis\u00e9 en Irlande, ayant \u00e9t\u00e9 fond\u00e9 en 1854. Le club a \u00e9t\u00e9 organis\u00e9 par des \u00e9tudiants qui avaient appris le jeu dans les \u00e9coles publiques anglaises.<\/p>\n<p>En 1874, l&#039;Union irlandaise de football a \u00e9t\u00e9 cr\u00e9\u00e9e.<\/p>\n<p>L&#039;Irlande a perdu son premier match test contre l&#039;Angleterre 7-0 \u00e0 l&#039;Oval le 15 f\u00e9vrier 1875.<\/p>\n<p>Le premier match \u00e0 domicile de l&#039;Irlande eut lieu la m\u00eame ann\u00e9e contre l&#039;Angleterre, au Leinster Cricket Club de Rathmines, car Lansdowne Road \u00e9tait jug\u00e9e inadapt\u00e9e. Le premier match \u00e0 Lansdowne Road eut lieu le 11 mars 1878, et l&#039;Angleterre s&#039;imposa face \u00e0 l&#039;Irlande par 2 buts et 1 essai \u00e0 0.<\/p>\n<p>Ce n&#039;est qu&#039;en 1881 que l&#039;Irlande remporte pour la premi\u00e8re fois un test, en battant l&#039;\u00c9cosse \u00e0 Ormeau, \u00e0 Belfast.<\/p>\n<p>L&#039;Irlande manquait de deux joueurs pour son match \u00e0 Cardiff en 1884 et a d\u00fb emprunter deux joueurs gallois.<\/p>\n<p>La premi\u00e8re victoire de l&#039;Irlande \u00e0 Lansdowne Road eut lieu le 5 f\u00e9vrier 1887. C&#039;\u00e9tait \u00e9galement leur premi\u00e8re victoire contre l&#039;Angleterre, par deux buts \u00e0 z\u00e9ro.<\/p>\n<p>Le 3 mars 1888, l&#039;Irlande enregistre sa premi\u00e8re victoire contre le Pays de Galles avec un but, un essai et un drop goal \u00e0 z\u00e9ro.<\/p>\n<p>En 1894, l&#039;Irlande suivit le mod\u00e8le gallois en utilisant pour la premi\u00e8re fois sept arri\u00e8res au lieu de six. Apr\u00e8s sa victoire contre l&#039;Angleterre \u00e0 Blackheath, l&#039;Irlande remporta deux victoires cons\u00e9cutives pour la premi\u00e8re fois, enregistrant sa premi\u00e8re victoire contre l&#039;\u00c9cosse le 24 f\u00e9vrier 1894. L&#039;Irlande battit ensuite le Pays de Galles \u00e0 Belfast et remporta la Triple Couronne pour la premi\u00e8re fois.<\/p>","protected":false},"excerpt":{"rendered":"<p>Le maillot de rugby vintage Ireland 1875 est fabriqu\u00e9 avec un coton flamm\u00e9 \u00e9pais qui donne au maillot une finition r\u00e9sistante mais douce et confortable.<\/p>\n<p>Ce maillot de rugby vintage \u00ab old school \u00bb de l&#039;Irlande 1875 combine des teintures de couleur traditionnelles avec un lavage vieilli pour produire un aspect et une sensation joliment us\u00e9s.<\/p>\n<p>Ce maillot de rugby vert de style vintage de l&#039;Irlande pr\u00e9sente la broderie classique du tr\u00e8fle associ\u00e9e \u00e0 la date du premier match international de l&#039;Irlande.<\/p>","protected":false},"featured_media":8656,"template":"","meta":[],"product_brand":[],"product_cat":[395,556,959,394,955,569,555],"product_tag":[],"class_list":{"0":"post-8648","1":"product","2":"type-product","3":"status-publish","4":"has-post-thumbnail","6":"product_cat-black-and-blue-1871","7":"product_cat-international-vintage-rugby-shirts","8":"product_cat-ireland-shop-by-country-club","9":"product_cat-rugby-shirts-2","10":"product_cat-shop-by-country-club","11":"product_cat-six-nations-vintage-rugby-shirts","12":"product_cat-vintage-rugby-shirts","13":"pa_merk-blackandblue1871","15":"first","16":"instock","17":"taxable","18":"shipping-taxable","19":"purchasable","20":"product-type-variable"},"df_price":135.95,"df_sale_price":"","df_regular_price":135.95,"df_image_link":"https:\/\/harristweed-shop.be\/wp-content\/uploads\/2023\/03\/3597f5606c789600889091c945b07175_Ireland_1875_Rugby_Shirt_2-300x300.jpg","_links":{"self":[{"href":"https:\/\/harristweed-shop.be\/fr\/wp-json\/wp\/v2\/product\/8648","targetHints":{"allow":["GET"]}}],"collection":[{"href":"https:\/\/harristweed-shop.be\/fr\/wp-json\/wp\/v2\/product"}],"about":[{"href":"https:\/\/harristweed-shop.be\/fr\/wp-json\/wp\/v2\/types\/product"}],"wp:featuredmedia":[{"embeddable":true,"href":"https:\/\/harristweed-shop.be\/fr\/wp-json\/wp\/v2\/media\/8656"}],"wp:attachment":[{"href":"https:\/\/harristweed-shop.be\/fr\/wp-json\/wp\/v2\/media?parent=8648"}],"wp:term":[{"taxonomy":"product_brand","embeddable":true,"href":"https:\/\/harristweed-shop.be\/fr\/wp-json\/wp\/v2\/product_brand?post=8648"},{"taxonomy":"product_cat","embeddable":true,"href":"https:\/\/harristweed-shop.be\/fr\/wp-json\/wp\/v2\/product_cat?post=8648"},{"taxonomy":"product_tag","embeddable":true,"href":"https:\/\/harristweed-shop.be\/fr\/wp-json\/wp\/v2\/product_tag?post=8648"}],"curies":[{"name":"wp","href":"https:\/\/api.w.org\/{rel}","templated":true}]}}