{"id":8630,"date":"2023-03-08T16:10:16","date_gmt":"2023-03-08T16:10:16","guid":{"rendered":"https:\/\/harristweed-shop.be\/product\/new-zealand-1884-rugby-shirt-away\/"},"modified":"2026-04-03T10:34:30","modified_gmt":"2026-04-03T10:34:30","slug":"new-zealand-1884-rugby-shirt-away","status":"publish","type":"product","link":"https:\/\/harristweed-shop.be\/fr\/produit\/maillot-de-rugby-exterieur-nouvelle-zelande-1884\/","title":{"rendered":"Maillot de rugby de Nouvelle-Z\u00e9lande 1884, ext\u00e9rieur"},"content":{"rendered":"<p>Coton flamm\u00e9 100% tr\u00e8s r\u00e9sistant<\/p>\n<p>380 g\/m\u00b2<\/p>\n<p>Logo de foug\u00e8re vintage brod\u00e9 et la date de leur premier match test<\/p>\n<p>D\u00e9tail brod\u00e9 1871 \u00e0 l&#039;arri\u00e8re du cou<\/p>\n<p>Ourlets renforc\u00e9s<\/p>\n<p>Plaque \u00e0 deux boutons en caoutchouc<\/p>\n<p>Lavable en machine<\/p>\n<p>Fabriqu\u00e9 au Portugal<\/p>\n<p>Le rugby \u00e0 XV a \u00e9t\u00e9 introduit en Nouvelle-Z\u00e9lande par Charles Monro en 1870. Monro a d\u00e9couvert ce sport alors qu&#039;il terminait ses \u00e9tudes au Christ&#039;s College de Finchley, en Angleterre.<\/p>\n<p>Le premier match enregistr\u00e9 en Nouvelle-Z\u00e9lande eut lieu en mai 1870 \u00e0 Nelson, entre le club de Nelson et le Nelson College. La premi\u00e8re f\u00e9d\u00e9ration provinciale, la Canterbury Rugby Football Union, fut fond\u00e9e en 1879 et, en 1882, la Nouvelle-Galles du Sud (NSW) effectua une tourn\u00e9e dans tout le pays. La Nouvelle-Galles du Sud n&#039;affronta pas d&#039;\u00e9quipe n\u00e9o-z\u00e9landaise repr\u00e9sentative, mais affronta sept \u00e9quipes provinciales\u00a0; les touristes remport\u00e8rent quatre victoires et trois d\u00e9faites.<\/p>\n<p>La premi\u00e8re \u00e9quipe n\u00e9o-z\u00e9landaise a \u00e9t\u00e9 s\u00e9lectionn\u00e9e en 1884, pour une tourn\u00e9e en Nouvelle-Galles du Sud ; o\u00f9 la Nouvelle-Z\u00e9lande a remport\u00e9 ses huit matchs.<\/p>\n<p>Une \u00e9quipe britannique priv\u00e9e, devenue plus tard les Lions britanniques et irlandais, effectua une tourn\u00e9e en Nouvelle-Z\u00e9lande en 1888. Aucun match test n&#039;eut lieu et l&#039;\u00e9quipe ne joua que contre des \u00e9quipes provinciales. Les joueurs britanniques \u00e9taient principalement originaires du nord de l&#039;Angleterre, mais il y avait aussi des repr\u00e9sentants du Pays de Galles et d&#039;\u00c9cosse.<\/p>\n<p>Le samedi 16 avril 1892, lors d&#039;une r\u00e9union tenue \u00e0 Wellington, la F\u00e9d\u00e9ration n\u00e9o-z\u00e9landaise de rugby fut cr\u00e9\u00e9e. Les premiers membres \u00e9taient les f\u00e9d\u00e9rations provinciales d&#039;Auckland, Hawke&#039;s Bay, Manawatu, Marlborough, Nelson, South Canterbury, Taranaki, Waiararapa, Wanganui et Wellington.<\/p>\n<p>La F\u00e9d\u00e9ration n\u00e9o-z\u00e9landaise de rugby (NZRU) a \u00e9t\u00e9 cr\u00e9\u00e9e pour g\u00e9rer le rugby \u00e0 XV au niveau national. \u00c0 l&#039;\u00e9poque, la f\u00e9d\u00e9ration nationale \u00e9tait connue sous le nom de F\u00e9d\u00e9ration n\u00e9o-z\u00e9landaise de rugby \u00e0 XV ou NZRFU. Le nom a \u00e9t\u00e9 officiellement raccourci en 2006 avec la suppression du mot \u00ab\u00a0Football\u00a0\u00bb. La marque \u00ab\u00a0New Zealand Rugby\u00a0\u00bb a \u00e9t\u00e9 adopt\u00e9e en 2013.<\/p>\n<p>En 1893, la NZRU adopta officiellement le maillot noir comme tenue de jeu nationale et s\u00e9lectionna la premi\u00e8re \u00e9quipe nationale homologu\u00e9e par la NZRU pour une tourn\u00e9e en Australie. Cependant, la premi\u00e8re \u00e9quipe n\u00e9o-z\u00e9landaise s\u00e9lectionn\u00e9e pour la tourn\u00e9e en Nouvelle-Galles du Sud en 1884 est reconnue comme une \u00e9quipe n\u00e9o-z\u00e9landaise et ses joueurs sont reconnus comme All Blacks.<\/p>\n<p>En 1895, avec l&#039;ajout des syndicats de Bush, Canterbury, Horowhenua, Otago, Poverty Bay, Southland et West Coast, la NZRU \u00e9tait consid\u00e9r\u00e9e comme une collection compl\u00e8te et unie de tous les joueurs de rugby n\u00e9o-z\u00e9landais.<\/p>","protected":false},"excerpt":{"rendered":"<p>Le maillot de rugby vintage de la Nouvelle-Z\u00e9lande 1884 est confectionn\u00e9 dans un coton flamm\u00e9 \u00e9pais, ce qui lui conf\u00e8re une finition r\u00e9sistante, douce et confortable. Ce maillot \u00ab\u00a0old school\u00a0\u00bb associe des teintures vintage \u00e0 un d\u00e9lavage vieilli pour un aspect et un toucher agr\u00e9ablement us\u00e9s. Le logo de la Nouvelle-Z\u00e9lande 1884 est brod\u00e9 avec la date du premier match international de l&#039;\u00e9quipe.<\/p>","protected":false},"featured_media":8638,"template":"","meta":[],"product_brand":[],"product_cat":[1011,395,556,397,394,955,555],"product_tag":[],"class_list":{"0":"post-8630","1":"product","2":"type-product","3":"status-publish","4":"has-post-thumbnail","6":"product_cat-all-blacks-new-zealand","7":"product_cat-black-and-blue-1871","8":"product_cat-international-vintage-rugby-shirts","9":"product_cat-international","10":"product_cat-rugby-shirts-2","11":"product_cat-shop-by-country-club","12":"product_cat-vintage-rugby-shirts","13":"pa_merk-blackandblue1871","15":"first","16":"instock","17":"taxable","18":"shipping-taxable","19":"purchasable","20":"product-type-variable"},"df_price":135.95,"df_sale_price":"","df_regular_price":135.95,"df_image_link":"https:\/\/harristweed-shop.be\/wp-content\/uploads\/2023\/03\/e6a2c422c38e2194bdff22b52ba67839_New_Zealand_1884_Rugby_Shirt__Away_1-300x300.jpg","_links":{"self":[{"href":"https:\/\/harristweed-shop.be\/fr\/wp-json\/wp\/v2\/product\/8630","targetHints":{"allow":["GET"]}}],"collection":[{"href":"https:\/\/harristweed-shop.be\/fr\/wp-json\/wp\/v2\/product"}],"about":[{"href":"https:\/\/harristweed-shop.be\/fr\/wp-json\/wp\/v2\/types\/product"}],"wp:featuredmedia":[{"embeddable":true,"href":"https:\/\/harristweed-shop.be\/fr\/wp-json\/wp\/v2\/media\/8638"}],"wp:attachment":[{"href":"https:\/\/harristweed-shop.be\/fr\/wp-json\/wp\/v2\/media?parent=8630"}],"wp:term":[{"taxonomy":"product_brand","embeddable":true,"href":"https:\/\/harristweed-shop.be\/fr\/wp-json\/wp\/v2\/product_brand?post=8630"},{"taxonomy":"product_cat","embeddable":true,"href":"https:\/\/harristweed-shop.be\/fr\/wp-json\/wp\/v2\/product_cat?post=8630"},{"taxonomy":"product_tag","embeddable":true,"href":"https:\/\/harristweed-shop.be\/fr\/wp-json\/wp\/v2\/product_tag?post=8630"}],"curies":[{"name":"wp","href":"https:\/\/api.w.org\/{rel}","templated":true}]}}