{"id":8616,"date":"2023-03-08T16:10:00","date_gmt":"2023-03-08T16:10:00","guid":{"rendered":"https:\/\/harristweed-shop.be\/product\/west-kent-1871-rugby-shirt-2\/"},"modified":"2026-05-05T06:18:37","modified_gmt":"2026-05-05T06:18:37","slug":"west-kent-1871-rugby-shirt-2","status":"publish","type":"product","link":"https:\/\/harristweed-shop.be\/fr\/produit\/maillot-de-rugby-west-kent-1871-2\/","title":{"rendered":"Maillot de rugby West Kent 1871"},"content":{"rendered":"<p>Coton flamm\u00e9 tr\u00e8s r\u00e9sistant pour lui donner une sensation de pr\u00e9-port\u00e9<\/p>\n<p>Coton 100%<\/p>\n<p>380 g\/m\u00b2<\/p>\n<p>Logo West Kent brod\u00e9<\/p>\n<p>D\u00e9tail brod\u00e9 1871 \u00e0 l&#039;arri\u00e8re du cou<\/p>\n<p>Ourlets renforc\u00e9s<\/p>\n<p>Plaque \u00e0 deux boutons en caoutchouc<\/p>\n<p>Lavable en machine<\/p>\n<p>Fabriqu\u00e9 au Portugal<\/p>\n<p>WEST KENT FC<\/p>\n<p>Membres fondateurs de la Rugby Football Union.<\/p>\n<p>Fond\u00e9 en 1867 par un petit groupe d&#039;anciens Rugbeians, dont Arthur Guillemard qui jouait \u00e9galement au football pour les premiers vainqueurs de la FA Cup, le Wanderers Football Club.<\/p>\n<p>Ils ont jou\u00e9 \u00e0 Chislehurst Common et ont utilis\u00e9 l&#039;\u00ab Imperial Arms \u00bb comme quartier g\u00e9n\u00e9ral.<\/p>\n<p>West Kent a \u00e9t\u00e9 dissous en 1886.<\/p>","protected":false},"excerpt":{"rendered":"<p>Le maillot de rugby vintage West Kent 1871 est confectionn\u00e9 dans un coton flamm\u00e9 \u00e9pais qui lui conf\u00e8re un style r\u00e9tro \u00e0 la fois r\u00e9sistant, doux et confortable. Ce maillot vintage \u00ab\u00a0old school\u00a0\u00bb associe des teintures traditionnelles \u00e0 un d\u00e9lavage vieilli pour un aspect et un toucher agr\u00e9ablement us\u00e9s. Ce maillot de rugby classique West Kent 1871 s&#039;inspire des membres fondateurs de la RFU.<\/p>","protected":false},"featured_media":305572,"template":"","meta":[],"product_brand":[],"product_cat":[395,394,955,1013],"product_tag":[],"class_list":{"0":"post-8616","1":"product","2":"type-product","3":"status-publish","4":"has-post-thumbnail","6":"product_cat-black-and-blue-1871","7":"product_cat-rugby-shirts-2","8":"product_cat-shop-by-country-club","9":"product_cat-west-kent","10":"pa_merk-blackandblue1871","12":"first","13":"instock","14":"taxable","15":"shipping-taxable","16":"purchasable","17":"product-type-variable"},"df_price":135.95,"df_sale_price":"","df_regular_price":135.95,"df_image_link":"https:\/\/harristweed-shop.be\/wp-content\/uploads\/2023\/03\/21ba004825476bfdc150a5a7e8bdf6dc_West_Kent_1871_Rugby_Shirt_3-300x300.jpg","_links":{"self":[{"href":"https:\/\/harristweed-shop.be\/fr\/wp-json\/wp\/v2\/product\/8616","targetHints":{"allow":["GET"]}}],"collection":[{"href":"https:\/\/harristweed-shop.be\/fr\/wp-json\/wp\/v2\/product"}],"about":[{"href":"https:\/\/harristweed-shop.be\/fr\/wp-json\/wp\/v2\/types\/product"}],"wp:featuredmedia":[{"embeddable":true,"href":"https:\/\/harristweed-shop.be\/fr\/wp-json\/wp\/v2\/media\/305572"}],"wp:attachment":[{"href":"https:\/\/harristweed-shop.be\/fr\/wp-json\/wp\/v2\/media?parent=8616"}],"wp:term":[{"taxonomy":"product_brand","embeddable":true,"href":"https:\/\/harristweed-shop.be\/fr\/wp-json\/wp\/v2\/product_brand?post=8616"},{"taxonomy":"product_cat","embeddable":true,"href":"https:\/\/harristweed-shop.be\/fr\/wp-json\/wp\/v2\/product_cat?post=8616"},{"taxonomy":"product_tag","embeddable":true,"href":"https:\/\/harristweed-shop.be\/fr\/wp-json\/wp\/v2\/product_tag?post=8616"}],"curies":[{"name":"wp","href":"https:\/\/api.w.org\/{rel}","templated":true}]}}