{"id":85645,"date":"2023-05-14T18:54:49","date_gmt":"2023-05-14T18:54:49","guid":{"rendered":"https:\/\/harristweed-shop.be\/product\/wellington-katoenen-pantalon-bruin\/"},"modified":"2026-05-02T16:04:14","modified_gmt":"2026-05-02T16:04:14","slug":"wellington-katoenen-pantalon-bruin","status":"publish","type":"product","link":"https:\/\/harristweed-shop.be\/fr\/produit\/pantalon-en-coton-wellington-marron\/","title":{"rendered":"Pantalon chino d&#039;hiver \u201d\u00a0Mr. Jones\u00a0\u201d marron"},"content":{"rendered":"<p>Le chino classique pour homme \u201c\u00a0Mr. Jones\u00a0\u201d, \u00e0 jambes droites, poches fran\u00e7aises et poches passepoil\u00e9es boutonn\u00e9es \u00e0 l\u2019arri\u00e8re, est confectionn\u00e9 en serg\u00e9 fin de haute qualit\u00e9. Le coton Pima du P\u00e9rou, gr\u00e2ce \u00e0 des conditions de culture id\u00e9ales et \u00e0 ses fibres exceptionnellement longues, est le meilleur coton au monde.&nbsp;<\/p>\n<p>Sa douceur exceptionnelle, son \u00e9clat subtil et sa grande r\u00e9sistance en font un v\u00eatement tr\u00e8s recherch\u00e9. Ce pantalon l\u00e9ger et confortable offre une coupe impeccable. Une touche d&#039;\u00e9lasticit\u00e9 lui permet de conserver sa forme, d&#039;\u00e9viter les plis et de rester confortable.<\/p>\n<p>\u2013 Boucle de s\u00e9curit\u00e9 triple \u00e0 la ceinture<br \/>\n&#8211; Machine wasbaar<br \/>\n\u2013 Poches lat\u00e9rales<br \/>\n\u2013 Pr\u00e9lav\u00e9<br \/>\n\u2013 Deux poches passepoil\u00e9es \u00e0 fermeture boutonn\u00e9e au dos<\/p>\n<p>Coupe : Coupe r\u00e9guli\u00e8re<br \/>\nDimensions du produit\u00a0: Pour la taille 50, les dimensions sont les suivantes\u00a0: Tour de taille\u00a0: 90\u00a0cm \u2013 Longueur d\u2019entrejambe\u00a0: 83\u00a0cm \u2013 Ouverture de jambe\u00a0: 38\u00a0cm \u2013 Hauteur d\u2019entrejambe\u00a0: Standard<\/p>\n<p>Tissu ext\u00e9rieur : 991 % coton TP3T, 11 % \u00e9lasthanne TP3T<\/p>","protected":false},"excerpt":{"rendered":"<p>Winter Chino &#8221;Mr. Jones&#8221; In Brown 20.<\/p>\n<p>De klassieke herenchino &#8220;Mr. Jones&#8221; met rechte pijpen, Franse zakken en paspelzakken met knoopsluiting aan de achterkant is gemaakt van hoogwaardige, fijne keperstof.<\/p>","protected":false},"featured_media":85675,"template":"","meta":[],"product_brand":[],"product_cat":[513,607,608,602],"product_tag":[],"class_list":{"0":"post-85645","1":"product","2":"type-product","3":"status-publish","4":"has-post-thumbnail","6":"product_cat-broeken","7":"product_cat-chinos-broeken","8":"product_cat-chinos-hosen","9":"product_cat-hosen","11":"first","12":"instock","13":"taxable","14":"shipping-taxable","15":"purchasable","16":"product-type-variable"},"df_price":99.95,"df_sale_price":"","df_regular_price":99.95,"df_image_link":"https:\/\/harristweed-shop.be\/wp-content\/uploads\/2023\/05\/c55e32603a65fc81308d422207c957f6_Wellington__katoenen_broek_3-225x300.jpg","_links":{"self":[{"href":"https:\/\/harristweed-shop.be\/fr\/wp-json\/wp\/v2\/product\/85645","targetHints":{"allow":["GET"]}}],"collection":[{"href":"https:\/\/harristweed-shop.be\/fr\/wp-json\/wp\/v2\/product"}],"about":[{"href":"https:\/\/harristweed-shop.be\/fr\/wp-json\/wp\/v2\/types\/product"}],"wp:featuredmedia":[{"embeddable":true,"href":"https:\/\/harristweed-shop.be\/fr\/wp-json\/wp\/v2\/media\/85675"}],"wp:attachment":[{"href":"https:\/\/harristweed-shop.be\/fr\/wp-json\/wp\/v2\/media?parent=85645"}],"wp:term":[{"taxonomy":"product_brand","embeddable":true,"href":"https:\/\/harristweed-shop.be\/fr\/wp-json\/wp\/v2\/product_brand?post=85645"},{"taxonomy":"product_cat","embeddable":true,"href":"https:\/\/harristweed-shop.be\/fr\/wp-json\/wp\/v2\/product_cat?post=85645"},{"taxonomy":"product_tag","embeddable":true,"href":"https:\/\/harristweed-shop.be\/fr\/wp-json\/wp\/v2\/product_tag?post=85645"}],"curies":[{"name":"wp","href":"https:\/\/api.w.org\/{rel}","templated":true}]}}