{"id":8499,"date":"2023-03-08T15:37:55","date_gmt":"2023-03-08T15:37:55","guid":{"rendered":"https:\/\/harristweed-shop.be\/product\/australia-1899-rugby-shirt-2\/"},"modified":"2026-05-05T06:18:37","modified_gmt":"2026-05-05T06:18:37","slug":"australia-1899-rugby-shirt-2","status":"publish","type":"product","link":"https:\/\/harristweed-shop.be\/fr\/produit\/maillot-de-rugby-australie-1899-2\/","title":{"rendered":"Maillot de rugby Australie 1899"},"content":{"rendered":"<p>Coton flamm\u00e9 100% tr\u00e8s r\u00e9sistant<\/p>\n<p>380 g\/m\u00b2<\/p>\n<p>Logo vintage brod\u00e9 avec la date de leur premier match international<\/p>\n<p>D\u00e9tail brod\u00e9 1871 \u00e0 l&#039;arri\u00e8re du cou<\/p>\n<p>Ourlets renforc\u00e9s<\/p>\n<p>Plaque \u00e0 deux boutons en caoutchouc<\/p>\n<p>Lavable en machine<\/p>\n<p>Fabriqu\u00e9 au Portugal<\/p>\n<p>Le premier match international de l&#039;Australie a \u00e9t\u00e9 jou\u00e9 contre l&#039;\u00e9quipe des \u00eeles britanniques en tourn\u00e9e en 1899.<\/p>\n<p>Le premier test a \u00e9t\u00e9 jou\u00e9 au Sydney Cricket Ground et remport\u00e9 13-3 par l&#039;Australie, mais les touristes ont remport\u00e9 les trois tests restants.<\/p>\n<p>L&#039;\u00e9quipe australienne du premier match \u00e9tait compos\u00e9e de six joueurs du Queensland et de neuf de Nouvelle-Galles du Sud. L&#039;\u00e9quipe portait le bleu de la Nouvelle-Galles du Sud \u00e0 Sydney et le marron du Queensland \u00e0 Brisbane, mais avec les armoiries australiennes \u00e0 la place des embl\u00e8mes habituels de chaque colonie.<\/p>\n<p>Le premier test entre l&#039;Australie et la Nouvelle-Z\u00e9lande a eu lieu au Sydney Cricket Ground en 1903, et la Nouvelle-Z\u00e9lande a gagn\u00e9 22-3.<\/p>\n<p>Les journaux anglais ont d&#039;abord surnomm\u00e9 l&#039;\u00e9quipe \u00ab\u00a0Rabbits\u00a0\u00bb, mais les Australiens ont refus\u00e9, ne voulant pas que l&#039;\u00e9quipe nationale soit repr\u00e9sent\u00e9e par un animal nuisible import\u00e9. Ils ont alors opt\u00e9 pour le Wallaby, un animal local.<\/p>","protected":false},"excerpt":{"rendered":"<p>Le maillot de rugby vintage Australia 1899 est confectionn\u00e9 dans un coton flamm\u00e9 \u00e9pais, ce qui lui conf\u00e8re une finition r\u00e9sistante, douce et confortable. Ce maillot \u00ab\u00a0old school\u00a0\u00bb associe des teintures vintage \u00e0 un d\u00e9lavage vieilli pour un aspect et un toucher agr\u00e9ablement us\u00e9s. Le logo et la date du premier match international sont brod\u00e9s.<\/p>","protected":false},"featured_media":8507,"template":"","meta":[],"product_brand":[],"product_cat":[964,395,556,394,955,555],"product_tag":[],"class_list":{"0":"post-8499","1":"product","2":"type-product","3":"status-publish","4":"has-post-thumbnail","6":"product_cat-australia-wallabies-shop-by-country-club","7":"product_cat-black-and-blue-1871","8":"product_cat-international-vintage-rugby-shirts","9":"product_cat-rugby-shirts-2","10":"product_cat-shop-by-country-club","11":"product_cat-vintage-rugby-shirts","12":"pa_merk-blackandblue1871","14":"first","15":"instock","16":"taxable","17":"shipping-taxable","18":"purchasable","19":"product-type-variable"},"df_price":135.95,"df_sale_price":"","df_regular_price":135.95,"df_image_link":"https:\/\/harristweed-shop.be\/wp-content\/uploads\/2023\/03\/0106ded9915ed761a733318feeb3a316_Australia_1899_Rugby_Shirt-300x300.jpg","_links":{"self":[{"href":"https:\/\/harristweed-shop.be\/fr\/wp-json\/wp\/v2\/product\/8499","targetHints":{"allow":["GET"]}}],"collection":[{"href":"https:\/\/harristweed-shop.be\/fr\/wp-json\/wp\/v2\/product"}],"about":[{"href":"https:\/\/harristweed-shop.be\/fr\/wp-json\/wp\/v2\/types\/product"}],"wp:featuredmedia":[{"embeddable":true,"href":"https:\/\/harristweed-shop.be\/fr\/wp-json\/wp\/v2\/media\/8507"}],"wp:attachment":[{"href":"https:\/\/harristweed-shop.be\/fr\/wp-json\/wp\/v2\/media?parent=8499"}],"wp:term":[{"taxonomy":"product_brand","embeddable":true,"href":"https:\/\/harristweed-shop.be\/fr\/wp-json\/wp\/v2\/product_brand?post=8499"},{"taxonomy":"product_cat","embeddable":true,"href":"https:\/\/harristweed-shop.be\/fr\/wp-json\/wp\/v2\/product_cat?post=8499"},{"taxonomy":"product_tag","embeddable":true,"href":"https:\/\/harristweed-shop.be\/fr\/wp-json\/wp\/v2\/product_tag?post=8499"}],"curies":[{"name":"wp","href":"https:\/\/api.w.org\/{rel}","templated":true}]}}