{"id":84630,"date":"2023-05-14T18:11:44","date_gmt":"2023-05-14T18:11:44","guid":{"rendered":"https:\/\/harristweed-shop.be\/product\/blauwe-wollen-sokken-carlo-lanza\/"},"modified":"2026-05-05T05:24:40","modified_gmt":"2026-05-05T05:24:40","slug":"blauwe-wollen-sokken-carlo-lanza","status":"publish","type":"product","link":"https:\/\/harristweed-shop.be\/fr\/produit\/chaussettes-en-laine-bleue-carlo-lanza\/","title":{"rendered":"Chaussettes en laine pour homme, bleu azur"},"content":{"rendered":"<p>Les chaussettes bleues Intrecci en laine m\u00e9rinos de Carlo Lanza allient design italien et confort optimal. La fine laine m\u00e9rinos garde vos pieds au sec et au frais, en toute saison. Ces chaussettes pour homme offrent une qualit\u00e9 sup\u00e9rieure et un style unique gr\u00e2ce \u00e0 leur motif discret. Vous cherchez le cadeau id\u00e9al\u00a0? Ne cherchez plus\u00a0! Luxueuses, respirantes et fabriqu\u00e9es en Italie, ces chaussettes sont faites pour vous. Avec ces mod\u00e8les \u00e9l\u00e9gants, acheter des chaussettes pour homme devient un vrai plaisir. Ces chaussettes bleues se marient parfaitement avec un costume gris clair ou un jean. Pour pr\u00e9server leur forme et leur couleur\u00a0: laver \u00e0 30\u00a0\u00b0C, ne pas s\u00e9cher en machine.<\/p>\n<p>Marque : Carlo Lanza<br \/>Composition : 70 % laine m\u00e9rinos, 27 % coton, 31 % \u00e9lasthanne<br \/>Origine : Fabriqu\u00e9 en Italie<\/p>","protected":false},"excerpt":{"rendered":"<p>Chaussettes en laine pour homme, bleu azur.<\/p>\n<p>La fine laine m\u00e9rinos garde vos pieds au sec et au frais, quelle que soit la saison.<\/p>","protected":false},"featured_media":84633,"template":"","meta":[],"product_brand":[],"product_cat":[925,134],"product_tag":[],"class_list":{"0":"post-84630","1":"product","2":"type-product","3":"status-publish","4":"has-post-thumbnail","6":"product_cat-socken","7":"product_cat-sokken","8":"pa_merk-carlolanza","10":"first","11":"instock","12":"taxable","13":"shipping-taxable","14":"purchasable","15":"product-type-variable"},"df_price":17.95,"df_sale_price":"","df_regular_price":17.95,"df_image_link":"https:\/\/harristweed-shop.be\/wp-content\/uploads\/2023\/05\/e96943b6863a957b40364e24439b9e96_Blauwe_wollen_sokken___Carlo_Lanza-300x300.jpg","_links":{"self":[{"href":"https:\/\/harristweed-shop.be\/fr\/wp-json\/wp\/v2\/product\/84630","targetHints":{"allow":["GET"]}}],"collection":[{"href":"https:\/\/harristweed-shop.be\/fr\/wp-json\/wp\/v2\/product"}],"about":[{"href":"https:\/\/harristweed-shop.be\/fr\/wp-json\/wp\/v2\/types\/product"}],"wp:featuredmedia":[{"embeddable":true,"href":"https:\/\/harristweed-shop.be\/fr\/wp-json\/wp\/v2\/media\/84633"}],"wp:attachment":[{"href":"https:\/\/harristweed-shop.be\/fr\/wp-json\/wp\/v2\/media?parent=84630"}],"wp:term":[{"taxonomy":"product_brand","embeddable":true,"href":"https:\/\/harristweed-shop.be\/fr\/wp-json\/wp\/v2\/product_brand?post=84630"},{"taxonomy":"product_cat","embeddable":true,"href":"https:\/\/harristweed-shop.be\/fr\/wp-json\/wp\/v2\/product_cat?post=84630"},{"taxonomy":"product_tag","embeddable":true,"href":"https:\/\/harristweed-shop.be\/fr\/wp-json\/wp\/v2\/product_tag?post=84630"}],"curies":[{"name":"wp","href":"https:\/\/api.w.org\/{rel}","templated":true}]}}