{"id":8282,"date":"2023-03-08T15:09:45","date_gmt":"2023-03-08T15:09:45","guid":{"rendered":"https:\/\/harristweed-shop.be\/product\/south-africa-1891-rugby-shirt-2\/"},"modified":"2026-05-05T20:03:55","modified_gmt":"2026-05-05T20:03:55","slug":"south-africa-1891-rugby-shirt-2","status":"publish","type":"product","link":"https:\/\/harristweed-shop.be\/fr\/produit\/maillot-de-rugby-2-de-lafrique-du-sud-1891-2\/","title":{"rendered":"Maillot de rugby de l&#039;Afrique du Sud 1891"},"content":{"rendered":"<p>Coton flamm\u00e9 100% tr\u00e8s r\u00e9sistant<\/p>\n<p>380 g\/m\u00b2<\/p>\n<p>Logo vintage des Springboks brod\u00e9 avec la date de leur premier match international<\/p>\n<p>D\u00e9tail brod\u00e9 1871 \u00e0 l&#039;arri\u00e8re du cou<\/p>\n<p>Ourlets renforc\u00e9s<\/p>\n<p>Plaque \u00e0 deux boutons en caoutchouc<\/p>\n<p>Lavable en machine<\/p>\n<p>Fabriqu\u00e9 au Portugal<\/p>\n<p>L&#039;\u00e9quipe nationale sud-africaine de rugby \u00e0 XV, commun\u00e9ment appel\u00e9e les Springboks, est r\u00e9gie par la F\u00e9d\u00e9ration sud-africaine de rugby.<\/p>\n<p>L&#039;\u00e9quipe repr\u00e9sente l&#039;Afrique du Sud au rugby international depuis 1891, date \u00e0 laquelle elle a jou\u00e9 son premier match test contre une \u00e9quipe en tourn\u00e9e des \u00eeles britanniques.<\/p>\n<p>Cette premi\u00e8re tourn\u00e9e eut lieu le 30 juillet au Coll\u00e8ge dioc\u00e9sain. Les touristes remport\u00e8rent leurs vingt matchs, ne conc\u00e9dant qu&#039;un seul point. Le succ\u00e8s des \u00celes Britanniques se poursuivit lors de leur tourn\u00e9e de 1896, remportant trois des quatre tests contre l&#039;Afrique du Sud. Le jeu sud-africain s&#039;am\u00e9liora consid\u00e9rablement par rapport \u00e0 1891, et leur premi\u00e8re victoire en test lors du dernier match fut un signe avant-coureur de l&#039;avenir.<\/p>\n<p>En 1903, les \u00celes Britanniques perdirent une s\u00e9rie pour la premi\u00e8re fois en Afrique du Sud, faisant match nul lors des deux premiers tests avant de s&#039;incliner 8-0 lors du dernier. Le rugby fut consid\u00e9rablement stimul\u00e9 par les premi\u00e8res tourn\u00e9es des Lions, qui suscit\u00e8rent un vif int\u00e9r\u00eat dans la presse sud-africaine. L&#039;Afrique du Sud ne perdit plus de s\u00e9rie, ni \u00e0 domicile ni \u00e0 l&#039;ext\u00e9rieur, avant 1956.<\/p>\n<p>La premi\u00e8re tourn\u00e9e sud-africaine dans les \u00eeles Britanniques et en France eut lieu en 1906-1907. L&#039;\u00e9quipe joua des tests contre les quatre nations h\u00f4tes. L&#039;Angleterre obtint un match nul, mais l&#039;\u00c9cosse fut la seule des nations h\u00f4tes \u00e0 remporter une victoire. Les Sud-Africains disput\u00e8rent un match non officiel contre une \u00e9quipe de France alors que l&#039;\u00e9quipe fran\u00e7aise officielle \u00e9tait en Angleterre\u00a0; les Springboks s&#039;impos\u00e8rent 55-6. C&#039;est lors de cette tourn\u00e9e que le surnom de Springboks fut utilis\u00e9 pour la premi\u00e8re fois.<\/p>\n<p>Bien que l&#039;Afrique du Sud ait jou\u00e9 un r\u00f4le d\u00e9terminant dans la cr\u00e9ation de la Coupe du monde de rugby, les Springboks n&#039;ont pas particip\u00e9 aux deux premi\u00e8res \u00e9ditions, en 1987 et 1991, en raison du boycott sportif anti-apartheid. L&#039;\u00e9quipe a fait ses d\u00e9buts en Coupe du monde en 1995, lorsque l&#039;Afrique du Sud, nouvellement d\u00e9mocratique, a accueilli le tournoi. Les Springboks ont battu les All Blacks 15 \u00e0 12 en finale, un \u00e9v\u00e9nement aujourd&#039;hui consid\u00e9r\u00e9 comme l&#039;un des plus grands moments de l&#039;histoire sportive sud-africaine et un tournant dans le processus de construction nationale post-apartheid. L&#039;Afrique du Sud a reconquis son titre de championne 12 ans plus tard, en battant l&#039;Angleterre 15 \u00e0 6 en finale de 2007. \u00c0 la suite de la Coupe du monde 2007, les Springboks ont \u00e9t\u00e9 promus \u00e0 la premi\u00e8re place du classement mondial IRB, une position qu&#039;ils ont conserv\u00e9e jusqu&#039;en juillet de l&#039;ann\u00e9e suivante, date \u00e0 laquelle la Nouvelle-Z\u00e9lande a repris la t\u00eate du classement.<\/p>","protected":false},"excerpt":{"rendered":"<p>Le maillot de rugby vintage Afrique du Sud 1891 est confectionn\u00e9 dans un coton flamm\u00e9 \u00e9pais, ce qui lui conf\u00e8re une finition r\u00e9sistante, douce et confortable. Ce maillot \u00ab\u00a0old school\u00a0\u00bb associe des teintures vintage \u00e0 un d\u00e9lavage vieilli pour un aspect et un toucher agr\u00e9ablement us\u00e9s. Le logo des Springboks brod\u00e9, avec la date de leur premier match international, compl\u00e8te ce maillot.<\/p>","protected":false},"featured_media":8290,"template":"","meta":[],"product_brand":[],"product_cat":[395,556,394,955,960,555],"product_tag":[],"class_list":{"0":"post-8282","1":"product","2":"type-product","3":"status-publish","4":"has-post-thumbnail","6":"product_cat-black-and-blue-1871","7":"product_cat-international-vintage-rugby-shirts","8":"product_cat-rugby-shirts-2","9":"product_cat-shop-by-country-club","10":"product_cat-south-africa-springboks-shop-by-country-club","11":"product_cat-vintage-rugby-shirts","12":"pa_merk-blackandblue1871","14":"first","15":"instock","16":"taxable","17":"shipping-taxable","18":"purchasable","19":"product-type-variable"},"df_price":135.95,"df_sale_price":"","df_regular_price":135.95,"df_image_link":"https:\/\/harristweed-shop.be\/wp-content\/uploads\/2023\/03\/4184b46c6e857bb5cbfd922d88bc46e2_South_Africa_1891_Rugby_Shirt_4-300x300.jpg","_links":{"self":[{"href":"https:\/\/harristweed-shop.be\/fr\/wp-json\/wp\/v2\/product\/8282","targetHints":{"allow":["GET"]}}],"collection":[{"href":"https:\/\/harristweed-shop.be\/fr\/wp-json\/wp\/v2\/product"}],"about":[{"href":"https:\/\/harristweed-shop.be\/fr\/wp-json\/wp\/v2\/types\/product"}],"wp:featuredmedia":[{"embeddable":true,"href":"https:\/\/harristweed-shop.be\/fr\/wp-json\/wp\/v2\/media\/8290"}],"wp:attachment":[{"href":"https:\/\/harristweed-shop.be\/fr\/wp-json\/wp\/v2\/media?parent=8282"}],"wp:term":[{"taxonomy":"product_brand","embeddable":true,"href":"https:\/\/harristweed-shop.be\/fr\/wp-json\/wp\/v2\/product_brand?post=8282"},{"taxonomy":"product_cat","embeddable":true,"href":"https:\/\/harristweed-shop.be\/fr\/wp-json\/wp\/v2\/product_cat?post=8282"},{"taxonomy":"product_tag","embeddable":true,"href":"https:\/\/harristweed-shop.be\/fr\/wp-json\/wp\/v2\/product_tag?post=8282"}],"curies":[{"name":"wp","href":"https:\/\/api.w.org\/{rel}","templated":true}]}}