{"id":82564,"date":"2023-05-14T16:55:59","date_gmt":"2023-05-14T16:55:59","guid":{"rendered":"https:\/\/harristweed-shop.be\/product\/mmx-jeans-donker-blauw\/"},"modified":"2026-05-05T05:25:55","modified_gmt":"2026-05-05T05:25:55","slug":"mmx-jeans-donker-blauw","status":"publish","type":"product","link":"https:\/\/harristweed-shop.be\/fr\/produit\/jean-mmx-bleu-fonce\/","title":{"rendered":"Jean MMX bleu fonc\u00e9"},"content":{"rendered":"<p>Magnifique jean MMX. Cette \u00e9dition limit\u00e9e arbore de luxueux d\u00e9tails rouges.<\/p>","protected":false},"excerpt":{"rendered":"<p>Magnifique jean MMX. Cette \u00e9dition limit\u00e9e arbore de luxueux d\u00e9tails rouges.<\/p>","protected":false},"featured_media":82575,"template":"","meta":[],"product_brand":[],"product_cat":[513,602,1206,843],"product_tag":[],"class_list":{"0":"post-82564","1":"product","2":"type-product","3":"status-publish","4":"has-post-thumbnail","6":"product_cat-broeken","7":"product_cat-hosen","8":"product_cat-jeans-hosen","9":"product_cat-jeans-en-five-pochet","10":"pa_merk-mmx","12":"first","13":"instock","14":"taxable","15":"shipping-taxable","16":"purchasable","17":"product-type-variable"},"df_price":179,"df_sale_price":"","df_regular_price":179,"df_image_link":"https:\/\/harristweed-shop.be\/wp-content\/uploads\/2023\/05\/92c6279f6b2d0ca930699f241cad1b83_100041_20201_4866-297x300.jpg","_links":{"self":[{"href":"https:\/\/harristweed-shop.be\/fr\/wp-json\/wp\/v2\/product\/82564","targetHints":{"allow":["GET"]}}],"collection":[{"href":"https:\/\/harristweed-shop.be\/fr\/wp-json\/wp\/v2\/product"}],"about":[{"href":"https:\/\/harristweed-shop.be\/fr\/wp-json\/wp\/v2\/types\/product"}],"wp:featuredmedia":[{"embeddable":true,"href":"https:\/\/harristweed-shop.be\/fr\/wp-json\/wp\/v2\/media\/82575"}],"wp:attachment":[{"href":"https:\/\/harristweed-shop.be\/fr\/wp-json\/wp\/v2\/media?parent=82564"}],"wp:term":[{"taxonomy":"product_brand","embeddable":true,"href":"https:\/\/harristweed-shop.be\/fr\/wp-json\/wp\/v2\/product_brand?post=82564"},{"taxonomy":"product_cat","embeddable":true,"href":"https:\/\/harristweed-shop.be\/fr\/wp-json\/wp\/v2\/product_cat?post=82564"},{"taxonomy":"product_tag","embeddable":true,"href":"https:\/\/harristweed-shop.be\/fr\/wp-json\/wp\/v2\/product_tag?post=82564"}],"curies":[{"name":"wp","href":"https:\/\/api.w.org\/{rel}","templated":true}]}}