{"id":81379,"date":"2023-05-14T15:56:29","date_gmt":"2023-05-14T15:56:29","guid":{"rendered":"https:\/\/harristweed-shop.be\/product\/schoen-lak-2\/"},"modified":"2026-04-28T13:04:08","modified_gmt":"2026-04-28T13:04:08","slug":"schoen-lak-2","status":"publish","type":"product","link":"https:\/\/harristweed-shop.be\/fr\/produit\/cirage-a-chaussures-2\/","title":{"rendered":"Chaussure, laqu\u00e9e"},"content":{"rendered":"<p>Magnifiques chaussures en cuir verni sign\u00e9es Paulo Bellini. Une superbe paire pour compl\u00e9ter votre smoking ou votre queue-de-pie. Leur semelle en caoutchouc confortable assure une marche douce et confortable. Elles offrent \u00e9galement un chaussant parfait. Magnifiques chaussures de smoking.<\/p>","protected":false},"excerpt":{"rendered":"<p>Magnifiques chaussures en cuir verni sign\u00e9es Paulo Bellini. Une superbe paire pour compl\u00e9ter votre smoking ou votre queue-de-pie. Leur semelle en caoutchouc confortable assure une marche douce et confortable. Elles offrent \u00e9galement un chaussant parfait. Magnifiques chaussures de smoking.<\/p>","protected":false},"featured_media":408089,"template":"","meta":[],"product_brand":[],"product_cat":[613,85,519],"product_tag":[],"class_list":{"0":"post-81379","1":"product","2":"type-product","3":"status-publish","4":"has-post-thumbnail","6":"product_cat-lakschoenen","7":"product_cat-schoenen","8":"product_cat-schuhe","9":"pa_merk-paulobellini","11":"first","12":"instock","13":"taxable","14":"shipping-taxable","15":"purchasable","16":"product-type-variable"},"df_price":169.95,"df_sale_price":"","df_regular_price":169.95,"df_image_link":"https:\/\/harristweed-shop.be\/wp-content\/uploads\/2023\/05\/e86c0c359ae1aa8bb3cf2b66efe5df25_100059_20182_4697-300x300.jpg","_links":{"self":[{"href":"https:\/\/harristweed-shop.be\/fr\/wp-json\/wp\/v2\/product\/81379","targetHints":{"allow":["GET"]}}],"collection":[{"href":"https:\/\/harristweed-shop.be\/fr\/wp-json\/wp\/v2\/product"}],"about":[{"href":"https:\/\/harristweed-shop.be\/fr\/wp-json\/wp\/v2\/types\/product"}],"wp:featuredmedia":[{"embeddable":true,"href":"https:\/\/harristweed-shop.be\/fr\/wp-json\/wp\/v2\/media\/408089"}],"wp:attachment":[{"href":"https:\/\/harristweed-shop.be\/fr\/wp-json\/wp\/v2\/media?parent=81379"}],"wp:term":[{"taxonomy":"product_brand","embeddable":true,"href":"https:\/\/harristweed-shop.be\/fr\/wp-json\/wp\/v2\/product_brand?post=81379"},{"taxonomy":"product_cat","embeddable":true,"href":"https:\/\/harristweed-shop.be\/fr\/wp-json\/wp\/v2\/product_cat?post=81379"},{"taxonomy":"product_tag","embeddable":true,"href":"https:\/\/harristweed-shop.be\/fr\/wp-json\/wp\/v2\/product_tag?post=81379"}],"curies":[{"name":"wp","href":"https:\/\/api.w.org\/{rel}","templated":true}]}}