{"id":8117,"date":"2023-03-08T13:25:52","date_gmt":"2023-03-08T13:25:52","guid":{"rendered":"https:\/\/harristweed-shop.be\/product\/england-1871-rugby-shirt-2\/"},"modified":"2026-05-05T06:19:27","modified_gmt":"2026-05-05T06:19:27","slug":"england-1871-rugby-shirt-2","status":"publish","type":"product","link":"https:\/\/harristweed-shop.be\/fr\/produit\/maillot-de-rugby-angleterre-1871-2\/","title":{"rendered":"Maillot de rugby Angleterre 1871"},"content":{"rendered":"<p>Coton flamm\u00e9 100% tr\u00e8s r\u00e9sistant<\/p>\n<p>380 g\/m\u00b2<\/p>\n<p>Logo rose brod\u00e9 avec la date de leur premier match test international<\/p>\n<p>D\u00e9tail brod\u00e9 1871 \u00e0 l&#039;arri\u00e8re du cou<\/p>\n<p>Ourlets renforc\u00e9s<\/p>\n<p>Plaque \u00e0 deux boutons en caoutchouc<\/p>\n<p>Lavable en machine<\/p>\n<p>Fabriqu\u00e9 au Portugal<\/p>","protected":false},"excerpt":{"rendered":"<p>Le maillot de rugby vintage Angleterre 1871 est confectionn\u00e9 dans un coton flamm\u00e9 \u00e9pais et r\u00e9tro, ce qui lui conf\u00e8re une finition r\u00e9sistante, douce et confortable. Ce maillot de rugby vintage \u00ab\u00a0old school\u00a0\u00bb Angleterre 1871 associe des teintures traditionnelles \u00e0 un d\u00e9lavage vieilli pour un aspect et un toucher agr\u00e9ablement us\u00e9s. Ce maillot de rugby blanc r\u00e9tro arbore la broderie rose classique et la date du premier match international de l&#039;Angleterre.<\/p>","protected":false},"featured_media":8125,"template":"","meta":[],"product_brand":[],"product_cat":[395,957,556,394,955,569,555],"product_tag":[],"class_list":{"0":"post-8117","1":"product","2":"type-product","3":"status-publish","4":"has-post-thumbnail","6":"product_cat-black-and-blue-1871","7":"product_cat-england-shop-by-country-club","8":"product_cat-international-vintage-rugby-shirts","9":"product_cat-rugby-shirts-2","10":"product_cat-shop-by-country-club","11":"product_cat-six-nations-vintage-rugby-shirts","12":"product_cat-vintage-rugby-shirts","13":"pa_merk-blackandblue1871","15":"first","16":"instock","17":"taxable","18":"shipping-taxable","19":"purchasable","20":"product-type-variable"},"df_price":135.95,"df_sale_price":"","df_regular_price":135.95,"df_image_link":"https:\/\/harristweed-shop.be\/wp-content\/uploads\/2023\/03\/66950da0835bfdbd99de9bf87b467ab0_England_1871_Rugby_Shirt_4-300x300.jpg","_links":{"self":[{"href":"https:\/\/harristweed-shop.be\/fr\/wp-json\/wp\/v2\/product\/8117","targetHints":{"allow":["GET"]}}],"collection":[{"href":"https:\/\/harristweed-shop.be\/fr\/wp-json\/wp\/v2\/product"}],"about":[{"href":"https:\/\/harristweed-shop.be\/fr\/wp-json\/wp\/v2\/types\/product"}],"wp:featuredmedia":[{"embeddable":true,"href":"https:\/\/harristweed-shop.be\/fr\/wp-json\/wp\/v2\/media\/8125"}],"wp:attachment":[{"href":"https:\/\/harristweed-shop.be\/fr\/wp-json\/wp\/v2\/media?parent=8117"}],"wp:term":[{"taxonomy":"product_brand","embeddable":true,"href":"https:\/\/harristweed-shop.be\/fr\/wp-json\/wp\/v2\/product_brand?post=8117"},{"taxonomy":"product_cat","embeddable":true,"href":"https:\/\/harristweed-shop.be\/fr\/wp-json\/wp\/v2\/product_cat?post=8117"},{"taxonomy":"product_tag","embeddable":true,"href":"https:\/\/harristweed-shop.be\/fr\/wp-json\/wp\/v2\/product_tag?post=8117"}],"curies":[{"name":"wp","href":"https:\/\/api.w.org\/{rel}","templated":true}]}}