{"id":80831,"date":"2023-05-14T14:24:50","date_gmt":"2023-05-14T14:24:50","guid":{"rendered":"https:\/\/harristweed-shop.be\/product\/handgeschilderde-stropdas-oude-meester-9\/"},"modified":"2026-04-08T18:55:37","modified_gmt":"2026-04-08T18:55:37","slug":"handgeschilderde-stropdas-oude-meester-9","status":"publish","type":"product","link":"https:\/\/harristweed-shop.be\/fr\/produit\/cravate-peinte-a-la-main-vieux-maitre-9\/","title":{"rendered":"Cravate peinte \u00e0 la main, vieux ma\u00eetre"},"content":{"rendered":"<p>Cravate peinte \u00e0 la main de vieux ma\u00eetre<br \/>\nChaque cravate est peinte \u00e0 la main et donc unique et une \u0153uvre d&#039;art en soi.<\/p>","protected":false},"excerpt":{"rendered":"<p>Handgeschilderde stropdas oude meester Iedere das wordt met de hand geschilderd en is dus uniek en daarmee een kunstwerkje op zich.<\/p>","protected":false},"featured_media":428256,"template":"","meta":[],"product_brand":[],"product_cat":[747,733],"product_tag":[],"class_list":{"0":"post-80831","1":"product","2":"type-product","3":"status-publish","4":"has-post-thumbnail","6":"product_cat-gedessineerd","7":"product_cat-stropdassen","8":"pa_merk-black-tie","10":"first","11":"instock","12":"taxable","13":"shipping-taxable","14":"purchasable","15":"product-type-simple"},"df_price":249,"df_sale_price":"","df_regular_price":249,"df_image_link":"https:\/\/harristweed-shop.be\/wp-content\/uploads\/2023\/05\/d76db1f77645e8f0b51aac6cdb49ed21_101307_0_3043-150x300.jpg","_links":{"self":[{"href":"https:\/\/harristweed-shop.be\/fr\/wp-json\/wp\/v2\/product\/80831","targetHints":{"allow":["GET"]}}],"collection":[{"href":"https:\/\/harristweed-shop.be\/fr\/wp-json\/wp\/v2\/product"}],"about":[{"href":"https:\/\/harristweed-shop.be\/fr\/wp-json\/wp\/v2\/types\/product"}],"wp:featuredmedia":[{"embeddable":true,"href":"https:\/\/harristweed-shop.be\/fr\/wp-json\/wp\/v2\/media\/428256"}],"wp:attachment":[{"href":"https:\/\/harristweed-shop.be\/fr\/wp-json\/wp\/v2\/media?parent=80831"}],"wp:term":[{"taxonomy":"product_brand","embeddable":true,"href":"https:\/\/harristweed-shop.be\/fr\/wp-json\/wp\/v2\/product_brand?post=80831"},{"taxonomy":"product_cat","embeddable":true,"href":"https:\/\/harristweed-shop.be\/fr\/wp-json\/wp\/v2\/product_cat?post=80831"},{"taxonomy":"product_tag","embeddable":true,"href":"https:\/\/harristweed-shop.be\/fr\/wp-json\/wp\/v2\/product_tag?post=80831"}],"curies":[{"name":"wp","href":"https:\/\/api.w.org\/{rel}","templated":true}]}}