{"id":80113,"date":"2023-05-14T12:25:51","date_gmt":"2023-05-14T12:25:51","guid":{"rendered":"https:\/\/harristweed-shop.be\/product\/stropdas-uni-100-zijde-22\/"},"modified":"2026-04-08T19:40:22","modified_gmt":"2026-04-08T19:40:22","slug":"stropdas-uni-100-zijde-22","status":"publish","type":"product","link":"https:\/\/harristweed-shop.be\/fr\/produit\/cravate-uni-100-soie-22\/","title":{"rendered":"Cravate uni 100% soie"},"content":{"rendered":"<p>Belle cravate en soie 100%.<br \/>\nCet accessoire fait partie d&#039;une collection de magnifiques accessoires en soie. Il comprend des cravates, des pompons, des broderies, des pochettes et des boutons de manchette. Des bretelles assorties sont \u00e9galement disponibles dans une large gamme de couleurs. Id\u00e9al pour habiller des groupes, comme une chorale, une f\u00eate d&#039;entreprise ou un mariage.<\/p>","protected":false},"excerpt":{"rendered":"<p>Magnifique cravate en soie 100%. Elle fait partie d&#039;une collection d&#039;accessoires en soie raffin\u00e9s. Cette collection comprend des cravates, des cravates cousues, des cravates \u00e0 coudre soi-m\u00eame, des pochettes et des boutons de manchette. Des bretelles assorties sont \u00e9galement disponibles dans une large gamme de couleurs. Id\u00e9ale pour habiller des groupes, comme une chorale, une soir\u00e9e d&#039;entreprise ou un mariage.<\/p>","protected":false},"featured_media":428418,"template":"","meta":[],"product_brand":[],"product_cat":[464,446,733,735,734],"product_tag":[],"class_list":{"0":"post-80113","1":"product","2":"type-product","3":"status-publish","4":"has-post-thumbnail","6":"product_cat-accessoires","7":"product_cat-gelegenheidskleding","8":"product_cat-stropdassen","9":"product_cat-stropdassen-accessoires","10":"product_cat-uni","11":"pa_merk-black-tie-products","13":"first","14":"outofstock","15":"taxable","16":"shipping-taxable","17":"purchasable","18":"product-type-simple"},"df_price":29.95,"df_sale_price":"","df_regular_price":29.95,"df_image_link":"https:\/\/harristweed-shop.be\/wp-content\/uploads\/2023\/05\/76c639a00b8dd284b3049daae01b97d3_100550_0_1586-300x225.jpg","_links":{"self":[{"href":"https:\/\/harristweed-shop.be\/fr\/wp-json\/wp\/v2\/product\/80113","targetHints":{"allow":["GET"]}}],"collection":[{"href":"https:\/\/harristweed-shop.be\/fr\/wp-json\/wp\/v2\/product"}],"about":[{"href":"https:\/\/harristweed-shop.be\/fr\/wp-json\/wp\/v2\/types\/product"}],"wp:featuredmedia":[{"embeddable":true,"href":"https:\/\/harristweed-shop.be\/fr\/wp-json\/wp\/v2\/media\/428418"}],"wp:attachment":[{"href":"https:\/\/harristweed-shop.be\/fr\/wp-json\/wp\/v2\/media?parent=80113"}],"wp:term":[{"taxonomy":"product_brand","embeddable":true,"href":"https:\/\/harristweed-shop.be\/fr\/wp-json\/wp\/v2\/product_brand?post=80113"},{"taxonomy":"product_cat","embeddable":true,"href":"https:\/\/harristweed-shop.be\/fr\/wp-json\/wp\/v2\/product_cat?post=80113"},{"taxonomy":"product_tag","embeddable":true,"href":"https:\/\/harristweed-shop.be\/fr\/wp-json\/wp\/v2\/product_tag?post=80113"}],"curies":[{"name":"wp","href":"https:\/\/api.w.org\/{rel}","templated":true}]}}