{"id":776,"date":"2020-04-03T13:33:42","date_gmt":"2020-04-03T13:33:42","guid":{"rendered":"https:\/\/harristweed-shop.be\/?post_type=product&#038;p=776"},"modified":"2023-10-27T13:16:46","modified_gmt":"2023-10-27T13:16:46","slug":"harris-tweed-jacket-kopie","status":"publish","type":"product","link":"https:\/\/harristweed-shop.be\/fr\/produit\/copie-de-veste-en-tweed-harris\/","title":{"rendered":"Veste en tweed Harris 629"},"content":{"rendered":"<p><img fetchpriority=\"high\" decoding=\"async\" class=\"alignnone size-full wp-image-495\" src=\"https:\/\/harristweed-shop.be\/wp-content\/uploads\/2019\/10\/images.png\" alt=\"\" width=\"314\" height=\"161\" srcset=\"https:\/\/harristweed-shop.be\/wp-content\/uploads\/2019\/10\/images.png 314w, https:\/\/harristweed-shop.be\/wp-content\/uploads\/2019\/10\/images-262x134.png 262w, https:\/\/harristweed-shop.be\/wp-content\/uploads\/2019\/10\/images-300x154.png 300w\" sizes=\"(max-width: 314px) 100vw, 314px\" \/><img decoding=\"async\" class=\"alignnone size-full wp-image-504\" src=\"https:\/\/harristweed-shop.be\/wp-content\/uploads\/2019\/10\/Schermafbeelding-2019-10-24-om-11.03.27.png\" alt=\"\" width=\"215\" height=\"95\" \/><\/p>\n<p><img decoding=\"async\" class=\"alignnone size-full wp-image-780\" src=\"https:\/\/harristweed-shop.be\/wp-content\/uploads\/2020\/04\/image.png\" alt=\"\" width=\"420\" height=\"180\" srcset=\"https:\/\/harristweed-shop.be\/wp-content\/uploads\/2020\/04\/image.png 420w, https:\/\/harristweed-shop.be\/wp-content\/uploads\/2020\/04\/image-262x112.png 262w, https:\/\/harristweed-shop.be\/wp-content\/uploads\/2020\/04\/image-300x129.png 300w\" sizes=\"(max-width: 420px) 100vw, 420px\" \/><\/p>\n<p>\u00ab L&#039;un des meilleurs tweeds au monde \u00bb<\/p>\n<p>La veste sportive en Harris Tweed aux couleurs caract\u00e9ristiques des H\u00e9brides \u00e9cossaises, confectionn\u00e9e en pure laine de mouton. Sportive et indestructible, le Harris Tweed est tiss\u00e9 \u00e0 la main en \u00c9cosse. Un incontournable pour homme.<\/p>\n<p><img loading=\"lazy\" decoding=\"async\" class=\"alignnone size-full wp-image-5774\" src=\"https:\/\/harristweed-shop.be\/wp-content\/uploads\/2020\/04\/Schermafbeelding-2020-10-14-om-16.23.03.png\" alt=\"\" width=\"531\" height=\"512\" srcset=\"https:\/\/harristweed-shop.be\/wp-content\/uploads\/2020\/04\/Schermafbeelding-2020-10-14-om-16.23.03.png 531w, https:\/\/harristweed-shop.be\/wp-content\/uploads\/2020\/04\/Schermafbeelding-2020-10-14-om-16.23.03-262x253.png 262w, https:\/\/harristweed-shop.be\/wp-content\/uploads\/2020\/04\/Schermafbeelding-2020-10-14-om-16.23.03-300x289.png 300w\" sizes=\"(max-width: 531px) 100vw, 531px\" \/><\/p>","protected":false},"excerpt":{"rendered":"<p>Magnifique veste en tweed Harris \u00e0 motif chevrons. Chevrons sable \u00e0 carreaux bleu\/brique.<\/p>\n<p>Magnifiquement confectionn\u00e9 dans une coupe moderne.<\/p>\n<p>2 poches \u00e0 rabat en biais et une poche ticket<\/p>\n<p>2 fentes lat\u00e9rales<\/p>\n<p>Coudi\u00e8res<\/p>\n<p>3 poches int\u00e9rieures<\/p>\n<p><img fetchpriority=\"high\" decoding=\"async\" class=\"alignnone size-full wp-image-495\" src=\"https:\/\/harristweed-shop.be\/wp-content\/uploads\/2019\/10\/images.png\" alt=\"\" width=\"314\" height=\"161\" srcset=\"https:\/\/harristweed-shop.be\/wp-content\/uploads\/2019\/10\/images.png 314w, https:\/\/harristweed-shop.be\/wp-content\/uploads\/2019\/10\/images-262x134.png 262w, https:\/\/harristweed-shop.be\/wp-content\/uploads\/2019\/10\/images-300x154.png 300w\" sizes=\"(max-width: 314px) 100vw, 314px\" \/><\/p>","protected":false},"featured_media":3798,"template":"","meta":[],"product_brand":[],"product_cat":[393,15],"product_tag":[90,91,89],"class_list":{"0":"post-776","1":"product","2":"type-product","3":"status-publish","4":"has-post-thumbnail","6":"product_cat-harris-tweed-heren-jasjes","7":"product_cat-harris-tweed-colberts","8":"product_tag-harris-tweed-colbert","9":"product_tag-harris-tweed-jacket","10":"product_tag-harris-tweed-jasje","11":"pa_merk-harristweed","12":"pa_merk-wellington","14":"first","15":"outofstock","16":"taxable","17":"shipping-taxable","18":"product-type-variable"},"df_price":"","df_sale_price":"","df_regular_price":"","df_image_link":"https:\/\/harristweed-shop.be\/wp-content\/uploads\/2020\/04\/Harris-Tweed-Jasje-London_2233629_0042-225x300.jpg","_links":{"self":[{"href":"https:\/\/harristweed-shop.be\/fr\/wp-json\/wp\/v2\/product\/776","targetHints":{"allow":["GET"]}}],"collection":[{"href":"https:\/\/harristweed-shop.be\/fr\/wp-json\/wp\/v2\/product"}],"about":[{"href":"https:\/\/harristweed-shop.be\/fr\/wp-json\/wp\/v2\/types\/product"}],"wp:featuredmedia":[{"embeddable":true,"href":"https:\/\/harristweed-shop.be\/fr\/wp-json\/wp\/v2\/media\/3798"}],"wp:attachment":[{"href":"https:\/\/harristweed-shop.be\/fr\/wp-json\/wp\/v2\/media?parent=776"}],"wp:term":[{"taxonomy":"product_brand","embeddable":true,"href":"https:\/\/harristweed-shop.be\/fr\/wp-json\/wp\/v2\/product_brand?post=776"},{"taxonomy":"product_cat","embeddable":true,"href":"https:\/\/harristweed-shop.be\/fr\/wp-json\/wp\/v2\/product_cat?post=776"},{"taxonomy":"product_tag","embeddable":true,"href":"https:\/\/harristweed-shop.be\/fr\/wp-json\/wp\/v2\/product_tag?post=776"}],"curies":[{"name":"wp","href":"https:\/\/api.w.org\/{rel}","templated":true}]}}