{"id":7612,"date":"2021-06-11T08:22:56","date_gmt":"2021-06-11T08:22:56","guid":{"rendered":"https:\/\/harristweed-shop.be\/?post_type=product&#038;p=7612"},"modified":"2023-10-26T08:39:46","modified_gmt":"2023-10-26T08:39:46","slug":"fred-perry-polo-liquerice-brown","status":"publish","type":"product","link":"https:\/\/harristweed-shop.be\/fr\/produit\/fred-perry-polo-liquerice-brown\/","title":{"rendered":"FRED PERRY, POLO, MARRON R\u00c9CIPIENT"},"content":{"rendered":"<ul>\n<li>\n<div class=\"vc_row wpb_row vc_row-fluid\">\n<div class=\"wpb_column vc_column_container vc_col-sm-12\">\n<div class=\"vc_column-inner\">\n<div class=\"wpb_wrapper\">\n<div class=\"wpb_text_column wpb_content_element\">\n<div class=\"wpb_wrapper\">\n<p><strong>M3600 \u2013 CHEMISE FRED PERRY \u00c0 DOUBLE LISER\u00c9<\/strong><\/p>\n<\/div>\n<\/div>\n<\/div>\n<\/div>\n<\/div>\n<\/div>\n<div class=\"vc_row wpb_row vc_row-fluid\">\n<div class=\"wpb_column vc_column_container vc_col-sm-12\">\n<div class=\"vc_column-inner\">\n<div class=\"wpb_wrapper\">\n<div class=\"wpb_text_column wpb_content_element\">\n<div class=\"wpb_wrapper\">\n<div class=\"product attribute description\">\n<div class=\"value\">\n<p>La chemise Fred Perry \u00e0 double liser\u00e9. Confectionn\u00e9e dans notre piqu\u00e9 de coton classique, elle pr\u00e9sente une coupe contemporaine. La M3600 pr\u00e9sente des proportions l\u00e9g\u00e8rement plus ajust\u00e9es que notre chemise de tennis M12 originale, avec des poignets et un col soign\u00e9s.<\/p>\n<p>Piqu\u00e9 de coton \/ Coupe r\u00e9guli\u00e8re \/ Proportions l\u00e9g\u00e8rement plus fines que le M12 original \/ Col et poignets \u00e0 double pointe \/ Patte de boutonnage \u00e0 deux boutons.<\/p>\n<p>Notre chemise en piqu\u00e9 \u00e0 double liser\u00e9 a \u00e9t\u00e9 la premi\u00e8re \u00e0 arborer notre l\u00e9gendaire liser\u00e9 5-4-4, et il reste au c\u0153ur de toutes nos activit\u00e9s. Interpr\u00e9tation de notre chemise Fred Perry \u00e0 double liser\u00e9 originale, la M3600 pr\u00e9sente une coupe plus contemporaine. Elle a une histoire, et chaque nouvelle g\u00e9n\u00e9ration enrichit son h\u00e9ritage. Toujours diff\u00e9rente, toujours la m\u00eame.<\/p>\n<p>&nbsp;<\/p>\n<ul>\n<li>Coton 100%<\/li>\n<li>Lavage en machine<\/li>\n<li>Taille du mod\u00e8le : 182 cm \/ 6\u2032<\/li>\n<li>Le mannequin porte : M<\/li>\n<\/ul>\n<\/div>\n<\/div>\n<\/div>\n<\/div>\n<\/div>\n<\/div>\n<\/div>\n<\/div>\n<p><img fetchpriority=\"high\" decoding=\"async\" class=\"alignnone size-full wp-image-7557\" src=\"https:\/\/harristweed-shop.be\/wp-content\/uploads\/2021\/06\/Schermafbeelding-2021-06-09-om-14.30.44.png\" alt=\"\" width=\"743\" height=\"671\" srcset=\"https:\/\/harristweed-shop.be\/wp-content\/uploads\/2021\/06\/Schermafbeelding-2021-06-09-om-14.30.44.png 743w, https:\/\/harristweed-shop.be\/wp-content\/uploads\/2021\/06\/Schermafbeelding-2021-06-09-om-14.30.44-262x237.png 262w, https:\/\/harristweed-shop.be\/wp-content\/uploads\/2021\/06\/Schermafbeelding-2021-06-09-om-14.30.44-555x501.png 555w, https:\/\/harristweed-shop.be\/wp-content\/uploads\/2021\/06\/Schermafbeelding-2021-06-09-om-14.30.44-300x271.png 300w\" sizes=\"(max-width: 743px) 100vw, 743px\" \/><\/li>\n<\/ul>","protected":false},"excerpt":{"rendered":"<p>Fred Perry, Polo Slim<\/p>\n<p>&nbsp;<\/p>\n<p><img decoding=\"async\" class=\"alignnone wp-image-7558\" src=\"https:\/\/harristweed-shop.be\/wp-content\/uploads\/2021\/06\/Single-Laurel_black.png\" alt=\"\" width=\"309\" height=\"270\" srcset=\"https:\/\/harristweed-shop.be\/wp-content\/uploads\/2021\/06\/Single-Laurel_black.png 400w, https:\/\/harristweed-shop.be\/wp-content\/uploads\/2021\/06\/Single-Laurel_black-262x229.png 262w, https:\/\/harristweed-shop.be\/wp-content\/uploads\/2021\/06\/Single-Laurel_black-300x262.png 300w\" sizes=\"(max-width: 309px) 100vw, 309px\" \/><\/p>","protected":false},"featured_media":7620,"template":"","meta":[],"product_brand":[],"product_cat":[437,406],"product_tag":[],"class_list":{"0":"post-7612","1":"product","2":"type-product","3":"status-publish","4":"has-post-thumbnail","6":"product_cat-fred-perry","7":"product_cat-polos","8":"pa_merk-fred-perry","10":"first","11":"outofstock","12":"taxable","13":"shipping-taxable","14":"product-type-variable"},"df_price":"","df_sale_price":"","df_regular_price":"","df_image_link":"https:\/\/harristweed-shop.be\/wp-content\/uploads\/2021\/06\/M3600_M86_2-300x300.jpg","_links":{"self":[{"href":"https:\/\/harristweed-shop.be\/fr\/wp-json\/wp\/v2\/product\/7612","targetHints":{"allow":["GET"]}}],"collection":[{"href":"https:\/\/harristweed-shop.be\/fr\/wp-json\/wp\/v2\/product"}],"about":[{"href":"https:\/\/harristweed-shop.be\/fr\/wp-json\/wp\/v2\/types\/product"}],"wp:featuredmedia":[{"embeddable":true,"href":"https:\/\/harristweed-shop.be\/fr\/wp-json\/wp\/v2\/media\/7620"}],"wp:attachment":[{"href":"https:\/\/harristweed-shop.be\/fr\/wp-json\/wp\/v2\/media?parent=7612"}],"wp:term":[{"taxonomy":"product_brand","embeddable":true,"href":"https:\/\/harristweed-shop.be\/fr\/wp-json\/wp\/v2\/product_brand?post=7612"},{"taxonomy":"product_cat","embeddable":true,"href":"https:\/\/harristweed-shop.be\/fr\/wp-json\/wp\/v2\/product_cat?post=7612"},{"taxonomy":"product_tag","embeddable":true,"href":"https:\/\/harristweed-shop.be\/fr\/wp-json\/wp\/v2\/product_tag?post=7612"}],"curies":[{"name":"wp","href":"https:\/\/api.w.org\/{rel}","templated":true}]}}