{"id":75903,"date":"2023-05-09T14:55:47","date_gmt":"2023-05-09T14:55:47","guid":{"rendered":"https:\/\/harristweed-shop.be\/product\/maxwell-british-tweed-bond-cap-navy-check\/"},"modified":"2026-05-05T05:31:42","modified_gmt":"2026-05-05T05:31:42","slug":"maxwell-british-tweed-bond-cap-navy-check","status":"publish","type":"product","link":"https:\/\/harristweed-shop.be\/fr\/produit\/casquette-maxwell-british-tweed-bond-a-carreaux-bleu-marine\/","title":{"rendered":"Casquette Maxwell en tweed britannique \u00e0 carreaux bleu marine"},"content":{"rendered":"<p>Forme de style de liaison<\/p>\n<p>Pic allong\u00e9<\/p>\n<p>Doublure en satin matelass\u00e9<\/p>\n<p>La Maxwell est une casquette de style Bond avec une calotte en trois parties et une visi\u00e8re allong\u00e9e. Dot\u00e9e d&#039;une doublure en satin matelass\u00e9, elle compl\u00e8te avec \u00e9l\u00e9gance et raffinement la gamme.<\/p>","protected":false},"excerpt":{"rendered":"<p>Bond Style Shape Elongated Peak Quilted Satin Lining The Maxwell is a Bond style cap with a 3-piece crown and elongated peak. With a quilted satin lining this cap is a stylish and smart addition to the range.<\/p>","protected":false},"featured_media":75908,"template":"","meta":[],"product_brand":[],"product_cat":[433,547,542,83],"product_tag":[],"class_list":{"0":"post-75903","1":"product","2":"type-product","3":"status-publish","4":"has-post-thumbnail","6":"product_cat-harris-tweed-petten","7":"product_cat-harris-tweed-mutzen","8":"product_cat-hute-und-caps","9":"product_cat-petten-en-caps","10":"pa_merk-harristweed","12":"first","13":"instock","14":"taxable","15":"shipping-taxable","16":"purchasable","17":"product-type-variable"},"df_price":59.95,"df_sale_price":"","df_regular_price":59.95,"df_image_link":"https:\/\/harristweed-shop.be\/wp-content\/uploads\/2023\/05\/64501e7a7997f8ae7489d41e89423342_Maxwell_British_Tweed_Bond_Cap_Navy_Check-300x300.jpg","_links":{"self":[{"href":"https:\/\/harristweed-shop.be\/fr\/wp-json\/wp\/v2\/product\/75903","targetHints":{"allow":["GET"]}}],"collection":[{"href":"https:\/\/harristweed-shop.be\/fr\/wp-json\/wp\/v2\/product"}],"about":[{"href":"https:\/\/harristweed-shop.be\/fr\/wp-json\/wp\/v2\/types\/product"}],"wp:featuredmedia":[{"embeddable":true,"href":"https:\/\/harristweed-shop.be\/fr\/wp-json\/wp\/v2\/media\/75908"}],"wp:attachment":[{"href":"https:\/\/harristweed-shop.be\/fr\/wp-json\/wp\/v2\/media?parent=75903"}],"wp:term":[{"taxonomy":"product_brand","embeddable":true,"href":"https:\/\/harristweed-shop.be\/fr\/wp-json\/wp\/v2\/product_brand?post=75903"},{"taxonomy":"product_cat","embeddable":true,"href":"https:\/\/harristweed-shop.be\/fr\/wp-json\/wp\/v2\/product_cat?post=75903"},{"taxonomy":"product_tag","embeddable":true,"href":"https:\/\/harristweed-shop.be\/fr\/wp-json\/wp\/v2\/product_tag?post=75903"}],"curies":[{"name":"wp","href":"https:\/\/api.w.org\/{rel}","templated":true}]}}