{"id":75008,"date":"2023-05-09T12:07:34","date_gmt":"2023-05-09T12:07:34","guid":{"rendered":"https:\/\/harristweed-shop.be\/product\/bakerboy-cap-601-harris-tweed\/"},"modified":"2026-04-08T20:25:32","modified_gmt":"2026-04-08T20:25:32","slug":"bakerboy-cap-601-harris-tweed","status":"publish","type":"product","link":"https:\/\/harristweed-shop.be\/fr\/produit\/casquette-bakerboy-601-en-tweed-harris-2\/","title":{"rendered":"Casquette de gavroche en tweed Harris 8 panneaux \u201c Thomas \u201d gris acier"},"content":{"rendered":"<p>Notre casquette Thomas est compos\u00e9e de 8 panneaux triangulaires reli\u00e9s par un bouton central sur le dessus. Rendue c\u00e9l\u00e8bre par la s\u00e9rie Peaky Blinders, elle incarne le style classique que vous recherchez peut-\u00eatre.<\/p>\n<p>Nous cr\u00e9ons des v\u00eatements en tweed depuis plus de 20 ans. Associ\u00e9 \u00e0 un tissu aux finitions impeccables, le tweed est le fruit d&#039;un savoir-faire d&#039;exception.<\/p>\n<p>Le Harris Tweed est un tissu haut de gamme, fabriqu\u00e9 artisanalement en \u00c9cosse \u00e0 partir de pure laine vierge \u2013 c&#039;est-\u00e0-dire une laine n&#039;ayant jamais \u00e9t\u00e9 utilis\u00e9e auparavant. Il est largement consid\u00e9r\u00e9 comme l&#039;un des tissus les plus luxueux au monde et est le seul \u00e0 b\u00e9n\u00e9ficier d&#039;une protection l\u00e9gale garantissant sa qualit\u00e9 sup\u00e9rieure.<\/p>\n<p>La loi exige que le Harris Tweed soit\u00a0: \u201c\u00a0tiss\u00e9 \u00e0 la main par les insulaires dans leurs foyers des H\u00e9brides ext\u00e9rieures, fini dans les H\u00e9brides ext\u00e9rieures et fabriqu\u00e9 \u00e0 partir de pure laine vierge teinte et fil\u00e9e dans les H\u00e9brides ext\u00e9rieures.\u00a0\u201d Les \u00eeles de Lewis, Harris, Uist et Barra sont situ\u00e9es au nord de l\u2019\u00c9cosse.<\/p>\n<p>Chaque rouleau produit est inspect\u00e9 par un membre de la Harris Tweed Authority avant d&#039;\u00eatre estampill\u00e9 \u00e0 la main et exp\u00e9di\u00e9 pour utilisation.<\/p>\n<p>Ainsi, lorsque vous achetez un produit Harris Tweed, vous avez la garantie qu&#039;il a \u00e9t\u00e9 confectionn\u00e9 \u00e0 la main \u00e0 la perfection !<\/p>\n<p>Une casquette haut de gamme au toucher exceptionnel. Doubl\u00e9e d&#039;un tissu doux et rembourr\u00e9, elle s&#039;accorde parfaitement avec le luxe du tissu ext\u00e9rieur raffin\u00e9. La bande de transpiration int\u00e9rieure cousue emp\u00eache la laine d&#039;irriter le cuir chevelu, pour un confort \u00e0 la hauteur de son allure.<\/p>\n<p>Comme on peut s&#039;y attendre d&#039;une casquette Walker &amp; Hawkes, la casquette Thomas offre un maintien profond et s\u00fbr, prot\u00e9geant ainsi votre t\u00eate du vent froid. Le tweed \u00e9tant naturellement d\u00e9perlant, votre t\u00eate restera au sec en cas de pluie fine.<\/p>\n<p>Lorsque le soleil brille, la visi\u00e8re cousue prot\u00e8ge vos yeux, et la conception l\u00e9g\u00e8re garantit que vous ne serez pas surcharg\u00e9.<\/p>\n<p>Le choix id\u00e9al pour l&#039;amateur de plein air \u00e9l\u00e9gant qui souhaite un style raffin\u00e9 lors de ses activit\u00e9s en ext\u00e9rieur, en ville comme \u00e0 la campagne.<\/p>\n<p>Choisissez parmi notre vaste palette de couleurs. Optez pour une teinte naturelle qui capture \u00e0 merveille l&#039;atmosph\u00e8re des paysages \u00e9cossais. Ou choisissez un style plus contemporain avec nos couleurs \u00e9clatantes.<\/p>\n<p>Compl\u00e9tez votre look \u00e9l\u00e9gant avec nos autres produits en Harris Tweed, mondialement connu\u00a0: cardigans, blazers et gants assortis disponibles\u00a0!<\/p>\n<p>Mesurez pr\u00e9cis\u00e9ment votre tour de t\u00eate et consultez notre tableau des tailles pour trouver la taille parfaite.<\/p>\n<p>Lavage \u00e0 la main ou nettoyage \u00e0 sec uniquement pour pr\u00e9server la qualit\u00e9.<\/p>\n<\/p>\n<p>100% Authentique Harris Tweed \u2013 tiss\u00e9 \u00e0 la main dans les H\u00e9brides ext\u00e9rieures d&#039;\u00c9cosse. Reconnu comme l&#039;un des tissus les plus luxueux au monde.<\/p>\n<p>Style vintage \u2013 parfait pour un look luxueux et \u00e9l\u00e9gant.<\/p>\n<p>Plus de 20 ans d&#039;exp\u00e9rience \u2013 con\u00e7u avec plus de 20 ans d&#039;exp\u00e9rience dans la fabrication de v\u00eatements en tweed.<\/p>\n<p>R\u00e9sistant \u2013 le tweed est tiss\u00e9 extr\u00eamement serr\u00e9 et donc tr\u00e8s r\u00e9sistant. Il peut \u00eatre pli\u00e9 20\u00a0000 fois sans se casser.<\/p>\n<p>Ressource renouvelable\u00a0: la laine des moutons repousse chaque ann\u00e9e, il s\u2019agit donc d\u2019une ressource renouvelable. La production de laine garantit \u00e9galement de faibles \u00e9missions de CO2.<\/p>\n<p>Hydrofuge \u2013 la laine peut absorber jusqu&#039;\u00e0 30% de son poids en humidit\u00e9 sans s&#039;infiltrer.<\/p>\n<p>Maintien optimal \u2013 Comme toujours, les chapeaux Walker &amp; Hawkes offrent une coupe profonde, garantissant confort et maintien. Consultez notre guide des tailles.<\/p>\n<p>Protection UV \u2013 la laine vous prot\u00e8ge naturellement des rayons UV.<\/p>\n<p>R\u00e9sistant aux plis et aux froissements \u2013 gr\u00e2ce \u00e0 son \u00e9lasticit\u00e9 naturelle, vous n&#039;aurez plus \u00e0 vous soucier des plis ou des froissements sur votre v\u00eatement en tweed.<\/p>\n<\/p>\n<p>Votre casquette Thomas sera exp\u00e9di\u00e9e rapidement et en toute s\u00e9curit\u00e9.<\/p>\n<p>Disponible en blanc sable, brun Clinton, gris Earl Grey, vert chasseur, bleu nuit, bleu royal, gris acier et vert mousse.<\/p>\n<p>Des cardigans, des gants et des blazers assortis sont disponibles pour compl\u00e9ter le look Harris Tweed.<\/p>\n<p>Convient \u00e0 une grande vari\u00e9t\u00e9 d&#039;occasions, notamment : la chasse, la randonn\u00e9e, la mode, les v\u00eatements d&#039;ext\u00e9rieur, les courses, les mariages, les occasions formelles et bien plus encore !<\/p>\n<\/p>\n<p>Caract\u00e9ristiques principales<\/p>\n<p>Ext\u00e9rieur en pure laine vierge 100%.<\/p>\n<p>La doublure int\u00e9rieure est en polyester matelass\u00e9 100%.<\/p>\n<p>Rabat cousu.<\/p>\n<p>Bandeau anti-transpiration en gros-grain c\u00f4tel\u00e9.<\/p>\n<p>\u00c9tiquettes originales Harris Tweed.<\/p>\n<p>\u00c9tiquette amovible en Harris Tweed dans la couture.<\/p>\n<p>Logo Walker &amp; Hawkes brod\u00e9 \u00e0 l&#039;int\u00e9rieur.<\/p>","protected":false},"excerpt":{"rendered":"<p>Casquette de gavroche en tweed Harris 8 panneaux \u201c Thomas \u201d gris acier.<\/p>\n<p>\u2013 100% authentique Harris Tweed<br \/>\n- Durable<br \/>\n\u2013 Source renouvelable<br \/>\n\u2013 Hydrofuge<br \/>\n\u2013 Protection UV<br \/>\n\u2013 R\u00e9sistant aux plis et aux rides<br \/>\nVotre casquette Thomas sera exp\u00e9di\u00e9e rapidement et en toute s\u00e9curit\u00e9.<br \/>\n\u2013 Des cardigans, des gants et des blazers assortis sont disponibles pour compl\u00e9ter le look Harris Tweed.<\/p>","protected":false},"featured_media":545809,"template":"","meta":[],"product_brand":[],"product_cat":[1121,1165,1119,1164,433,547,542,83],"product_tag":[],"class_list":{"0":"post-75008","1":"product","2":"type-product","3":"status-publish","4":"has-post-thumbnail","6":"product_cat-harris-tweed-bakerboy-caps-harris-tweed-hoeden-petten-en-caps","7":"product_cat-harris-tweed-bakerboy-mutzen","8":"product_cat-harris-tweed-hoeden-petten-en-caps","9":"product_cat-harris-tweed-mutzen-und-hute","10":"product_cat-harris-tweed-petten","11":"product_cat-harris-tweed-mutzen","12":"product_cat-hute-und-caps","13":"product_cat-petten-en-caps","14":"pa_merk-harristweed","16":"first","17":"instock","18":"taxable","19":"shipping-taxable","20":"purchasable","21":"product-type-variable"},"df_price":59.95,"df_sale_price":"","df_regular_price":59.95,"df_image_link":"https:\/\/harristweed-shop.be\/wp-content\/uploads\/2023\/05\/ad2342600694562d9bca3342577b168f_Bakerboy_Cap_Harris_Tweed_8_Panel__Thomas__In_Steel_Grey_-225x300.jpeg","_links":{"self":[{"href":"https:\/\/harristweed-shop.be\/fr\/wp-json\/wp\/v2\/product\/75008","targetHints":{"allow":["GET"]}}],"collection":[{"href":"https:\/\/harristweed-shop.be\/fr\/wp-json\/wp\/v2\/product"}],"about":[{"href":"https:\/\/harristweed-shop.be\/fr\/wp-json\/wp\/v2\/types\/product"}],"wp:featuredmedia":[{"embeddable":true,"href":"https:\/\/harristweed-shop.be\/fr\/wp-json\/wp\/v2\/media\/545809"}],"wp:attachment":[{"href":"https:\/\/harristweed-shop.be\/fr\/wp-json\/wp\/v2\/media?parent=75008"}],"wp:term":[{"taxonomy":"product_brand","embeddable":true,"href":"https:\/\/harristweed-shop.be\/fr\/wp-json\/wp\/v2\/product_brand?post=75008"},{"taxonomy":"product_cat","embeddable":true,"href":"https:\/\/harristweed-shop.be\/fr\/wp-json\/wp\/v2\/product_cat?post=75008"},{"taxonomy":"product_tag","embeddable":true,"href":"https:\/\/harristweed-shop.be\/fr\/wp-json\/wp\/v2\/product_tag?post=75008"}],"curies":[{"name":"wp","href":"https:\/\/api.w.org\/{rel}","templated":true}]}}