{"id":7437,"date":"2021-05-22T07:15:32","date_gmt":"2021-05-22T07:15:32","guid":{"rendered":"https:\/\/harristweed-shop.be\/?post_type=product&#038;p=7437"},"modified":"2023-10-26T09:04:50","modified_gmt":"2023-10-26T09:04:50","slug":"flannel-shirt-viyella-tattersal","status":"publish","type":"product","link":"https:\/\/harristweed-shop.be\/fr\/produit\/chemise-en-flanelle-viyella-tattersal\/","title":{"rendered":"Chemise en flanelle Viyella Tattersal"},"content":{"rendered":"<p>Chemise en flanelle de Viyella. Le c\u00e9l\u00e8bre m\u00e9lange coton-laine offre un confort exceptionnel.<\/p>\n<p>Belle chemise!<\/p>\n<p><img fetchpriority=\"high\" decoding=\"async\" class=\"alignnone size-full wp-image-579\" src=\"https:\/\/harristweed-shop.be\/wp-content\/uploads\/2019\/10\/Schermafbeelding-2019-10-24-om-16.15.17.png\" alt=\"\" width=\"616\" height=\"186\" srcset=\"https:\/\/harristweed-shop.be\/wp-content\/uploads\/2019\/10\/Schermafbeelding-2019-10-24-om-16.15.17.png 616w, https:\/\/harristweed-shop.be\/wp-content\/uploads\/2019\/10\/Schermafbeelding-2019-10-24-om-16.15.17-262x79.png 262w, https:\/\/harristweed-shop.be\/wp-content\/uploads\/2019\/10\/Schermafbeelding-2019-10-24-om-16.15.17-555x168.png 555w, https:\/\/harristweed-shop.be\/wp-content\/uploads\/2019\/10\/Schermafbeelding-2019-10-24-om-16.15.17-300x91.png 300w\" sizes=\"(max-width: 616px) 100vw, 616px\" \/><img decoding=\"async\" class=\"alignnone size-full wp-image-567\" src=\"https:\/\/harristweed-shop.be\/wp-content\/uploads\/2019\/10\/image-9.png\" alt=\"\" width=\"170\" height=\"176\" \/><\/p>","protected":false},"excerpt":{"rendered":"<p>Chemise en flanelle de Viyella. Le c\u00e9l\u00e8bre m\u00e9lange coton-laine offre un confort exceptionnel.<\/p>\n<p>&nbsp;<\/p>\n<p><img decoding=\"async\" class=\"alignnone size-full wp-image-567\" src=\"https:\/\/harristweed-shop.be\/wp-content\/uploads\/2019\/10\/image-9.png\" alt=\"\" width=\"170\" height=\"176\" \/><\/p>","protected":false},"featured_media":7443,"template":"","meta":[],"product_brand":[],"product_cat":[304,86],"product_tag":[102,104,103,101],"class_list":{"0":"post-7437","1":"product","2":"type-product","3":"status-publish","4":"has-post-thumbnail","6":"product_cat-flanel-shirts","7":"product_cat-shirts-en-overhemden","8":"product_tag-flanel-overhemd","9":"product_tag-flannel-shirt","10":"product_tag-overhemd-met-wol","11":"product_tag-viyella-shirt","12":"pa_merk-viyella","14":"first","15":"outofstock","16":"taxable","17":"shipping-taxable","18":"product-type-variable"},"df_price":"","df_sale_price":"","df_regular_price":"","df_image_link":"https:\/\/harristweed-shop.be\/wp-content\/uploads\/2021\/05\/vy0110-216-234x300.jpg","_links":{"self":[{"href":"https:\/\/harristweed-shop.be\/fr\/wp-json\/wp\/v2\/product\/7437","targetHints":{"allow":["GET"]}}],"collection":[{"href":"https:\/\/harristweed-shop.be\/fr\/wp-json\/wp\/v2\/product"}],"about":[{"href":"https:\/\/harristweed-shop.be\/fr\/wp-json\/wp\/v2\/types\/product"}],"wp:featuredmedia":[{"embeddable":true,"href":"https:\/\/harristweed-shop.be\/fr\/wp-json\/wp\/v2\/media\/7443"}],"wp:attachment":[{"href":"https:\/\/harristweed-shop.be\/fr\/wp-json\/wp\/v2\/media?parent=7437"}],"wp:term":[{"taxonomy":"product_brand","embeddable":true,"href":"https:\/\/harristweed-shop.be\/fr\/wp-json\/wp\/v2\/product_brand?post=7437"},{"taxonomy":"product_cat","embeddable":true,"href":"https:\/\/harristweed-shop.be\/fr\/wp-json\/wp\/v2\/product_cat?post=7437"},{"taxonomy":"product_tag","embeddable":true,"href":"https:\/\/harristweed-shop.be\/fr\/wp-json\/wp\/v2\/product_tag?post=7437"}],"curies":[{"name":"wp","href":"https:\/\/api.w.org\/{rel}","templated":true}]}}