{"id":72692,"date":"2023-05-05T19:01:53","date_gmt":"2023-05-05T19:01:53","guid":{"rendered":"https:\/\/harristweed-shop.be\/product\/pullover-ford-zip-neck-navy\/"},"modified":"2026-04-08T22:10:36","modified_gmt":"2026-04-08T22:10:36","slug":"pullover-ford-zip-neck-navy","status":"publish","type":"product","link":"https:\/\/harristweed-shop.be\/fr\/produit\/pull-col-zippe-ford-bleu-marine\/","title":{"rendered":"Pull, col zipp\u00e9 Ford Bleu marine"},"content":{"rendered":"<p>Laine m\u00e9rinos 7gge.<br \/>\nCol ras du cou.<br \/>\nPoignets et ourlet c\u00f4tel\u00e9s.<br \/>\nFabriqu\u00e9 en Angleterre<\/p>","protected":false},"excerpt":{"rendered":"<p>Le pull \u00e0 col rond Ford est un classique incontournable de la garde-robe. Pratique et \u00e9l\u00e9gant, il convient \u00e0 tous.<\/p>","protected":false},"featured_media":72700,"template":"","meta":[],"product_brand":[],"product_cat":[486,84,442,487],"product_tag":[],"class_list":{"0":"post-72692","1":"product","2":"type-product","3":"status-publish","4":"has-post-thumbnail","6":"product_cat-pullover-und-westen","7":"product_cat-truien-en-pullovers","8":"product_cat-wollen-truien","9":"product_cat-wollpullover","10":"pa_merk-peregrine","12":"first","13":"outofstock","14":"taxable","15":"shipping-taxable","16":"product-type-variable"},"df_price":"","df_sale_price":"","df_regular_price":"","df_image_link":"https:\/\/harristweed-shop.be\/wp-content\/uploads\/2023\/05\/62ffecd309b405b2c38ba62ff5d0e658_Pullover__Ford_Zip_neck_Navy-225x300.jpg","_links":{"self":[{"href":"https:\/\/harristweed-shop.be\/fr\/wp-json\/wp\/v2\/product\/72692","targetHints":{"allow":["GET"]}}],"collection":[{"href":"https:\/\/harristweed-shop.be\/fr\/wp-json\/wp\/v2\/product"}],"about":[{"href":"https:\/\/harristweed-shop.be\/fr\/wp-json\/wp\/v2\/types\/product"}],"wp:featuredmedia":[{"embeddable":true,"href":"https:\/\/harristweed-shop.be\/fr\/wp-json\/wp\/v2\/media\/72700"}],"wp:attachment":[{"href":"https:\/\/harristweed-shop.be\/fr\/wp-json\/wp\/v2\/media?parent=72692"}],"wp:term":[{"taxonomy":"product_brand","embeddable":true,"href":"https:\/\/harristweed-shop.be\/fr\/wp-json\/wp\/v2\/product_brand?post=72692"},{"taxonomy":"product_cat","embeddable":true,"href":"https:\/\/harristweed-shop.be\/fr\/wp-json\/wp\/v2\/product_cat?post=72692"},{"taxonomy":"product_tag","embeddable":true,"href":"https:\/\/harristweed-shop.be\/fr\/wp-json\/wp\/v2\/product_tag?post=72692"}],"curies":[{"name":"wp","href":"https:\/\/api.w.org\/{rel}","templated":true}]}}