{"id":72580,"date":"2023-05-05T19:00:32","date_gmt":"2023-05-05T19:00:32","guid":{"rendered":"https:\/\/harristweed-shop.be\/product\/wellington-schippersjas-marine\/"},"modified":"2026-04-08T22:10:37","modified_gmt":"2026-04-08T22:10:37","slug":"wellington-schippersjas-marine","status":"publish","type":"product","link":"https:\/\/harristweed-shop.be\/fr\/produit\/veste-de-marin-wellington-bleu-marine\/","title":{"rendered":"Veste de skipper \u201c\u00a0Seaberg\u00a0\u201d en laine et cachemire pour homme, coloris marine"},"content":{"rendered":"<p>Le caban \u00ab\u00a0Seaberg\u00a0\u00bb trouve son origine dans la marine, o\u00f9 il prot\u00e9geait les marins des vents violents et de la pluie par mer agit\u00e9e d\u00e8s le XIXe\u00a0si\u00e8cle. V\u00e9ritable ic\u00f4ne de la mode, il arbore une finition classique en laine et cachemire. De grandes poches passepoil\u00e9es confortables et deux fentes au dos offrent un confort optimal. Ce caban se ferme par une fermeture crois\u00e9e traditionnelle orn\u00e9e de boutons sigl\u00e9s en corne. La doublure verte contrastante l\u00e9g\u00e8rement matelass\u00e9e et le dessous de col en feutre de laine gris soulignent l&#039;allure unique de ce mod\u00e8le intemporel.<\/p>\n<p>\u2013 \u00c9tiquette nominative<br \/>\u2013 Doublure en jacquard de canard<br \/>\u2013 Poches lat\u00e9rales<br \/>-Coupe sur mesure<br \/>\u2013 Dessous de col contrast\u00e9 en feutre de laine<br \/>- Doubl\u00e9<br \/>\u2013 Deux poches int\u00e9rieures<br \/>\u2013 Deux fentes au dos<\/p>\n<p>Mensurations du mod\u00e8le : Le mannequin mesure 184 cm et porte une taille 50.<br \/>Coupe : L\u00e9g\u00e8rement ajust\u00e9e.<br \/>Mesures : Pour la taille 50 les mesures sont : \u2013 Longueur du dos : 81 cm \u2013 Longueur des manches \u00e0 partir du ballon : 64 cm \u2013 Demi-tour de taille : 57 cm<\/p>\n<p>Tissu ext\u00e9rieur : 90% laine vierge, 10% cachemire<br \/>Doublure : 60% viscose, 40% polyester<br \/>Doublure des manches : polyester 100%<\/p>","protected":false},"excerpt":{"rendered":"<p>Veste de marin homme \u201c\u00a0Seaberg\u00a0\u201d en laine et cachemire, couleur marine, taille 10.<\/p>\n<p>Le caban \u00ab\u00a0Seaberg\u00a0\u00bb trouve son origine dans la marine, o\u00f9 il prot\u00e9geait les marins des vents violents et de la pluie sur une mer agit\u00e9e d\u00e8s le XIXe\u00a0si\u00e8cle. V\u00e9ritable ic\u00f4ne de la mode, il arbore une finition classique en laine et cachemire.<\/p>","protected":false},"featured_media":72589,"template":"","meta":[],"product_brand":[],"product_cat":[530,87,482,531],"product_tag":[],"class_list":{"0":"post-72580","1":"product","2":"type-product","3":"status-publish","4":"has-post-thumbnail","6":"product_cat-heren-jassen-en-jacks","7":"product_cat-jassen-en-jacks","8":"product_cat-mantel-und-jacken","9":"product_cat-mantel-und-jacken-fur-herren","10":"pa_merk-wellington","12":"first","13":"instock","14":"taxable","15":"shipping-taxable","16":"purchasable","17":"product-type-variable"},"df_price":299.95,"df_sale_price":"","df_regular_price":299.95,"df_image_link":"https:\/\/harristweed-shop.be\/wp-content\/uploads\/2023\/05\/b9a9da62886ad578024dbe1a063196f5_Wellington_Schippersjas_Marine-242x300.jpg","_links":{"self":[{"href":"https:\/\/harristweed-shop.be\/fr\/wp-json\/wp\/v2\/product\/72580","targetHints":{"allow":["GET"]}}],"collection":[{"href":"https:\/\/harristweed-shop.be\/fr\/wp-json\/wp\/v2\/product"}],"about":[{"href":"https:\/\/harristweed-shop.be\/fr\/wp-json\/wp\/v2\/types\/product"}],"wp:featuredmedia":[{"embeddable":true,"href":"https:\/\/harristweed-shop.be\/fr\/wp-json\/wp\/v2\/media\/72589"}],"wp:attachment":[{"href":"https:\/\/harristweed-shop.be\/fr\/wp-json\/wp\/v2\/media?parent=72580"}],"wp:term":[{"taxonomy":"product_brand","embeddable":true,"href":"https:\/\/harristweed-shop.be\/fr\/wp-json\/wp\/v2\/product_brand?post=72580"},{"taxonomy":"product_cat","embeddable":true,"href":"https:\/\/harristweed-shop.be\/fr\/wp-json\/wp\/v2\/product_cat?post=72580"},{"taxonomy":"product_tag","embeddable":true,"href":"https:\/\/harristweed-shop.be\/fr\/wp-json\/wp\/v2\/product_tag?post=72580"}],"curies":[{"name":"wp","href":"https:\/\/api.w.org\/{rel}","templated":true}]}}