{"id":72571,"date":"2023-05-05T19:00:27","date_gmt":"2023-05-05T19:00:27","guid":{"rendered":"https:\/\/harristweed-shop.be\/product\/vest-waffle-shawl-cardigan-navy\/"},"modified":"2026-05-05T05:38:30","modified_gmt":"2026-05-05T05:38:30","slug":"vest-waffle-shawl-cardigan-navy","status":"publish","type":"product","link":"https:\/\/harristweed-shop.be\/fr\/produit\/cardigan-chale-gaufre-cardigan-bleu-marine\/","title":{"rendered":"Cardigan, Cardigan ch\u00e2le gaufr\u00e9 bleu marine"},"content":{"rendered":"<p>Laine m\u00e9rinos 7gge.<br \/>\nCol ras du cou.<br \/>\nPoignets et ourlet c\u00f4tel\u00e9s.<br \/>\nFabriqu\u00e9 en Angleterre<\/p>","protected":false},"excerpt":{"rendered":"<p>Le pull \u00e0 col rond Ford est un classique incontournable de la garde-robe. Pratique et \u00e9l\u00e9gant, il convient \u00e0 tous.<\/p>","protected":false},"featured_media":72579,"template":"","meta":[],"product_brand":[],"product_cat":[486,84,392,566],"product_tag":[],"class_list":{"0":"post-72571","1":"product","2":"type-product","3":"status-publish","4":"has-post-thumbnail","6":"product_cat-pullover-und-westen","7":"product_cat-truien-en-pullovers","8":"product_cat-vesten","9":"product_cat-westen","10":"pa_merk-peregrine","12":"first","13":"instock","14":"taxable","15":"shipping-taxable","16":"purchasable","17":"product-type-variable"},"df_price":174.95,"df_sale_price":"","df_regular_price":174.95,"df_image_link":"https:\/\/harristweed-shop.be\/wp-content\/uploads\/2023\/05\/9872270c2be3421ca345fc41abe3406a_Vest__Waffle_Shawl_Cardigan_Navy-225x300.jpg","_links":{"self":[{"href":"https:\/\/harristweed-shop.be\/fr\/wp-json\/wp\/v2\/product\/72571","targetHints":{"allow":["GET"]}}],"collection":[{"href":"https:\/\/harristweed-shop.be\/fr\/wp-json\/wp\/v2\/product"}],"about":[{"href":"https:\/\/harristweed-shop.be\/fr\/wp-json\/wp\/v2\/types\/product"}],"wp:featuredmedia":[{"embeddable":true,"href":"https:\/\/harristweed-shop.be\/fr\/wp-json\/wp\/v2\/media\/72579"}],"wp:attachment":[{"href":"https:\/\/harristweed-shop.be\/fr\/wp-json\/wp\/v2\/media?parent=72571"}],"wp:term":[{"taxonomy":"product_brand","embeddable":true,"href":"https:\/\/harristweed-shop.be\/fr\/wp-json\/wp\/v2\/product_brand?post=72571"},{"taxonomy":"product_cat","embeddable":true,"href":"https:\/\/harristweed-shop.be\/fr\/wp-json\/wp\/v2\/product_cat?post=72571"},{"taxonomy":"product_tag","embeddable":true,"href":"https:\/\/harristweed-shop.be\/fr\/wp-json\/wp\/v2\/product_tag?post=72571"}],"curies":[{"name":"wp","href":"https:\/\/api.w.org\/{rel}","templated":true}]}}