{"id":72562,"date":"2023-05-05T19:00:23","date_gmt":"2023-05-05T19:00:23","guid":{"rendered":"https:\/\/harristweed-shop.be\/product\/pullover-hudson-aran-jumper-navy\/"},"modified":"2026-04-08T22:10:37","modified_gmt":"2026-04-08T22:10:37","slug":"pullover-hudson-aran-jumper-navy","status":"publish","type":"product","link":"https:\/\/harristweed-shop.be\/fr\/produit\/pull-hudson-aran-bleu-marine\/","title":{"rendered":"Pull Hudson Aran bleu marine"},"content":{"rendered":"<p>Laine m\u00e9rinos 7gge.<br \/>\nCol ras du cou.<br \/>\nPoignets et ourlet c\u00f4tel\u00e9s.<br \/>\nFabriqu\u00e9 en Angleterre<\/p>","protected":false},"excerpt":{"rendered":"<p>Le pull \u00e0 col rond Ford est un classique incontournable de la garde-robe. Pratique et \u00e9l\u00e9gant, il convient \u00e0 tous.<\/p>","protected":false},"featured_media":72570,"template":"","meta":[],"product_brand":[],"product_cat":[486,84,392,442,487],"product_tag":[],"class_list":{"0":"post-72562","1":"product","2":"type-product","3":"status-publish","4":"has-post-thumbnail","6":"product_cat-pullover-und-westen","7":"product_cat-truien-en-pullovers","8":"product_cat-vesten","9":"product_cat-wollen-truien","10":"product_cat-wollpullover","11":"pa_merk-peregrine","13":"first","14":"instock","15":"taxable","16":"shipping-taxable","17":"purchasable","18":"product-type-variable"},"df_price":159.95,"df_sale_price":"","df_regular_price":159.95,"df_image_link":"https:\/\/harristweed-shop.be\/wp-content\/uploads\/2023\/05\/0dd9c3c63efee316eb28c7acd4c45d41_Pullover__Hudson_Aran_Jumper_Navy-225x300.jpg","_links":{"self":[{"href":"https:\/\/harristweed-shop.be\/fr\/wp-json\/wp\/v2\/product\/72562","targetHints":{"allow":["GET"]}}],"collection":[{"href":"https:\/\/harristweed-shop.be\/fr\/wp-json\/wp\/v2\/product"}],"about":[{"href":"https:\/\/harristweed-shop.be\/fr\/wp-json\/wp\/v2\/types\/product"}],"wp:featuredmedia":[{"embeddable":true,"href":"https:\/\/harristweed-shop.be\/fr\/wp-json\/wp\/v2\/media\/72570"}],"wp:attachment":[{"href":"https:\/\/harristweed-shop.be\/fr\/wp-json\/wp\/v2\/media?parent=72562"}],"wp:term":[{"taxonomy":"product_brand","embeddable":true,"href":"https:\/\/harristweed-shop.be\/fr\/wp-json\/wp\/v2\/product_brand?post=72562"},{"taxonomy":"product_cat","embeddable":true,"href":"https:\/\/harristweed-shop.be\/fr\/wp-json\/wp\/v2\/product_cat?post=72562"},{"taxonomy":"product_tag","embeddable":true,"href":"https:\/\/harristweed-shop.be\/fr\/wp-json\/wp\/v2\/product_tag?post=72562"}],"curies":[{"name":"wp","href":"https:\/\/api.w.org\/{rel}","templated":true}]}}