{"id":72553,"date":"2023-05-05T19:00:18","date_gmt":"2023-05-05T19:00:18","guid":{"rendered":"https:\/\/harristweed-shop.be\/product\/pullover-hudson-aran-jumper-skiddaw\/"},"modified":"2026-04-08T22:10:37","modified_gmt":"2026-04-08T22:10:37","slug":"pullover-hudson-aran-jumper-skiddaw","status":"publish","type":"product","link":"https:\/\/harristweed-shop.be\/fr\/produit\/pull-hudson-aran-skiddaw\/","title":{"rendered":"Pull, Hudson Aran Jumper Skiddaw"},"content":{"rendered":"<p>Laine m\u00e9rinos 7gge.<br \/>\nCol ras du cou.<br \/>\nPoignets et ourlet c\u00f4tel\u00e9s.<br \/>\nFabriqu\u00e9 en Angleterre<\/p>","protected":false},"excerpt":{"rendered":"<p>Le pull \u00e0 col rond Ford est un classique incontournable de la garde-robe. Pratique et \u00e9l\u00e9gant, il convient \u00e0 tous.<\/p>","protected":false},"featured_media":72561,"template":"","meta":[],"product_brand":[],"product_cat":[486,84,392,442,487],"product_tag":[],"class_list":{"0":"post-72553","1":"product","2":"type-product","3":"status-publish","4":"has-post-thumbnail","6":"product_cat-pullover-und-westen","7":"product_cat-truien-en-pullovers","8":"product_cat-vesten","9":"product_cat-wollen-truien","10":"product_cat-wollpullover","11":"pa_merk-peregrine","13":"first","14":"outofstock","15":"taxable","16":"shipping-taxable","17":"product-type-variable"},"df_price":"","df_sale_price":"","df_regular_price":"","df_image_link":"https:\/\/harristweed-shop.be\/wp-content\/uploads\/2023\/05\/f296856efe26bbbd72edbeb6930490f0_Pullover__Hudson_Aran_Jumper_Skiddaw-225x300.jpg","_links":{"self":[{"href":"https:\/\/harristweed-shop.be\/fr\/wp-json\/wp\/v2\/product\/72553","targetHints":{"allow":["GET"]}}],"collection":[{"href":"https:\/\/harristweed-shop.be\/fr\/wp-json\/wp\/v2\/product"}],"about":[{"href":"https:\/\/harristweed-shop.be\/fr\/wp-json\/wp\/v2\/types\/product"}],"wp:featuredmedia":[{"embeddable":true,"href":"https:\/\/harristweed-shop.be\/fr\/wp-json\/wp\/v2\/media\/72561"}],"wp:attachment":[{"href":"https:\/\/harristweed-shop.be\/fr\/wp-json\/wp\/v2\/media?parent=72553"}],"wp:term":[{"taxonomy":"product_brand","embeddable":true,"href":"https:\/\/harristweed-shop.be\/fr\/wp-json\/wp\/v2\/product_brand?post=72553"},{"taxonomy":"product_cat","embeddable":true,"href":"https:\/\/harristweed-shop.be\/fr\/wp-json\/wp\/v2\/product_cat?post=72553"},{"taxonomy":"product_tag","embeddable":true,"href":"https:\/\/harristweed-shop.be\/fr\/wp-json\/wp\/v2\/product_tag?post=72553"}],"curies":[{"name":"wp","href":"https:\/\/api.w.org\/{rel}","templated":true}]}}