{"id":71182,"date":"2023-05-05T18:06:07","date_gmt":"2023-05-05T18:06:07","guid":{"rendered":"https:\/\/harristweed-shop.be\/product\/olymp-signature-tailored-fit-linnen-overhemd-signature-kent-wit\/"},"modified":"2026-04-08T22:55:29","modified_gmt":"2026-04-08T22:55:29","slug":"olymp-signature-tailored-fit-linnen-overhemd-signature-kent-wit","status":"publish","type":"product","link":"https:\/\/harristweed-shop.be\/fr\/produit\/chemise-en-lin-coupe-ajustee-signature-olymp-style-kent-blanc-signature\/","title":{"rendered":"Chemise en lin coupe ajust\u00e9e OLYMP SIGNATURE, Kent SIGNATURE, blanche"},"content":{"rendered":"<p>DESCRIPTION DU PRODUIT<\/p>\n<p>L&#039;\u00e9l\u00e9gance haut de gamme se refl\u00e8te dans une allure d\u00e9contract\u00e9e. Cette chemise en lin de la gamme OLYMP SIGNATURE incarne le style r\u00e9solument casual de ce classique estival tout en impressionnant par sa qualit\u00e9 exceptionnelle. Outre sa coupe parfaitement ajust\u00e9e, ses finitions soign\u00e9es et ses boutons en noyer, le col Kent SIGNATURE l\u00e9g\u00e8rement plus bas, orn\u00e9 d&#039;un liser\u00e9 contrastant, est du plus bel effet. Une pi\u00e8ce id\u00e9ale pour une \u00e9l\u00e9gance discr\u00e8te, ici pr\u00e9sent\u00e9e en blanc.<br \/>\nMati\u00e8re : Lin 100%<\/p>","protected":false},"excerpt":{"rendered":"<p>Chemise en lin 100%<\/p>","protected":false},"featured_media":71194,"template":"","meta":[],"product_brand":[],"product_cat":[534,408,86,506],"product_tag":[],"class_list":{"0":"post-71182","1":"product","2":"type-product","3":"status-publish","4":"has-post-thumbnail","6":"product_cat-leinenhemden","7":"product_cat-linnen-overhemden","8":"product_cat-shirts-en-overhemden","9":"product_cat-shirts-und-hemden","10":"pa_merk-olymp-signature","12":"first","13":"outofstock","14":"taxable","15":"shipping-taxable","16":"product-type-variable"},"df_price":"","df_sale_price":"","df_regular_price":"","df_image_link":"https:\/\/harristweed-shop.be\/wp-content\/uploads\/2023\/05\/42ede2919c86957f4f30921adf229383_OLYMP_SIGNATURE__Tailored_Fit__Zakelijke_Overhemd__SIGNATURE_Kent__Wit-234x300.jpg","_links":{"self":[{"href":"https:\/\/harristweed-shop.be\/fr\/wp-json\/wp\/v2\/product\/71182","targetHints":{"allow":["GET"]}}],"collection":[{"href":"https:\/\/harristweed-shop.be\/fr\/wp-json\/wp\/v2\/product"}],"about":[{"href":"https:\/\/harristweed-shop.be\/fr\/wp-json\/wp\/v2\/types\/product"}],"wp:featuredmedia":[{"embeddable":true,"href":"https:\/\/harristweed-shop.be\/fr\/wp-json\/wp\/v2\/media\/71194"}],"wp:attachment":[{"href":"https:\/\/harristweed-shop.be\/fr\/wp-json\/wp\/v2\/media?parent=71182"}],"wp:term":[{"taxonomy":"product_brand","embeddable":true,"href":"https:\/\/harristweed-shop.be\/fr\/wp-json\/wp\/v2\/product_brand?post=71182"},{"taxonomy":"product_cat","embeddable":true,"href":"https:\/\/harristweed-shop.be\/fr\/wp-json\/wp\/v2\/product_cat?post=71182"},{"taxonomy":"product_tag","embeddable":true,"href":"https:\/\/harristweed-shop.be\/fr\/wp-json\/wp\/v2\/product_tag?post=71182"}],"curies":[{"name":"wp","href":"https:\/\/api.w.org\/{rel}","templated":true}]}}