{"id":70856,"date":"2023-05-05T17:55:04","date_gmt":"2023-05-05T17:55:04","guid":{"rendered":"https:\/\/harristweed-shop.be\/product\/france-vintage-league-rugby-shirt\/"},"modified":"2026-05-05T05:42:37","modified_gmt":"2026-05-05T05:42:37","slug":"france-vintage-league-rugby-shirt","status":"publish","type":"product","link":"https:\/\/harristweed-shop.be\/fr\/produit\/maillot-de-rugby-vintage-de-la-ligue-francaise\/","title":{"rendered":"Maillot de rugby vintage de la Ligue de France"},"content":{"rendered":"<p>Inspir\u00e9 par les anciennes grandes \u00e9quipes fran\u00e7aises de rugby \u00e0 XIII, la tourn\u00e9e de 1951 du rugby \u00e0 XIII en Australie et en Nouvelle-Z\u00e9lande \u00e9tait men\u00e9e par Puig Aubert, qui y joua 28 matchs et en remporta 21, marquant ainsi un sommet dans l&#039;histoire du rugby \u00e0 XIII en France. Plus de 150\u00a0000 personnes se rendirent \u00e0 Marseille pour accueillir l&#039;\u00e9quipe et d\u00e9filer dans les rues.<\/p>","protected":false},"excerpt":{"rendered":"<p>Inspir\u00e9 par les anciennes grandes \u00e9quipes fran\u00e7aises de rugby \u00e0 XIII, la tourn\u00e9e de 1951 du rugby \u00e0 XIII en Australie et en Nouvelle-Z\u00e9lande \u00e9tait men\u00e9e par Puig Aubert, qui y joua 28 matchs et en remporta 21, marquant ainsi un sommet dans l&#039;histoire du rugby \u00e0 XIII en France. Plus de 150\u00a0000 personnes se rendirent \u00e0 Marseille pour accueillir l&#039;\u00e9quipe et d\u00e9filer dans les rues.<\/p>","protected":false},"featured_media":70864,"template":"","meta":[],"product_brand":[],"product_cat":[965,556,882,394,955,555],"product_tag":[],"class_list":{"0":"post-70856","1":"product","2":"type-product","3":"status-publish","4":"has-post-thumbnail","6":"product_cat-france-shop-by-country-club","7":"product_cat-international-vintage-rugby-shirts","8":"product_cat-rugby-league","9":"product_cat-rugby-shirts-2","10":"product_cat-shop-by-country-club","11":"product_cat-vintage-rugby-shirts","12":"pa_merk-ellis-rugby","14":"first","15":"instock","16":"taxable","17":"shipping-taxable","18":"purchasable","19":"product-type-variable"},"df_price":89.95,"df_sale_price":"","df_regular_price":89.95,"df_image_link":"https:\/\/harristweed-shop.be\/wp-content\/uploads\/2023\/05\/73c3b92b6e39abf330f5d273c7cd681d_France_Vintage_League_Rugby_Shirt_-300x300.jpg","_links":{"self":[{"href":"https:\/\/harristweed-shop.be\/fr\/wp-json\/wp\/v2\/product\/70856","targetHints":{"allow":["GET"]}}],"collection":[{"href":"https:\/\/harristweed-shop.be\/fr\/wp-json\/wp\/v2\/product"}],"about":[{"href":"https:\/\/harristweed-shop.be\/fr\/wp-json\/wp\/v2\/types\/product"}],"wp:featuredmedia":[{"embeddable":true,"href":"https:\/\/harristweed-shop.be\/fr\/wp-json\/wp\/v2\/media\/70864"}],"wp:attachment":[{"href":"https:\/\/harristweed-shop.be\/fr\/wp-json\/wp\/v2\/media?parent=70856"}],"wp:term":[{"taxonomy":"product_brand","embeddable":true,"href":"https:\/\/harristweed-shop.be\/fr\/wp-json\/wp\/v2\/product_brand?post=70856"},{"taxonomy":"product_cat","embeddable":true,"href":"https:\/\/harristweed-shop.be\/fr\/wp-json\/wp\/v2\/product_cat?post=70856"},{"taxonomy":"product_tag","embeddable":true,"href":"https:\/\/harristweed-shop.be\/fr\/wp-json\/wp\/v2\/product_tag?post=70856"}],"curies":[{"name":"wp","href":"https:\/\/api.w.org\/{rel}","templated":true}]}}