{"id":70692,"date":"2023-05-05T17:52:34","date_gmt":"2023-05-05T17:52:34","guid":{"rendered":"https:\/\/harristweed-shop.be\/product\/vest-foxton-zipper-cardigan\/"},"modified":"2026-04-08T23:11:25","modified_gmt":"2026-04-08T23:11:25","slug":"vest-foxton-zipper-cardigan","status":"publish","type":"product","link":"https:\/\/harristweed-shop.be\/fr\/produit\/gilet-cardigan-zippe-foxton\/","title":{"rendered":"Gilet, cardigan zipp\u00e9 Foxton"},"content":{"rendered":"<p>Laine m\u00e9rinos 7gge.<br \/>\nCol enti\u00e8rement zipp\u00e9.<br \/>\nD\u00e9tail d&#039;\u00e9paule en tweed.<br \/>\nPoignets et ourlet c\u00f4tel\u00e9s.<br \/>\nFabriqu\u00e9 en Angleterre<\/p>","protected":false},"excerpt":{"rendered":"<p>Le cardigan Foxton Full Zipp est un classique incontournable de la garde-robe. Dot\u00e9 d&#039;\u00e9paules en tweed et d&#039;une fermeture \u00e9clair compl\u00e8te, le cardigan Foxton est une pi\u00e8ce pratique et \u00e9l\u00e9gante, parfaite pour tous.<\/p>","protected":false},"featured_media":70700,"template":"","meta":[],"product_brand":[],"product_cat":[486,84,392,487],"product_tag":[],"class_list":{"0":"post-70692","1":"product","2":"type-product","3":"status-publish","4":"has-post-thumbnail","6":"product_cat-pullover-und-westen","7":"product_cat-truien-en-pullovers","8":"product_cat-vesten","9":"product_cat-wollpullover","10":"pa_merk-peregrine","12":"first","13":"instock","14":"taxable","15":"shipping-taxable","16":"purchasable","17":"product-type-variable"},"df_price":142.95,"df_sale_price":"","df_regular_price":142.95,"df_image_link":"https:\/\/harristweed-shop.be\/wp-content\/uploads\/2023\/05\/cd54be46b4ea8557201c0a866d20e19d_Vest__Foxton_Zipper_Cardigan-300x300.jpg","_links":{"self":[{"href":"https:\/\/harristweed-shop.be\/fr\/wp-json\/wp\/v2\/product\/70692","targetHints":{"allow":["GET"]}}],"collection":[{"href":"https:\/\/harristweed-shop.be\/fr\/wp-json\/wp\/v2\/product"}],"about":[{"href":"https:\/\/harristweed-shop.be\/fr\/wp-json\/wp\/v2\/types\/product"}],"wp:featuredmedia":[{"embeddable":true,"href":"https:\/\/harristweed-shop.be\/fr\/wp-json\/wp\/v2\/media\/70700"}],"wp:attachment":[{"href":"https:\/\/harristweed-shop.be\/fr\/wp-json\/wp\/v2\/media?parent=70692"}],"wp:term":[{"taxonomy":"product_brand","embeddable":true,"href":"https:\/\/harristweed-shop.be\/fr\/wp-json\/wp\/v2\/product_brand?post=70692"},{"taxonomy":"product_cat","embeddable":true,"href":"https:\/\/harristweed-shop.be\/fr\/wp-json\/wp\/v2\/product_cat?post=70692"},{"taxonomy":"product_tag","embeddable":true,"href":"https:\/\/harristweed-shop.be\/fr\/wp-json\/wp\/v2\/product_tag?post=70692"}],"curies":[{"name":"wp","href":"https:\/\/api.w.org\/{rel}","templated":true}]}}