{"id":70680,"date":"2023-05-05T17:52:26","date_gmt":"2023-05-05T17:52:26","guid":{"rendered":"https:\/\/harristweed-shop.be\/product\/pullover-ford-crew-jumper-navy\/"},"modified":"2026-04-08T23:11:25","modified_gmt":"2026-04-08T23:11:25","slug":"pullover-ford-crew-jumper-navy","status":"publish","type":"product","link":"https:\/\/harristweed-shop.be\/fr\/produit\/pull-ford-crew-bleu-marine\/","title":{"rendered":"Pull, Ford Crew Jumper Navy"},"content":{"rendered":"<p>Laine m\u00e9rinos 7gge.<br \/>\nCol ras du cou.<br \/>\nPoignets et ourlet c\u00f4tel\u00e9s.<br \/>\nFabriqu\u00e9 en Angleterre<\/p>","protected":false},"excerpt":{"rendered":"<p>Le pull \u00e0 col rond Ford est un classique incontournable de la garde-robe. Pratique et \u00e9l\u00e9gant, il convient \u00e0 tous.<\/p>","protected":false},"featured_media":70688,"template":"","meta":[],"product_brand":[],"product_cat":[486,84,442,487],"product_tag":[],"class_list":{"0":"post-70680","1":"product","2":"type-product","3":"status-publish","4":"has-post-thumbnail","6":"product_cat-pullover-und-westen","7":"product_cat-truien-en-pullovers","8":"product_cat-wollen-truien","9":"product_cat-wollpullover","10":"pa_merk-peregrine","12":"first","13":"instock","14":"taxable","15":"shipping-taxable","16":"purchasable","17":"product-type-variable"},"df_price":139.95,"df_sale_price":"","df_regular_price":139.95,"df_image_link":"https:\/\/harristweed-shop.be\/wp-content\/uploads\/2023\/05\/b7ab2294d8ecc7f5b96326e3d51d7fae_Pullover__Ford_Crew_Jumper_Navy-300x300.jpg","_links":{"self":[{"href":"https:\/\/harristweed-shop.be\/fr\/wp-json\/wp\/v2\/product\/70680","targetHints":{"allow":["GET"]}}],"collection":[{"href":"https:\/\/harristweed-shop.be\/fr\/wp-json\/wp\/v2\/product"}],"about":[{"href":"https:\/\/harristweed-shop.be\/fr\/wp-json\/wp\/v2\/types\/product"}],"wp:featuredmedia":[{"embeddable":true,"href":"https:\/\/harristweed-shop.be\/fr\/wp-json\/wp\/v2\/media\/70688"}],"wp:attachment":[{"href":"https:\/\/harristweed-shop.be\/fr\/wp-json\/wp\/v2\/media?parent=70680"}],"wp:term":[{"taxonomy":"product_brand","embeddable":true,"href":"https:\/\/harristweed-shop.be\/fr\/wp-json\/wp\/v2\/product_brand?post=70680"},{"taxonomy":"product_cat","embeddable":true,"href":"https:\/\/harristweed-shop.be\/fr\/wp-json\/wp\/v2\/product_cat?post=70680"},{"taxonomy":"product_tag","embeddable":true,"href":"https:\/\/harristweed-shop.be\/fr\/wp-json\/wp\/v2\/product_tag?post=70680"}],"curies":[{"name":"wp","href":"https:\/\/api.w.org\/{rel}","templated":true}]}}