{"id":70532,"date":"2023-05-05T17:39:07","date_gmt":"2023-05-05T17:39:07","guid":{"rendered":"https:\/\/harristweed-shop.be\/product\/peaky-blinders-pet-grijs-visgraat-harris-tweed\/"},"modified":"2026-04-03T17:33:13","modified_gmt":"2026-04-03T17:33:13","slug":"peaky-blinders-pet-grijs-visgraat-harris-tweed","status":"publish","type":"product","link":"https:\/\/harristweed-shop.be\/fr\/produit\/casquette-peaky-blinders-en-tweed-harris-a-chevrons-gris\/","title":{"rendered":"Casquette de gar\u00e7on Harris Tweed Baker Scott Noir Gris"},"content":{"rendered":"<p>Casquette gavroche traditionnelle \u00e0 huit panneaux, confectionn\u00e9e en authentique Harris Tweed avec un bouton central. Style\u00a0: \u201c\u00a0Peaky Blinders\u00a0\u201d. Cette casquette Harris \u00e0 panneaux offre une coupe plus profonde que la casquette Arran et une visi\u00e8re plus longue. Elle est dot\u00e9e d&#039;une doublure matelass\u00e9e en satin. La visi\u00e8re est enti\u00e8rement cousue, ce qui emp\u00eache la casquette de se d\u00e9tendre et lui assure une forme impeccable.<\/p>","protected":false},"excerpt":{"rendered":"<p>Casquette de gavroche Harris Tweed Scott Noir Gris.<\/p>\n<p>Animal de compagnie Peaky Blinders.<\/p>","protected":false},"featured_media":70537,"template":"","meta":[],"product_brand":[],"product_cat":[1121,1165,1119,1164,433,547,542,83],"product_tag":[],"class_list":{"0":"post-70532","1":"product","2":"type-product","3":"status-publish","4":"has-post-thumbnail","6":"product_cat-harris-tweed-bakerboy-caps-harris-tweed-hoeden-petten-en-caps","7":"product_cat-harris-tweed-bakerboy-mutzen","8":"product_cat-harris-tweed-hoeden-petten-en-caps","9":"product_cat-harris-tweed-mutzen-und-hute","10":"product_cat-harris-tweed-petten","11":"product_cat-harris-tweed-mutzen","12":"product_cat-hute-und-caps","13":"product_cat-petten-en-caps","14":"pa_merk-harristweed","16":"first","17":"instock","18":"taxable","19":"shipping-taxable","20":"purchasable","21":"product-type-variable"},"df_price":59.95,"df_sale_price":"","df_regular_price":59.95,"df_image_link":"https:\/\/harristweed-shop.be\/wp-content\/uploads\/2023\/05\/7ec80f178607420e542a52cd5f5dbc31_Harris_Tweed_cap_Grijs_visgraag-300x300.jpg","_links":{"self":[{"href":"https:\/\/harristweed-shop.be\/fr\/wp-json\/wp\/v2\/product\/70532","targetHints":{"allow":["GET"]}}],"collection":[{"href":"https:\/\/harristweed-shop.be\/fr\/wp-json\/wp\/v2\/product"}],"about":[{"href":"https:\/\/harristweed-shop.be\/fr\/wp-json\/wp\/v2\/types\/product"}],"wp:featuredmedia":[{"embeddable":true,"href":"https:\/\/harristweed-shop.be\/fr\/wp-json\/wp\/v2\/media\/70537"}],"wp:attachment":[{"href":"https:\/\/harristweed-shop.be\/fr\/wp-json\/wp\/v2\/media?parent=70532"}],"wp:term":[{"taxonomy":"product_brand","embeddable":true,"href":"https:\/\/harristweed-shop.be\/fr\/wp-json\/wp\/v2\/product_brand?post=70532"},{"taxonomy":"product_cat","embeddable":true,"href":"https:\/\/harristweed-shop.be\/fr\/wp-json\/wp\/v2\/product_cat?post=70532"},{"taxonomy":"product_tag","embeddable":true,"href":"https:\/\/harristweed-shop.be\/fr\/wp-json\/wp\/v2\/product_tag?post=70532"}],"curies":[{"name":"wp","href":"https:\/\/api.w.org\/{rel}","templated":true}]}}