{"id":7051,"date":"2021-04-20T08:54:47","date_gmt":"2021-04-20T08:54:47","guid":{"rendered":"https:\/\/harristweed-shop.be\/?post_type=product&#038;p=7051"},"modified":"2023-10-26T09:41:29","modified_gmt":"2023-10-26T09:41:29","slug":"linnen-jacket-470","status":"publish","type":"product","link":"https:\/\/harristweed-shop.be\/fr\/produit\/veste-en-lin-470\/","title":{"rendered":"Veste en lin 470"},"content":{"rendered":"<p><img decoding=\"async\" class=\"alignnone size-full wp-image-504\" src=\"https:\/\/harristweed-shop.be\/wp-content\/uploads\/2019\/10\/Schermafbeelding-2019-10-24-om-11.03.27.png\" alt=\"\" width=\"215\" height=\"95\" \/><\/p>\n<p>&nbsp;<\/p>\n<p>\u00ab L&#039;un des meilleurs linges au monde \u00bb<\/p>\n<p>&nbsp;<\/p>\n<p><img fetchpriority=\"high\" decoding=\"async\" class=\"alignnone size-full wp-image-5774\" src=\"https:\/\/harristweed-shop.be\/wp-content\/uploads\/2020\/04\/Schermafbeelding-2020-10-14-om-16.23.03.png\" alt=\"\" width=\"531\" height=\"512\" srcset=\"https:\/\/harristweed-shop.be\/wp-content\/uploads\/2020\/04\/Schermafbeelding-2020-10-14-om-16.23.03.png 531w, https:\/\/harristweed-shop.be\/wp-content\/uploads\/2020\/04\/Schermafbeelding-2020-10-14-om-16.23.03-262x253.png 262w, https:\/\/harristweed-shop.be\/wp-content\/uploads\/2020\/04\/Schermafbeelding-2020-10-14-om-16.23.03-300x289.png 300w\" sizes=\"(max-width: 531px) 100vw, 531px\" \/><\/p>","protected":false},"excerpt":{"rendered":"<p>Belle veste en lin\/coton \u00e0 motif chevrons avec motif \u00e0 carreaux.<\/p>\n<p>Magnifiquement confectionn\u00e9 dans une coupe moderne. Patte de boutonnage \u00e0 deux boutons avec fentes lat\u00e9rales.<\/p>\n<p><img decoding=\"async\" class=\"alignnone wp-image-5843\" src=\"https:\/\/harristweed-shop.be\/wp-content\/uploads\/2020\/10\/WoB-Logo-transparent.jpg\" alt=\"\" width=\"413\" height=\"167\" srcset=\"https:\/\/harristweed-shop.be\/wp-content\/uploads\/2020\/10\/WoB-Logo-transparent.jpg 515w, https:\/\/harristweed-shop.be\/wp-content\/uploads\/2020\/10\/WoB-Logo-transparent-262x106.jpg 262w, https:\/\/harristweed-shop.be\/wp-content\/uploads\/2020\/10\/WoB-Logo-transparent-300x121.jpg 300w\" sizes=\"(max-width: 413px) 100vw, 413px\" \/><\/p>","protected":false},"featured_media":7077,"template":"","meta":[],"product_brand":[],"product_cat":[393,246,15],"product_tag":[411,412,249],"class_list":{"0":"post-7051","1":"product","2":"type-product","3":"status-publish","4":"has-post-thumbnail","6":"product_cat-harris-tweed-heren-jasjes","7":"product_cat-linnen-colberts","8":"product_cat-harris-tweed-colberts","9":"product_tag-linnen","10":"product_tag-linnen-colbert","11":"product_tag-linnen-jasje","12":"pa_merk-wellington","14":"first","15":"outofstock","16":"taxable","17":"shipping-taxable","18":"product-type-variable"},"df_price":"","df_sale_price":"","df_regular_price":"","df_image_link":"https:\/\/harristweed-shop.be\/wp-content\/uploads\/2021\/04\/London-470-01-225x300.jpg","_links":{"self":[{"href":"https:\/\/harristweed-shop.be\/fr\/wp-json\/wp\/v2\/product\/7051","targetHints":{"allow":["GET"]}}],"collection":[{"href":"https:\/\/harristweed-shop.be\/fr\/wp-json\/wp\/v2\/product"}],"about":[{"href":"https:\/\/harristweed-shop.be\/fr\/wp-json\/wp\/v2\/types\/product"}],"wp:featuredmedia":[{"embeddable":true,"href":"https:\/\/harristweed-shop.be\/fr\/wp-json\/wp\/v2\/media\/7077"}],"wp:attachment":[{"href":"https:\/\/harristweed-shop.be\/fr\/wp-json\/wp\/v2\/media?parent=7051"}],"wp:term":[{"taxonomy":"product_brand","embeddable":true,"href":"https:\/\/harristweed-shop.be\/fr\/wp-json\/wp\/v2\/product_brand?post=7051"},{"taxonomy":"product_cat","embeddable":true,"href":"https:\/\/harristweed-shop.be\/fr\/wp-json\/wp\/v2\/product_cat?post=7051"},{"taxonomy":"product_tag","embeddable":true,"href":"https:\/\/harristweed-shop.be\/fr\/wp-json\/wp\/v2\/product_tag?post=7051"}],"curies":[{"name":"wp","href":"https:\/\/api.w.org\/{rel}","templated":true}]}}