{"id":70173,"date":"2023-05-05T17:35:24","date_gmt":"2023-05-05T17:35:24","guid":{"rendered":"https:\/\/harristweed-shop.be\/product\/donkerblauwe-wollen-sokken-carlo-lanza\/"},"modified":"2026-05-05T05:44:56","modified_gmt":"2026-05-05T05:44:56","slug":"donkerblauwe-wollen-sokken-carlo-lanza","status":"publish","type":"product","link":"https:\/\/harristweed-shop.be\/fr\/produit\/chaussettes-en-laine-bleu-fonce-carlo-lanza\/","title":{"rendered":"Chaussettes en laine pour homme, bleu fonc\u00e9 azzurro"},"content":{"rendered":"<p>Du bleu fonc\u00e9 alli\u00e9 \u00e0 la laine m\u00e9rinos et au savoir-faire italien\u00a0? Alors ces chaussettes Intrecci pour homme sont faites pour vous. Leur motif \u00e9l\u00e9gant, leur structure respirante et leur confort in\u00e9gal\u00e9 en font un incontournable de votre garde-robe. Achetez vos chaussettes en laine m\u00e9rinos pour homme en toute confiance chez Carlo Lanza. Luxe, durabilit\u00e9 et \u00e9l\u00e9gance s&#039;unissent harmonieusement\u00a0: le cadeau id\u00e9al pour toutes les occasions. Portez ces chaussettes bleu fonc\u00e9 aussi bien avec un costume qu&#039;avec une tenue d\u00e9contract\u00e9e. Pour pr\u00e9server la beaut\u00e9 de la laine m\u00e9rinos, lavez-les \u00e0 l&#039;envers.<\/p>\n<p>Marque : Carlo Lanza<br \/>Composition : 70 % laine m\u00e9rinos, 27 % coton, 31 % \u00e9lasthanne<br \/>Origine : Fabriqu\u00e9 en Italie<\/p>","protected":false},"excerpt":{"rendered":"<p>Chaussettes en laine pour homme Azzurro bleu fonc\u00e9.<\/p>\n<p>Achetez en toute confiance des chaussettes en laine m\u00e9rinos pour homme chez Carlo Lanza. Luxe, durabilit\u00e9 et \u00e9l\u00e9gance s&#039;y conjuguent \u2013 le cadeau id\u00e9al pour toutes les occasions.<\/p>","protected":false},"featured_media":70176,"template":"","meta":[],"product_brand":[],"product_cat":[925,134],"product_tag":[],"class_list":{"0":"post-70173","1":"product","2":"type-product","3":"status-publish","4":"has-post-thumbnail","6":"product_cat-socken","7":"product_cat-sokken","8":"pa_merk-carlolanza","10":"first","11":"instock","12":"taxable","13":"shipping-taxable","14":"purchasable","15":"product-type-variable"},"df_price":17.95,"df_sale_price":"","df_regular_price":17.95,"df_image_link":"https:\/\/harristweed-shop.be\/wp-content\/uploads\/2023\/05\/3894782e39f119a602649f09c1440671_Donkerblauwe_wollen_sokken___Carlo_Lanza-300x300.jpg","_links":{"self":[{"href":"https:\/\/harristweed-shop.be\/fr\/wp-json\/wp\/v2\/product\/70173","targetHints":{"allow":["GET"]}}],"collection":[{"href":"https:\/\/harristweed-shop.be\/fr\/wp-json\/wp\/v2\/product"}],"about":[{"href":"https:\/\/harristweed-shop.be\/fr\/wp-json\/wp\/v2\/types\/product"}],"wp:featuredmedia":[{"embeddable":true,"href":"https:\/\/harristweed-shop.be\/fr\/wp-json\/wp\/v2\/media\/70176"}],"wp:attachment":[{"href":"https:\/\/harristweed-shop.be\/fr\/wp-json\/wp\/v2\/media?parent=70173"}],"wp:term":[{"taxonomy":"product_brand","embeddable":true,"href":"https:\/\/harristweed-shop.be\/fr\/wp-json\/wp\/v2\/product_brand?post=70173"},{"taxonomy":"product_cat","embeddable":true,"href":"https:\/\/harristweed-shop.be\/fr\/wp-json\/wp\/v2\/product_cat?post=70173"},{"taxonomy":"product_tag","embeddable":true,"href":"https:\/\/harristweed-shop.be\/fr\/wp-json\/wp\/v2\/product_tag?post=70173"}],"curies":[{"name":"wp","href":"https:\/\/api.w.org\/{rel}","templated":true}]}}