{"id":70167,"date":"2023-05-05T17:35:19","date_gmt":"2023-05-05T17:35:19","guid":{"rendered":"https:\/\/harristweed-shop.be\/product\/groen-grijze-wollen-sokken-carlo-lanza\/"},"modified":"2026-03-11T21:12:07","modified_gmt":"2026-03-11T21:12:07","slug":"groen-grijze-wollen-sokken-carlo-lanza","status":"publish","type":"product","link":"https:\/\/harristweed-shop.be\/fr\/produit\/chaussettes-en-laine-vert-gris-carlo-lanza\/","title":{"rendered":"Chaussettes en laine vert\/gris | Carlo Lanza"},"content":{"rendered":"<p>Couleur : vert\/gris<br \/>\nMarque : Carlo Lanza<br \/>\nMati\u00e8re : 70% laine m\u00e9rinos \/ 27% polyamide \/ 3% \u00e9lasthanne<br \/>\nLongueur de la chaussette \u00e0 partir du talon : \u00b1 27 cm<br \/>\nParticularit\u00e9s : la pointe et le talon sont renforc\u00e9s en nylon, ce qui les rend tr\u00e8s r\u00e9sistants \u00e0 l&#039;usure.<br \/>\nLabel de qualit\u00e9 Oeko Tex\u00ae<br \/>\nFabriqu\u00e9 en Italie<\/p>","protected":false},"excerpt":{"rendered":"<p>Couleur : vert\/gris<br \/>\nMarque : Carlo Lanza<br \/>\nMati\u00e8re : 70% laine m\u00e9rinos \/ 27% polyamide \/ 3% \u00e9lasthanne<br \/>\nLongueur de la chaussette \u00e0 partir du talon : \u00b1 27 cm<br \/>\nParticularit\u00e9s : la pointe et le talon sont renforc\u00e9s en nylon, ce qui les rend tr\u00e8s r\u00e9sistants \u00e0 l&#039;usure.<br \/>\nLabel de qualit\u00e9 Oeko Tex\u00ae<br \/>\nFabriqu\u00e9 en Italie<\/p>","protected":false},"featured_media":70170,"template":"","meta":[],"product_brand":[],"product_cat":[925,134],"product_tag":[],"class_list":{"0":"post-70167","1":"product","2":"type-product","3":"status-publish","4":"has-post-thumbnail","6":"product_cat-socken","7":"product_cat-sokken","8":"pa_merk-carlolanza","10":"first","11":"instock","12":"taxable","13":"shipping-taxable","14":"purchasable","15":"product-type-variable"},"df_price":17.95,"df_sale_price":"","df_regular_price":17.95,"df_image_link":"https:\/\/harristweed-shop.be\/wp-content\/uploads\/2023\/05\/9a832e38afe9ce6c1608a37879d5ede2_Groen__grijze_wollen_sokken___Carlo_Lanza_2-300x300.jpg","_links":{"self":[{"href":"https:\/\/harristweed-shop.be\/fr\/wp-json\/wp\/v2\/product\/70167","targetHints":{"allow":["GET"]}}],"collection":[{"href":"https:\/\/harristweed-shop.be\/fr\/wp-json\/wp\/v2\/product"}],"about":[{"href":"https:\/\/harristweed-shop.be\/fr\/wp-json\/wp\/v2\/types\/product"}],"wp:featuredmedia":[{"embeddable":true,"href":"https:\/\/harristweed-shop.be\/fr\/wp-json\/wp\/v2\/media\/70170"}],"wp:attachment":[{"href":"https:\/\/harristweed-shop.be\/fr\/wp-json\/wp\/v2\/media?parent=70167"}],"wp:term":[{"taxonomy":"product_brand","embeddable":true,"href":"https:\/\/harristweed-shop.be\/fr\/wp-json\/wp\/v2\/product_brand?post=70167"},{"taxonomy":"product_cat","embeddable":true,"href":"https:\/\/harristweed-shop.be\/fr\/wp-json\/wp\/v2\/product_cat?post=70167"},{"taxonomy":"product_tag","embeddable":true,"href":"https:\/\/harristweed-shop.be\/fr\/wp-json\/wp\/v2\/product_tag?post=70167"}],"curies":[{"name":"wp","href":"https:\/\/api.w.org\/{rel}","templated":true}]}}