{"id":70133,"date":"2023-05-05T17:34:45","date_gmt":"2023-05-05T17:34:45","guid":{"rendered":"https:\/\/harristweed-shop.be\/product\/waxcoat-bruin-2\/"},"modified":"2026-04-08T23:41:28","modified_gmt":"2026-04-08T23:41:28","slug":"waxcoat-bruin-2","status":"publish","type":"product","link":"https:\/\/harristweed-shop.be\/fr\/produit\/couche-de-cire-marron-2\/","title":{"rendered":"Cir\u00e9, marron"},"content":{"rendered":"<p>Coton cir\u00e9 Antique Millerain 8 oz<br \/>\nVeste cir\u00e9e britannique classique<br \/>\nCoupe sur mesure<br \/>\nPlusieurs poches int\u00e9rieures<br \/>\nFermeture \u00e0 bouton-pression en laiton coupe-vent<br \/>\nDoublure en coton 100%<br \/>\nFabriqu\u00e9 en Angleterre \u00e0 partir de mat\u00e9riaux anglais<br \/>\nLe mannequin mesure 1,85 m, a un tour de poitrine de 104 cm et porte une taille L.<\/p>","protected":false},"excerpt":{"rendered":"<p>Confectionn\u00e9e en coton cir\u00e9 British Millerain 8 oz, la veste Bexley pour homme est dot\u00e9e de trois poches, d&#039;une sangle de cou et d&#039;un patch d&#039;\u00e9paule. Id\u00e9ale \u00e0 superposer sur des tricots et des chemises pour un look d\u00e9contract\u00e9 et \u00e9l\u00e9gant. Une veste polyvalente en toutes saisons, parfaite \u00e0 la campagne comme en ville, un v\u00e9ritable best-seller.<\/p>","protected":false},"featured_media":70141,"template":"","meta":[],"product_brand":[],"product_cat":[530,87,482,531,1026],"product_tag":[],"class_list":{"0":"post-70133","1":"product","2":"type-product","3":"status-publish","4":"has-post-thumbnail","6":"product_cat-heren-jassen-en-jacks","7":"product_cat-jassen-en-jacks","8":"product_cat-mantel-und-jacken","9":"product_cat-mantel-und-jacken-fur-herren","10":"product_cat-wax-jackets","11":"pa_merk-peregrine","13":"first","14":"instock","15":"taxable","16":"shipping-taxable","17":"purchasable","18":"product-type-variable"},"df_price":298,"df_sale_price":"","df_regular_price":298,"df_image_link":"https:\/\/harristweed-shop.be\/wp-content\/uploads\/2023\/05\/7e9a6144dfff2098aa9068a3d8ab7d57_Waxcoat__Bruin-300x300.jpg","_links":{"self":[{"href":"https:\/\/harristweed-shop.be\/fr\/wp-json\/wp\/v2\/product\/70133","targetHints":{"allow":["GET"]}}],"collection":[{"href":"https:\/\/harristweed-shop.be\/fr\/wp-json\/wp\/v2\/product"}],"about":[{"href":"https:\/\/harristweed-shop.be\/fr\/wp-json\/wp\/v2\/types\/product"}],"wp:featuredmedia":[{"embeddable":true,"href":"https:\/\/harristweed-shop.be\/fr\/wp-json\/wp\/v2\/media\/70141"}],"wp:attachment":[{"href":"https:\/\/harristweed-shop.be\/fr\/wp-json\/wp\/v2\/media?parent=70133"}],"wp:term":[{"taxonomy":"product_brand","embeddable":true,"href":"https:\/\/harristweed-shop.be\/fr\/wp-json\/wp\/v2\/product_brand?post=70133"},{"taxonomy":"product_cat","embeddable":true,"href":"https:\/\/harristweed-shop.be\/fr\/wp-json\/wp\/v2\/product_cat?post=70133"},{"taxonomy":"product_tag","embeddable":true,"href":"https:\/\/harristweed-shop.be\/fr\/wp-json\/wp\/v2\/product_tag?post=70133"}],"curies":[{"name":"wp","href":"https:\/\/api.w.org\/{rel}","templated":true}]}}