{"id":70097,"date":"2023-05-05T17:34:12","date_gmt":"2023-05-05T17:34:12","guid":{"rendered":"https:\/\/harristweed-shop.be\/product\/pulloverfoxton-zip-neck-oatmeal\/"},"modified":"2026-04-08T23:41:28","modified_gmt":"2026-04-08T23:41:28","slug":"pulloverfoxton-zip-neck-oatmeal","status":"publish","type":"product","link":"https:\/\/harristweed-shop.be\/fr\/produit\/pullfoxton-col-zippe-avoine\/","title":{"rendered":"Pull, col zipp\u00e9 Foxton, avoine"},"content":{"rendered":"<p>Laine m\u00e9rinos 7gge.<br \/>\nCol zipp\u00e9 1\/4.<br \/>\nD\u00e9tail d&#039;\u00e9paule en tweed.<br \/>\nPoignets et ourlet c\u00f4tel\u00e9s.<br \/>\nFabriqu\u00e9 en Angleterre<\/p>","protected":false},"excerpt":{"rendered":"<p>Le pull Foxton \u00e0 col zipp\u00e9 est un classique incontournable de la garde-robe. Dot\u00e9 d&#039;\u00e9paules en tweed et d&#039;un col zipp\u00e9, il est \u00e0 la fois pratique et \u00e9l\u00e9gant, parfait pour tous.<\/p>","protected":false},"featured_media":70105,"template":"","meta":[],"product_brand":[],"product_cat":[470,486,84,487],"product_tag":[],"class_list":{"0":"post-70097","1":"product","2":"type-product","3":"status-publish","4":"has-post-thumbnail","6":"product_cat-pull-over","7":"product_cat-pullover-und-westen","8":"product_cat-truien-en-pullovers","9":"product_cat-wollpullover","10":"pa_merk-peregrine","12":"first","13":"instock","14":"taxable","15":"shipping-taxable","16":"purchasable","17":"product-type-variable"},"df_price":159.95,"df_sale_price":"","df_regular_price":159.95,"df_image_link":"https:\/\/harristweed-shop.be\/wp-content\/uploads\/2023\/05\/a6d11c87075b33840df3f03df440a59f_Pullover_Foxton_Zip_Neck__Oatmeal-300x300.jpg","_links":{"self":[{"href":"https:\/\/harristweed-shop.be\/fr\/wp-json\/wp\/v2\/product\/70097","targetHints":{"allow":["GET"]}}],"collection":[{"href":"https:\/\/harristweed-shop.be\/fr\/wp-json\/wp\/v2\/product"}],"about":[{"href":"https:\/\/harristweed-shop.be\/fr\/wp-json\/wp\/v2\/types\/product"}],"wp:featuredmedia":[{"embeddable":true,"href":"https:\/\/harristweed-shop.be\/fr\/wp-json\/wp\/v2\/media\/70105"}],"wp:attachment":[{"href":"https:\/\/harristweed-shop.be\/fr\/wp-json\/wp\/v2\/media?parent=70097"}],"wp:term":[{"taxonomy":"product_brand","embeddable":true,"href":"https:\/\/harristweed-shop.be\/fr\/wp-json\/wp\/v2\/product_brand?post=70097"},{"taxonomy":"product_cat","embeddable":true,"href":"https:\/\/harristweed-shop.be\/fr\/wp-json\/wp\/v2\/product_cat?post=70097"},{"taxonomy":"product_tag","embeddable":true,"href":"https:\/\/harristweed-shop.be\/fr\/wp-json\/wp\/v2\/product_tag?post=70097"}],"curies":[{"name":"wp","href":"https:\/\/api.w.org\/{rel}","templated":true}]}}