{"id":70052,"date":"2023-05-05T17:33:43","date_gmt":"2023-05-05T17:33:43","guid":{"rendered":"https:\/\/harristweed-shop.be\/product\/dukes-forest-overjas-met-kraag-inzet-grijs-mellee-2\/"},"modified":"2026-04-08T23:41:29","modified_gmt":"2026-04-08T23:41:29","slug":"dukes-forest-overjas-met-kraag-inzet-grijs-mellee-2","status":"publish","type":"product","link":"https:\/\/harristweed-shop.be\/fr\/produit\/pardessus-dukes-forest-avec-insert-de-col-gris-mellee-2\/","title":{"rendered":"Pardessus forestier du duc avec empi\u00e8cement de col gris Mell\u00e9e"},"content":{"rendered":"<p>DESCRIPTION<\/p>\n<p>Magnifique pardessus de Duke&#039;s Forest.<\/p>\n<p>Manteau ajust\u00e9 \u00e0 la coupe moderne. Col confortable pour les journ\u00e9es froides.<\/p>\n<p>Deux poches fendues confortables. Fermeture zipp\u00e9e et boutonn\u00e9e. Deux poches int\u00e9rieures.<\/p>\n<p>Magnifique m\u00e9lange de laine avec un tomb\u00e9 tr\u00e8s doux ! Laine 50%, poly 50%.<\/p>","protected":false},"excerpt":{"rendered":"<p>Magnifique pardessus de Duke&#039;s Forest.<\/p>\n<p>Manteau ajust\u00e9 \u00e0 la coupe moderne. Col confortable pour les journ\u00e9es froides.<\/p>","protected":false},"featured_media":70060,"template":"","meta":[],"product_brand":[],"product_cat":[530,87,482,531],"product_tag":[],"class_list":{"0":"post-70052","1":"product","2":"type-product","3":"status-publish","4":"has-post-thumbnail","6":"product_cat-heren-jassen-en-jacks","7":"product_cat-jassen-en-jacks","8":"product_cat-mantel-und-jacken","9":"product_cat-mantel-und-jacken-fur-herren","10":"pa_merk-dukes-forest","12":"first","13":"instock","14":"taxable","15":"shipping-taxable","16":"purchasable","17":"product-type-variable"},"df_price":249,"df_sale_price":"","df_regular_price":249,"df_image_link":"https:\/\/harristweed-shop.be\/wp-content\/uploads\/2023\/05\/041ac25f25258146df679a1ca5712a1c_Duke_s_Forest_Overjas_Met_Kraag_Inzet_Grijs_Mell_e-225x300.jpg","_links":{"self":[{"href":"https:\/\/harristweed-shop.be\/fr\/wp-json\/wp\/v2\/product\/70052","targetHints":{"allow":["GET"]}}],"collection":[{"href":"https:\/\/harristweed-shop.be\/fr\/wp-json\/wp\/v2\/product"}],"about":[{"href":"https:\/\/harristweed-shop.be\/fr\/wp-json\/wp\/v2\/types\/product"}],"wp:featuredmedia":[{"embeddable":true,"href":"https:\/\/harristweed-shop.be\/fr\/wp-json\/wp\/v2\/media\/70060"}],"wp:attachment":[{"href":"https:\/\/harristweed-shop.be\/fr\/wp-json\/wp\/v2\/media?parent=70052"}],"wp:term":[{"taxonomy":"product_brand","embeddable":true,"href":"https:\/\/harristweed-shop.be\/fr\/wp-json\/wp\/v2\/product_brand?post=70052"},{"taxonomy":"product_cat","embeddable":true,"href":"https:\/\/harristweed-shop.be\/fr\/wp-json\/wp\/v2\/product_cat?post=70052"},{"taxonomy":"product_tag","embeddable":true,"href":"https:\/\/harristweed-shop.be\/fr\/wp-json\/wp\/v2\/product_tag?post=70052"}],"curies":[{"name":"wp","href":"https:\/\/api.w.org\/{rel}","templated":true}]}}