{"id":70041,"date":"2023-05-05T17:33:36","date_gmt":"2023-05-05T17:33:36","guid":{"rendered":"https:\/\/harristweed-shop.be\/product\/dukes-forest-overjas-met-kraag-inzet-marine-2\/"},"modified":"2026-05-05T05:45:37","modified_gmt":"2026-05-05T05:45:37","slug":"dukes-forest-overjas-met-kraag-inzet-marine-2","status":"publish","type":"product","link":"https:\/\/harristweed-shop.be\/fr\/produit\/pardessus-dukes-forest-avec-insert-de-col-bleu-marine-2\/","title":{"rendered":"Pardessus Duke&#039;s Forest avec insert de col bleu marine"},"content":{"rendered":"<p>DESCRIPTION<\/p>\n<p>Magnifique pardessus de Duke&#039;s Forest.<\/p>\n<p>Manteau ajust\u00e9 \u00e0 la coupe moderne. Col confortable pour les journ\u00e9es froides.<\/p>\n<p>Deux poches fendues confortables et une poche poitrine zipp\u00e9e. Fermeture zipp\u00e9e et boutonn\u00e9e. Deux poches int\u00e9rieures.<\/p>\n<p>Magnifique m\u00e9lange de laine avec un drap\u00e9 tr\u00e8s doux ! Laine 30%, poly 70%.<\/p>","protected":false},"excerpt":{"rendered":"<p>Magnifique pardessus de Duke&#039;s Forest.<\/p>\n<p>Manteau ajust\u00e9 \u00e0 la coupe moderne. Col confortable pour les journ\u00e9es froides.<\/p>","protected":false},"featured_media":70049,"template":"","meta":[],"product_brand":[],"product_cat":[530,87],"product_tag":[],"class_list":{"0":"post-70041","1":"product","2":"type-product","3":"status-publish","4":"has-post-thumbnail","6":"product_cat-heren-jassen-en-jacks","7":"product_cat-jassen-en-jacks","8":"pa_merk-dukes-forest","10":"first","11":"instock","12":"taxable","13":"shipping-taxable","14":"purchasable","15":"product-type-variable"},"df_price":249,"df_sale_price":"","df_regular_price":249,"df_image_link":"https:\/\/harristweed-shop.be\/wp-content\/uploads\/2023\/05\/98f882490499695e83229c10d18106b3_Duke_s_Forest-225x300.jpg","_links":{"self":[{"href":"https:\/\/harristweed-shop.be\/fr\/wp-json\/wp\/v2\/product\/70041","targetHints":{"allow":["GET"]}}],"collection":[{"href":"https:\/\/harristweed-shop.be\/fr\/wp-json\/wp\/v2\/product"}],"about":[{"href":"https:\/\/harristweed-shop.be\/fr\/wp-json\/wp\/v2\/types\/product"}],"wp:featuredmedia":[{"embeddable":true,"href":"https:\/\/harristweed-shop.be\/fr\/wp-json\/wp\/v2\/media\/70049"}],"wp:attachment":[{"href":"https:\/\/harristweed-shop.be\/fr\/wp-json\/wp\/v2\/media?parent=70041"}],"wp:term":[{"taxonomy":"product_brand","embeddable":true,"href":"https:\/\/harristweed-shop.be\/fr\/wp-json\/wp\/v2\/product_brand?post=70041"},{"taxonomy":"product_cat","embeddable":true,"href":"https:\/\/harristweed-shop.be\/fr\/wp-json\/wp\/v2\/product_cat?post=70041"},{"taxonomy":"product_tag","embeddable":true,"href":"https:\/\/harristweed-shop.be\/fr\/wp-json\/wp\/v2\/product_tag?post=70041"}],"curies":[{"name":"wp","href":"https:\/\/api.w.org\/{rel}","templated":true}]}}