{"id":70017,"date":"2023-05-05T17:33:24","date_gmt":"2023-05-05T17:33:24","guid":{"rendered":"https:\/\/harristweed-shop.be\/product\/wax-coat-camel-licht-bruin\/"},"modified":"2026-05-05T05:45:37","modified_gmt":"2026-05-05T05:45:37","slug":"wax-coat-camel-licht-bruin","status":"publish","type":"product","link":"https:\/\/harristweed-shop.be\/fr\/produit\/manteau-cire-camel-marron-clair\/","title":{"rendered":"Cire DF couleur camel"},"content":{"rendered":"<p>Cette veste cir\u00e9e \u00e9l\u00e9gante et fonctionnelle de Duke&#039;s Forest est id\u00e9ale pour les journ\u00e9es froides et humides. Confectionn\u00e9e en coton cir\u00e9 100% de haute qualit\u00e9, elle offre une excellente protection contre la pluie et le vent, tout en assurant une respirabilit\u00e9 optimale pour un confort maximal.<\/p>\n<p data-start=\"702\" data-end=\"1010\">Le col c\u00f4tel\u00e9 marron apporte une touche classique et \u00e9l\u00e9gante, tout en offrant une chaleur suppl\u00e9mentaire au niveau du cou. Pratique, la veste dispose de deux poches fendues pour ranger rapidement vos mains et de deux grandes poches \u00e0 soufflet pour vos effets personnels.<\/p>\n<p data-start=\"1012\" data-end=\"1239\"> Son style intemporel et ses mat\u00e9riaux r\u00e9sistants font de cette veste un investissement dont vous profiterez pendant des ann\u00e9es.<\/p>\n<p data-start=\"1241\" data-end=\"1372\">Duke&#039;s Forest est synonyme d&#039;un savoir-faire authentique : ce manteau est enti\u00e8rement fabriqu\u00e9 en Angleterre et respire la qualit\u00e9 et la tradition.<\/p>\n<p data-start=\"1374\" data-end=\"1521\" data-is-last-node=\"\" data-is-only-node=\"\">En bref, une veste ravissante et robuste qui allie sans effort fonctionnalit\u00e9 et style \u2013 id\u00e9ale pour tous ceux qui aiment \u00eatre dehors, quel que soit le temps.<\/p>","protected":false},"excerpt":{"rendered":"<p>Cire DF couleur camel.<\/p>\n<p>Cette veste cir\u00e9e \u00e9l\u00e9gante et fonctionnelle de Duke&#039;s Forest est id\u00e9ale pour les journ\u00e9es froides et humides. Confectionn\u00e9e en coton cir\u00e9 100% de haute qualit\u00e9, elle offre une excellente protection contre la pluie et le vent, tout en assurant une respirabilit\u00e9 optimale pour un confort maximal.<\/p>","protected":false},"featured_media":70032,"template":"","meta":[],"product_brand":[],"product_cat":[530,87,482,531,1026],"product_tag":[],"class_list":{"0":"post-70017","1":"product","2":"type-product","3":"status-publish","4":"has-post-thumbnail","6":"product_cat-heren-jassen-en-jacks","7":"product_cat-jassen-en-jacks","8":"product_cat-mantel-und-jacken","9":"product_cat-mantel-und-jacken-fur-herren","10":"product_cat-wax-jackets","11":"pa_merk-dukes-forest","13":"first","14":"instock","15":"taxable","16":"shipping-taxable","17":"purchasable","18":"product-type-variable"},"df_price":189.95,"df_sale_price":"","df_regular_price":189.95,"df_image_link":"https:\/\/harristweed-shop.be\/wp-content\/uploads\/2023\/05\/241131aafc6962359f4fc413ab3be06a_Wax_Coat_Camel_licht_Bruin-225x300.jpg","_links":{"self":[{"href":"https:\/\/harristweed-shop.be\/fr\/wp-json\/wp\/v2\/product\/70017","targetHints":{"allow":["GET"]}}],"collection":[{"href":"https:\/\/harristweed-shop.be\/fr\/wp-json\/wp\/v2\/product"}],"about":[{"href":"https:\/\/harristweed-shop.be\/fr\/wp-json\/wp\/v2\/types\/product"}],"wp:featuredmedia":[{"embeddable":true,"href":"https:\/\/harristweed-shop.be\/fr\/wp-json\/wp\/v2\/media\/70032"}],"wp:attachment":[{"href":"https:\/\/harristweed-shop.be\/fr\/wp-json\/wp\/v2\/media?parent=70017"}],"wp:term":[{"taxonomy":"product_brand","embeddable":true,"href":"https:\/\/harristweed-shop.be\/fr\/wp-json\/wp\/v2\/product_brand?post=70017"},{"taxonomy":"product_cat","embeddable":true,"href":"https:\/\/harristweed-shop.be\/fr\/wp-json\/wp\/v2\/product_cat?post=70017"},{"taxonomy":"product_tag","embeddable":true,"href":"https:\/\/harristweed-shop.be\/fr\/wp-json\/wp\/v2\/product_tag?post=70017"}],"curies":[{"name":"wp","href":"https:\/\/api.w.org\/{rel}","templated":true}]}}