{"id":70016,"date":"2023-05-05T17:33:23","date_gmt":"2023-05-05T17:33:23","guid":{"rendered":"https:\/\/harristweed-shop.be\/product\/wellington-lang-lederen-jack-donkerbruin-2\/"},"modified":"2026-04-08T23:55:41","modified_gmt":"2026-04-08T23:55:41","slug":"wellington-lang-lederen-jack-donkerbruin-2","status":"publish","type":"product","link":"https:\/\/harristweed-shop.be\/fr\/produit\/veste-longue-en-cuir-wellington-marron-fonce-2\/","title":{"rendered":"Veste matelass\u00e9e en cuir Wellington \u201c Ben \u201d marron fonc\u00e9"},"content":{"rendered":"<p>La silhouette du blouson en cuir matelass\u00e9 \u201c\u00a0Ben\u00a0\u201d \u00e9voque les manteaux port\u00e9s par les propri\u00e9taires terriens lors de leurs longs voyages vers la ville. Cette version \u00e9l\u00e9gante s\u00e9duit par ses d\u00e9tails pratiques\u00a0: fermeture zipp\u00e9e avec bouton-pression sigl\u00e9, deux grandes poches plaqu\u00e9es \u00e0 rabat, ceinture au dos avec sangles lat\u00e9rales ajustables et poche zipp\u00e9e. Fermetures boutonn\u00e9es sur les c\u00f4t\u00e9s et fentes courtes aux manches assurent un confort optimal. Le blouson est impeccablement fini, avec une doublure matelass\u00e9e en nylon aux \u00e9paules pour un enfilage facile et une doublure chaude en laine aux hanches. O\u00f9 que vous le portiez, ce blouson incarne \u00e0 la perfection une esth\u00e9tique rustique et urbaine rehauss\u00e9e de touches de modernit\u00e9.<\/p>\n<p>\u2013 Une poche int\u00e9rieure pour t\u00e9l\u00e9phone portable<br \/>\u2013 \u00c9tiquette nominative<br \/>\u2013 Doublure en laine matelass\u00e9e<br \/>\u2013 Cuir nubuck d&#039;agneau souple<br \/>\u2013 Deux poches int\u00e9rieures<br \/>\u2013 Deux poches \u00e0 rabat<\/p>\n<p><b><\/b>Mensurations du mannequin\u00a0: Le mannequin mesure 189\u00a0cm et porte une taille\u00a050.<br \/>Coupe : confortable, mod\u00e8le droit<br \/>Dimensions du produit\u00a0: pour la taille 50\u00a0: \u2013 Longueur dos\u00a0: 79,5\u00a0cm \u2013 Longueur manches\u00a0: 67,5\u00a0cm \u2013 Largeur poitrine (demi-largeur)\u00a0: 61\u00a0cm<\/p>\n<p>Tissu ext\u00e9rieur : nubuck d&#039;agneau 100%<br \/>Doublure : laine 40%, polyamide 30%, polyester 25%, polyamide 5%<br \/>Doublure des manches et doublure sup\u00e9rieure\u00a0: polyester 100%<\/p>","protected":false},"excerpt":{"rendered":"<p>Veste matelass\u00e9e en cuir Wellington \u201c Ben \u201d marron fonc\u00e9 23.<\/p>\n<p>La silhouette du blouson en cuir matelass\u00e9 en losanges \u201c Ben \u201d rappelle les manteaux port\u00e9s par les propri\u00e9taires terriens lors de leurs longs voyages vers la ville.<\/p>","protected":false},"featured_media":70033,"template":"","meta":[],"product_brand":[],"product_cat":[530,864,87,482,531],"product_tag":[],"class_list":{"0":"post-70016","1":"product","2":"type-product","3":"status-publish","4":"has-post-thumbnail","6":"product_cat-heren-jassen-en-jacks","7":"product_cat-jack-3-kwart","8":"product_cat-jassen-en-jacks","9":"product_cat-mantel-und-jacken","10":"product_cat-mantel-und-jacken-fur-herren","11":"pa_merk-wellington","13":"first","14":"instock","15":"taxable","16":"shipping-taxable","17":"purchasable","18":"product-type-variable"},"df_price":499.95,"df_sale_price":"","df_regular_price":499.95,"df_image_link":"https:\/\/harristweed-shop.be\/wp-content\/uploads\/2023\/05\/bbab8ecd230cdfa2e94bc8a45fc04f3b_Lederen_Jack__gesteppt_Bruin-225x300.jpg","_links":{"self":[{"href":"https:\/\/harristweed-shop.be\/fr\/wp-json\/wp\/v2\/product\/70016","targetHints":{"allow":["GET"]}}],"collection":[{"href":"https:\/\/harristweed-shop.be\/fr\/wp-json\/wp\/v2\/product"}],"about":[{"href":"https:\/\/harristweed-shop.be\/fr\/wp-json\/wp\/v2\/types\/product"}],"wp:featuredmedia":[{"embeddable":true,"href":"https:\/\/harristweed-shop.be\/fr\/wp-json\/wp\/v2\/media\/70033"}],"wp:attachment":[{"href":"https:\/\/harristweed-shop.be\/fr\/wp-json\/wp\/v2\/media?parent=70016"}],"wp:term":[{"taxonomy":"product_brand","embeddable":true,"href":"https:\/\/harristweed-shop.be\/fr\/wp-json\/wp\/v2\/product_brand?post=70016"},{"taxonomy":"product_cat","embeddable":true,"href":"https:\/\/harristweed-shop.be\/fr\/wp-json\/wp\/v2\/product_cat?post=70016"},{"taxonomy":"product_tag","embeddable":true,"href":"https:\/\/harristweed-shop.be\/fr\/wp-json\/wp\/v2\/product_tag?post=70016"}],"curies":[{"name":"wp","href":"https:\/\/api.w.org\/{rel}","templated":true}]}}