{"id":69988,"date":"2023-05-05T17:33:14","date_gmt":"2023-05-05T17:33:14","guid":{"rendered":"https:\/\/harristweed-shop.be\/product\/wax-coat-gewatteerd-brown\/"},"modified":"2026-04-25T16:04:07","modified_gmt":"2026-04-25T16:04:07","slug":"wax-coat-gewatteerd-brown","status":"publish","type":"product","link":"https:\/\/harristweed-shop.be\/fr\/produit\/manteau-cire-rembourre-marron\/","title":{"rendered":"Cire matelass\u00e9e DF marron"},"content":{"rendered":"<p data-start=\"85\" data-end=\"368\">Cette veste cir\u00e9e \u00e9l\u00e9gante et fonctionnelle de Duke&#039;s Forest est id\u00e9ale pour les journ\u00e9es froides et humides. Confectionn\u00e9e en coton cir\u00e9 100% de haute qualit\u00e9, elle offre une excellente protection contre la pluie et le vent, tout en assurant une respirabilit\u00e9 optimale pour un confort maximal.<\/p>\n<p data-start=\"370\" data-end=\"700\">Cette veste est enti\u00e8rement rembourr\u00e9e, ce qui la rend merveilleusement chaude lors des fra\u00eeches journ\u00e9es d&#039;automne et d&#039;hiver. Gr\u00e2ce \u00e0 ses poignets ergonomiques, elle vous prot\u00e8ge efficacement du vent glacial et vous assure un confort optimal m\u00eame par mauvais temps. Son traitement imperm\u00e9able vous garantit de rester au sec en cas de pluie.<\/p>\n<p data-start=\"702\" data-end=\"1010\">Le col c\u00f4tel\u00e9 marron apporte une touche classique et \u00e9l\u00e9gante, tout en offrant une chaleur suppl\u00e9mentaire au niveau du cou. Pratique, la veste dispose de deux poches fendues pour ranger rapidement vos mains et de deux grandes poches \u00e0 soufflet pour vos effets personnels.<\/p>\n<p data-start=\"1012\" data-end=\"1239\">De plus, la veste est dot\u00e9e d&#039;une capuche assortie, vous permettant d&#039;\u00eatre toujours par\u00e9(e) en cas d&#039;averse impr\u00e9vue. Son style intemporel et ses mat\u00e9riaux r\u00e9sistants en font un investissement dont vous profiterez pendant de nombreuses ann\u00e9es.<\/p>\n<p data-start=\"1241\" data-end=\"1372\">Duke&#039;s Forest est synonyme d&#039;un savoir-faire authentique : ce manteau est enti\u00e8rement fabriqu\u00e9 en Angleterre et respire la qualit\u00e9 et la tradition.<\/p>\n<p data-start=\"1374\" data-end=\"1521\" data-is-last-node=\"\" data-is-only-node=\"\">En bref, une veste ravissante et robuste qui allie sans effort fonctionnalit\u00e9 et style \u2013 id\u00e9ale pour tous ceux qui aiment \u00eatre dehors, quel que soit le temps.<\/p>","protected":false},"excerpt":{"rendered":"<p>Manteau cir\u00e9 rembourr\u00e9 DF marron.<\/p>\n<p>Cette veste cir\u00e9e \u00e9l\u00e9gante et fonctionnelle de Duke&#039;s Forest est id\u00e9ale pour les journ\u00e9es froides et humides. Confectionn\u00e9e en coton cir\u00e9 100% de haute qualit\u00e9, elle offre une excellente protection contre la pluie et le vent, tout en assurant une respirabilit\u00e9 optimale pour un confort maximal.<\/p>","protected":false},"featured_media":70006,"template":"","meta":[],"product_brand":[],"product_cat":[530,87,482,531,1026],"product_tag":[],"class_list":{"0":"post-69988","1":"product","2":"type-product","3":"status-publish","4":"has-post-thumbnail","6":"product_cat-heren-jassen-en-jacks","7":"product_cat-jassen-en-jacks","8":"product_cat-mantel-und-jacken","9":"product_cat-mantel-und-jacken-fur-herren","10":"product_cat-wax-jackets","11":"pa_merk-dukes-forest","13":"first","14":"instock","15":"taxable","16":"shipping-taxable","17":"purchasable","18":"product-type-variable"},"df_price":189.95,"df_sale_price":"","df_regular_price":189.95,"df_image_link":"https:\/\/harristweed-shop.be\/wp-content\/uploads\/2023\/05\/cf199f09c88d1932d2565b5ccbaae3c6_Wax_Coat_Gewatteerd_Brown-225x300.jpg","_links":{"self":[{"href":"https:\/\/harristweed-shop.be\/fr\/wp-json\/wp\/v2\/product\/69988","targetHints":{"allow":["GET"]}}],"collection":[{"href":"https:\/\/harristweed-shop.be\/fr\/wp-json\/wp\/v2\/product"}],"about":[{"href":"https:\/\/harristweed-shop.be\/fr\/wp-json\/wp\/v2\/types\/product"}],"wp:featuredmedia":[{"embeddable":true,"href":"https:\/\/harristweed-shop.be\/fr\/wp-json\/wp\/v2\/media\/70006"}],"wp:attachment":[{"href":"https:\/\/harristweed-shop.be\/fr\/wp-json\/wp\/v2\/media?parent=69988"}],"wp:term":[{"taxonomy":"product_brand","embeddable":true,"href":"https:\/\/harristweed-shop.be\/fr\/wp-json\/wp\/v2\/product_brand?post=69988"},{"taxonomy":"product_cat","embeddable":true,"href":"https:\/\/harristweed-shop.be\/fr\/wp-json\/wp\/v2\/product_cat?post=69988"},{"taxonomy":"product_tag","embeddable":true,"href":"https:\/\/harristweed-shop.be\/fr\/wp-json\/wp\/v2\/product_tag?post=69988"}],"curies":[{"name":"wp","href":"https:\/\/api.w.org\/{rel}","templated":true}]}}