{"id":69756,"date":"2023-05-05T17:31:10","date_gmt":"2023-05-05T17:31:10","guid":{"rendered":"https:\/\/harristweed-shop.be\/product\/olymp-signature-overhemd-royal-blue-twill\/"},"modified":"2026-04-08T23:55:41","modified_gmt":"2026-04-08T23:55:41","slug":"olymp-signature-overhemd-royal-blue-twill","status":"publish","type":"product","link":"https:\/\/harristweed-shop.be\/fr\/produit\/chemise-signature-olympique-en-serge-bleu-roi\/","title":{"rendered":"Chemise Olymp Signature en serg\u00e9 bleu roi"},"content":{"rendered":"<p>Chemise Olymp Signature. Serg\u00e9 bleu. Magnifique chemise, parfaite pour un usage professionnel ou d\u00e9contract\u00e9.<\/p>","protected":false},"excerpt":{"rendered":"<p>Cette chemise en twill bleu uni met en valeur les finitions haut de gamme de la ligne OLYMP SIGNATURE. Le coton premium de haute qualit\u00e9, avec sa fine structure en twill, pr\u00e9sente un \u00e9clat mat \u00e9l\u00e9gant et une coupe parfaite. Des d\u00e9tails tels que des coutures rabattues faites main, des boutonni\u00e8res surjet\u00e9es, des boutons en nacre v\u00e9ritable et des bordures contrast\u00e9es \u00e0 motifs compl\u00e8tent le look. Elle arbore le col Kent embl\u00e9matique SIGNATURE.<br \/>\nMati\u00e8re : Coton 100%<\/p>","protected":false},"featured_media":69788,"template":"","meta":[],"product_brand":[],"product_cat":[507,505,86,506],"product_tag":[],"class_list":{"0":"post-69756","1":"product","2":"type-product","3":"status-publish","4":"has-post-thumbnail","6":"product_cat-dress-hemden","7":"product_cat-dress-shirts","8":"product_cat-shirts-en-overhemden","9":"product_cat-shirts-und-hemden","10":"pa_merk-olymp-signature","12":"first","13":"outofstock","14":"taxable","15":"shipping-taxable","16":"product-type-variable"},"df_price":"","df_sale_price":"","df_regular_price":"","df_image_link":"https:\/\/harristweed-shop.be\/wp-content\/uploads\/2023\/05\/83139a21fc96b66c4b9fc3bbec739b08_Olymp_Signature_Overhemd_Royal_Blue_Twill-225x300.jpg","_links":{"self":[{"href":"https:\/\/harristweed-shop.be\/fr\/wp-json\/wp\/v2\/product\/69756","targetHints":{"allow":["GET"]}}],"collection":[{"href":"https:\/\/harristweed-shop.be\/fr\/wp-json\/wp\/v2\/product"}],"about":[{"href":"https:\/\/harristweed-shop.be\/fr\/wp-json\/wp\/v2\/types\/product"}],"wp:featuredmedia":[{"embeddable":true,"href":"https:\/\/harristweed-shop.be\/fr\/wp-json\/wp\/v2\/media\/69788"}],"wp:attachment":[{"href":"https:\/\/harristweed-shop.be\/fr\/wp-json\/wp\/v2\/media?parent=69756"}],"wp:term":[{"taxonomy":"product_brand","embeddable":true,"href":"https:\/\/harristweed-shop.be\/fr\/wp-json\/wp\/v2\/product_brand?post=69756"},{"taxonomy":"product_cat","embeddable":true,"href":"https:\/\/harristweed-shop.be\/fr\/wp-json\/wp\/v2\/product_cat?post=69756"},{"taxonomy":"product_tag","embeddable":true,"href":"https:\/\/harristweed-shop.be\/fr\/wp-json\/wp\/v2\/product_tag?post=69756"}],"curies":[{"name":"wp","href":"https:\/\/api.w.org\/{rel}","templated":true}]}}