{"id":69256,"date":"2023-05-05T17:27:08","date_gmt":"2023-05-05T17:27:08","guid":{"rendered":"https:\/\/harristweed-shop.be\/product\/harris-tweed-pet-670-evergreen\/"},"modified":"2026-04-21T15:07:06","modified_gmt":"2026-04-21T15:07:06","slug":"harris-tweed-pet-670-evergreen","status":"publish","type":"product","link":"https:\/\/harristweed-shop.be\/fr\/produit\/casquette-harris-tweed-670-evergreen-2\/","title":{"rendered":"Casquette plate en tweed Harris Henry couleur vert sapin"},"content":{"rendered":"<p>Casquette plate unisexe \u201c Henry Cap \u201d en v\u00e9ritable Harris Tweed \u2013 un style empreint d&#039;h\u00e9ritage<\/p>\n<p>D\u00e9couvrez le bonnet \u201c\u00a0Henry\u00a0\u201d, un accessoire qui allie avec brio tradition, savoir-faire et \u00e9l\u00e9gance contemporaine. Confectionn\u00e9 en pure laine vierge et tiss\u00e9 \u00e0 la main dans les H\u00e9brides ext\u00e9rieures \u00e9cossaises, ce magnifique tissu incarne une \u00e9l\u00e9gance intemporelle et un v\u00e9ritable artisanat, faisant de ce bonnet bien plus qu&#039;un simple accessoire de mode.<\/p>\n<p>Casquette plate unisexe Henry Cap en v\u00e9ritable Harris Tweed \u2013 un style empreint d&#039;h\u00e9ritage<\/p>\n<p>D\u00e9couvrez la casquette Henry, un accessoire qui allie avec \u00e9l\u00e9gance tradition, savoir-faire et modernit\u00e9. Elle revisite la casquette plate classique avec une touche contemporaine. Sa calotte plate, sa visi\u00e8re flexible et sa forme ergonomique lui conf\u00e8rent une silhouette \u00e9l\u00e9gante et un confort optimal, pour le sport comme au quotidien. Port\u00e9e avec une veste en tweed, un manteau ou une tenue d\u00e9contract\u00e9e, la casquette Henry sublime votre style et affirme votre personnalit\u00e9.<\/p>\n<p>La casquette plate, accessoire incontournable des tenues de travail et de chasse des ann\u00e9es 1930, est devenue un \u00e9l\u00e9ment essentiel du style d\u00e9contract\u00e9 chic. La casquette Henry perp\u00e9tue cette tradition en l&#039;inscrivant dans la modernit\u00e9 avec un style raffin\u00e9. Mod\u00e8le unisexe, elle convient aussi bien aux hommes qu&#039;aux femmes et se pr\u00eate \u00e0 un style classique ou contemporain, selon la tenue.<\/p>\n<p>Affirmez votre style et votre \u00e9l\u00e9gance avec un accessoire charg\u00e9 d&#039;histoire\u00a0: la casquette Henry en tweed Harris \u2013 un incontournable pour tous ceux qui appr\u00e9cient la mode de caract\u00e8re.<\/p>\n<p>\u2013 Fabriqu\u00e9 en v\u00e9ritable Harris Tweed 100%<br \/>\n<br \/>\u2013 Des mod\u00e8les assortis aux vestes et gilets Harris Tweed<br \/>\ngrand confort de port<\/p>\n<p>Coupe\u00a0: La taille du chapeau est indiqu\u00e9e en centim\u00e8tres. Mesurez votre tour de t\u00eate pour d\u00e9terminer la taille id\u00e9ale.<\/p>\n<p>Tissu ext\u00e9rieur : laine vierge 100%<br \/>Doublure : polyester 100%<\/p>","protected":false},"excerpt":{"rendered":"<p>Casquette plate en tweed Harris Henry couleur vert sapin 670. <\/p>\n<p>D\u00e9couvrez le bonnet \u201c\u00a0Henry\u00a0\u201d, un accessoire qui allie avec brio tradition, savoir-faire et \u00e9l\u00e9gance contemporaine. Confectionn\u00e9 en pure laine vierge et tiss\u00e9 \u00e0 la main dans les H\u00e9brides ext\u00e9rieures \u00e9cossaises, ce magnifique tissu incarne une \u00e9l\u00e9gance intemporelle et un v\u00e9ritable artisanat, faisant de ce bonnet bien plus qu&#039;un simple accessoire de mode.<\/p>","protected":false},"featured_media":537400,"template":"","meta":[],"product_brand":[],"product_cat":[1166,1120,1119,1164,433,547,542,83],"product_tag":[],"class_list":{"0":"post-69256","1":"product","2":"type-product","3":"status-publish","4":"has-post-thumbnail","6":"product_cat-harris-tweed-caps-schiebermutze","7":"product_cat-harris-tweed-flat-caps-harris-tweed-hoeden-petten-en-caps","8":"product_cat-harris-tweed-hoeden-petten-en-caps","9":"product_cat-harris-tweed-mutzen-und-hute","10":"product_cat-harris-tweed-petten","11":"product_cat-harris-tweed-mutzen","12":"product_cat-hute-und-caps","13":"product_cat-petten-en-caps","14":"pa_merk-harristweed","16":"first","17":"instock","18":"taxable","19":"shipping-taxable","20":"purchasable","21":"product-type-variable"},"df_price":69.95,"df_sale_price":"","df_regular_price":69.95,"df_image_link":"https:\/\/harristweed-shop.be\/wp-content\/uploads\/2023\/05\/51b45379dc46d0fe87874781b2ff4967_Harris_Tweed_Pet_670_Evergreen-225x300.jpeg","_links":{"self":[{"href":"https:\/\/harristweed-shop.be\/fr\/wp-json\/wp\/v2\/product\/69256","targetHints":{"allow":["GET"]}}],"collection":[{"href":"https:\/\/harristweed-shop.be\/fr\/wp-json\/wp\/v2\/product"}],"about":[{"href":"https:\/\/harristweed-shop.be\/fr\/wp-json\/wp\/v2\/types\/product"}],"wp:featuredmedia":[{"embeddable":true,"href":"https:\/\/harristweed-shop.be\/fr\/wp-json\/wp\/v2\/media\/537400"}],"wp:attachment":[{"href":"https:\/\/harristweed-shop.be\/fr\/wp-json\/wp\/v2\/media?parent=69256"}],"wp:term":[{"taxonomy":"product_brand","embeddable":true,"href":"https:\/\/harristweed-shop.be\/fr\/wp-json\/wp\/v2\/product_brand?post=69256"},{"taxonomy":"product_cat","embeddable":true,"href":"https:\/\/harristweed-shop.be\/fr\/wp-json\/wp\/v2\/product_cat?post=69256"},{"taxonomy":"product_tag","embeddable":true,"href":"https:\/\/harristweed-shop.be\/fr\/wp-json\/wp\/v2\/product_tag?post=69256"}],"curies":[{"name":"wp","href":"https:\/\/api.w.org\/{rel}","templated":true}]}}